{"id":1089,"date":"2015-02-26T12:10:19","date_gmt":"2015-02-26T19:10:19","guid":{"rendered":"http:\/\/bancoinfo.panorama-agro.com\/?page_id=1089"},"modified":"2018-04-16T15:49:28","modified_gmt":"2018-04-16T21:49:28","slug":"caracteristicas-descriptivas-y-requerimientos-agroecologicos","status":"publish","type":"page","link":"https:\/\/panorama-agro.com\/?page_id=1089","title":{"rendered":"Caracter\u00edsticas descriptivas y requerimientos agroecol\u00f3gicos del sorgo"},"content":{"rendered":"<h5>Caracter\u00edsticas descriptivas<\/h5>\n<p><strong>Cultivo:<\/strong> Sorgo.<\/p>\n<p><strong>Nombre cient\u00edfico:<\/strong> <em>Sorghum bicolor<\/em> (L) Moench.<\/p>\n<p><strong>Familia:<\/strong> Poaceae (Gramineae).<\/p>\n<p><strong>Origen:<\/strong> Etiop\u00eda.<\/p>\n<p><strong>Distribuci\u00f3n:<\/strong> 40\u00b0 Latitud Norte y Lat. Sur.<\/p>\n<p><strong>\u00c1rea de adaptaci\u00f3n:<\/strong> Regiones templadas y subtropicales.<\/p>\n<p><strong>Ciclo vegetativo:<\/strong> 90 a 120 d\u00edas.<\/p>\n<h5>Requerimientos clim\u00e1ticos<\/h5>\n<p><strong>Fotoperiodo:<\/strong> Especie de d\u00eda corto, aunque hay cultivares de d\u00eda neutro. La formaci\u00f3n de la panoja y la floraci\u00f3n se aceleran en d\u00edas cortos y se retrasan en d\u00edas largos.<\/p>\n<p><strong>Altitud:<\/strong> Desde 0 hasta 1700 metros.<\/p>\n<p><strong>Precipitaci\u00f3n:<\/strong> 450-650 mm\/ciclo, siendo la etapa m\u00e1s cr\u00edtica de embuche a llenado de grano. Tiene alta tolerancia a sequ\u00eda y a ciertos per\u00edodos de encharcamientos. Tiene habilidad para parar el crecimiento ante la sequ\u00eda y reanudarlo despu\u00e9s de \u00e9sta (Baradas, 1994). En condiciones en que la evapotranspiraci\u00f3n m\u00e1xima es de 5 a 6 mm\/d\u00eda, se puede agotar alrededor del 55% del agua total disponible en el suelo, sin reducir la absorci\u00f3n de agua. Durante la maduraci\u00f3n se puede agotar incluso hasta el 80% (Doorenbos y Kassam, 1979).<\/p>\n<p><strong>Temperatura:<\/strong> La estaci\u00f3n de crecimiento para esta especie comienza y se mantiene mientras la temperatura media diaria sea igual o superior a 18\u00b0 C. La temperatura umbral m\u00ednima para germinaci\u00f3n es de 10\u00b0C. La temperatura \u00f3ptima para crecimiento est\u00e1 entre 26.7 y 29.4\u00baC, mientras que la m\u00ednima para germinaci\u00f3n es de 7.2-10\u00baC y la m\u00ednima para crecimiento es de 15.6\u00baC. Temperaturas arriba de 38\u00baC son da\u00f1inas. La temperatura base para la etapa siembra-floraci\u00f3n est\u00e1 entre 12.7 y 15.2\u00b0C para genotipos de origen templado, y, entre 14.6 y 15.7\u00b0C para genotipos de origen tropical (Ruiz y Soltero, 1993).<\/p>\n<p><strong>Luz:<\/strong> Requiere abundante iluminaci\u00f3n, sobre todo durante la etapa reproductiva.<\/p>\n<h5>Requerimientos del suelo<\/h5>\n<p><strong>Textura:<\/strong> Prefiere suelos franco-limosos, franco-arcillo-limosos, no calc\u00e1reos. En otro tipo de texturas, basta con que haya un buen drenaje (Benacchio, 1982). Prospera en suelos de textura ligera a mediana (Doorenbos y Kassam, 1979). Los suelos m\u00e1s favorables son lo de textura ligera (Purseglove, 1985).<\/p>\n<p><strong>Profundidad:<\/strong> Normalmente, cuando el sorgo est\u00e1 plenamente desarrollado, el 100% del agua se extrae de la primera capa de 1 a 2 m (Doorenbos y Kassam, 1979). Requiere suelos de mediana profundidad (FAO, 1994).<\/p>\n<p><strong>Salinidad:<\/strong> El sorgo se considera un cultivo moderadamente tolerante a la salinidad del suelo. La disminuci\u00f3n de rendimiento debida a la salinidad del suelo, bajo riego, es: 0% para una conductividad el\u00e9ctrica de 4 mmhos\/cm; 10% para 5.1 mmhos\/cm; 25% para 7.2 mmhos\/cm; 50% para 11 mmhos\/cm y 100% para 18 mmhos\/cm (Doorenbos y Kassam, 1979).<\/p>\n<p><strong>pH:<\/strong> Su rango de pH est\u00e1 entre 5.0 y 8.5, con un \u00f3ptimo alrededor de 7.0 (Purseglove, 1985; FAO, 1994).<\/p>\n<p><strong>Drenaje:<\/strong> Requiere suelos con buen drenaje (FAO, 1994).<\/p>\n","protected":false},"excerpt":{"rendered":"<p>Caracter\u00edsticas descriptivas Cultivo: Sorgo. Nombre cient\u00edfico: Sorghum bicolor (L) Moench. Familia: Poaceae (Gramineae). Origen: Etiop\u00eda. Distribuci\u00f3n: 40\u00b0 Latitud Norte y Lat. Sur. \u00c1rea de adaptaci\u00f3n: Regiones<span class=\"excerpt-hellip\"> [\u2026]<\/span><\/p>\n","protected":false},"author":4,"featured_media":2067,"parent":24,"menu_order":0,"comment_status":"open","ping_status":"open","template":"","meta":{"ngg_post_thumbnail":0,"jetpack_post_was_ever_published":false,"footnotes":""},"categories":[11],"tags":[],"acf":[],"jetpack_sharing_enabled":true,"jetpack_shortlink":"https:\/\/wp.me\/P5Aau3-hz","_links":{"self":[{"href":"https:\/\/panorama-agro.com\/index.php?rest_route=\/wp\/v2\/pages\/1089"}],"collection":[{"href":"https:\/\/panorama-agro.com\/index.php?rest_route=\/wp\/v2\/pages"}],"about":[{"href":"https:\/\/panorama-agro.com\/index.php?rest_route=\/wp\/v2\/types\/page"}],"author":[{"embeddable":true,"href":"https:\/\/panorama-agro.com\/index.php?rest_route=\/wp\/v2\/users\/4"}],"replies":[{"embeddable":true,"href":"https:\/\/panorama-agro.com\/index.php?rest_route=%2Fwp%2Fv2%2Fcomments&post=1089"}],"version-history":[{"count":2,"href":"https:\/\/panorama-agro.com\/index.php?rest_route=\/wp\/v2\/pages\/1089\/revisions"}],"predecessor-version":[{"id":3049,"href":"https:\/\/panorama-agro.com\/index.php?rest_route=\/wp\/v2\/pages\/1089\/revisions\/3049"}],"up":[{"embeddable":true,"href":"https:\/\/panorama-agro.com\/index.php?rest_route=\/wp\/v2\/pages\/24"}],"wp:featuredmedia":[{"embeddable":true,"href":"https:\/\/panorama-agro.com\/index.php?rest_route=\/wp\/v2\/media\/2067"}],"wp:attachment":[{"href":"https:\/\/panorama-agro.com\/index.php?rest_route=%2Fwp%2Fv2%2Fmedia&parent=1089"}],"wp:term":[{"taxonomy":"category","embeddable":true,"href":"https:\/\/panorama-agro.com\/index.php?rest_route=%2Fwp%2Fv2%2Fcategories&post=1089"},{"taxonomy":"post_tag","embeddable":true,"href":"https:\/\/panorama-agro.com\/index.php?rest_route=%2Fwp%2Fv2%2Ftags&post=1089"}],"curies":[{"name":"wp","href":"https:\/\/api.w.org\/{rel}","templated":true}]}}