{"id":1091,"date":"2015-02-26T12:13:30","date_gmt":"2015-02-26T19:13:30","guid":{"rendered":"http:\/\/bancoinfo.panorama-agro.com\/?page_id=1091"},"modified":"2018-04-16T15:49:01","modified_gmt":"2018-04-16T21:49:01","slug":"guia-de-manejo","status":"publish","type":"page","link":"https:\/\/panorama-agro.com\/?page_id=1091","title":{"rendered":"Gu\u00eda de manejo del sorgo"},"content":{"rendered":"<h5>H\u00edbridos<\/h5>\n<p>La elecci\u00f3n de la semilla debe considerar la fecha de siembra, ya sea temprana, intermedia o tard\u00eda, condici\u00f3n de terreno y si se desea dejar la soca para segundo cultivo. Los principales h\u00edbridos que se siembran en Sinaloa son: Ambar, Kilate, Niquel, Galio, Az400, D47, Dks-26, Dks-28, Dks-32, Dks-40 , Dks-43, Dk-67, Perla 101, Amarillo Precoz, D-55, R-109, Nk-180, INIA RB3030, NK 233, NK 308, Wac 672, Wac 694, Pagador Asgrow Dorado M, Pioneer 8172, Asgrow Diamante, Asgrow Esmeralda, Pioneer 8310, D-55, R-109, MAS-330, MAS-302 Y MAS W-348, entre otros.<\/p>\n<h5>Siembra<\/h5>\n<p>Para el oto\u00f1o-invierno, en el Valle de Culiac\u00e1n, la fecha de siembra sugerida es del 1 de noviembre al 15 de diciembre.<\/p>\n<p>En el norte de Sinaloa, en suelos de aluvi\u00f3n se puede establecer del 15 de enero al 10 de marzo y en barrial del 15 de enero al 28 de febrero. Siembras m\u00e1s tard\u00edas son m\u00e1s atacadas por la mosquita del sorgo.<\/p>\n<p>En el Valle de Culiac\u00e1n, los h\u00edbridos tard\u00edos se sugiere sembrarlos del 15 de diciembre al 20 de enero. Intermedios del 15 de enero al 20 de febrero y precoces del 15 de febrero al 10 de marzo.<\/p>\n<p>La siembra se puede realizar en seco o en h\u00famedo en suelos de barrial y s\u00f3lo en h\u00famedo en terrenos de aluvi\u00f3n, en surcos separados a 70-80 cm.<\/p>\n<p>En barrial, siembre en seco en el lomo del surco, a 3 cm de profundidad e inmediatamente despu\u00e9s aplique el riego de germinaci\u00f3n, a trasporo. En aluvi\u00f3n, d\u00e9 un paso de rastra despu\u00e9s del riego de presiembra y siembre a chorrillo en el fondo del surco, utilizando de 15 a 18 kg\/ha de semilla.<\/p>\n<p>La poblaci\u00f3n adecuada para surcos a 70 cent\u00edmetros es de 20-25 semillas por metro, para una poblaci\u00f3n final de 18 a 22 plantas por metro de surco.<\/p>\n<h5>Riegos<\/h5>\n<p>Mantenga suficiente humedad en los periodos cr\u00edticos de la planta: germinaci\u00f3n, embuche, floraci\u00f3n y madurez lechosa, con tres riegos de auxilio.<br \/>\nEn barrial, el primer auxilio debe aplicarse entre los 35-40 d\u00edas despu\u00e9s del riego de germinaci\u00f3n; el segundo a los 55-65 d\u00edas y el tercero a los 85-90 d\u00edas, en la etapa de floraci\u00f3n a madurez lechosa.<\/p>\n<h5>Fertilizaci\u00f3n<\/h5>\n<p>Por lo general se requieren de 180 a 250 kg. de N\/ha., pero la dosis se debe precisar haciendo un an\u00e1lisis de suelo previo a la siembra.<\/p>\n<p>En caso de f\u00f3sforo y potasio, las cantidades var\u00edan de acuerdo al manejo y tipo de suelo.<\/p>\n<p>Se puede aplicar el 50% de nitr\u00f3geno en presiembra y el resto al primer cultivo; o bien, la totalidad de nitr\u00f3geno en presiembra, en suelos tanto en arcillosos como en aluviones profundos.<\/p>\n<p>En caso de aplicar fertilizantes fosfatados y pot\u00e1sicos, se debe hacer en presiembra, ya que la movilidad de \u00e9stos es menor que la del nitr\u00f3geno.<\/p>\n<h5>Labores de cultivo<\/h5>\n<p>D\u00e9 un paso de cultivadora y un deshiebre despu\u00e9s de la nacencia y repita la operaci\u00f3n despu\u00e9s del primer riego de auxilio.<\/p>\n<p>Para el control qu\u00edmico aplique herbicidas en pre y postemergencia, de manera similar a los productos y dosis recomendados para el cultivo del ma\u00edz.<br \/>\nNormalmente es suficiente 1.0 kgs de Gesaprim por hect\u00e1rea.<\/p>\n<h5>Plagas<\/h5>\n<p>Proteja su cultivo contra plagas en las etapas de desarrollo inicial, floraci\u00f3n y formaci\u00f3n de grano.<\/p>\n<p>&nbsp;<\/p>\n<div id=\"attachment_485\" style=\"width: 460px\" class=\"wp-caption aligncenter\"><a href=\"https:\/\/panorama-agro.com\/wp-content\/uploads\/2015\/02\/Agrotis-ipsilon-larva-John-Capinera-University-of-Florida-Bugwood.org_.jpg\"><img aria-describedby=\"caption-attachment-485\" decoding=\"async\" loading=\"lazy\" class=\"wp-image-485 size-medium\" src=\"https:\/\/panorama-agro.com\/wp-content\/uploads\/2015\/02\/Agrotis-ipsilon-larva-John-Capinera-University-of-Florida-Bugwood.org_-450x293.jpg\" alt=\"Larva de gusano trozador (John Capinera, University of Florida, Bugwood.org)\" width=\"450\" height=\"293\" srcset=\"https:\/\/panorama-agro.com\/wp-content\/uploads\/2015\/02\/Agrotis-ipsilon-larva-John-Capinera-University-of-Florida-Bugwood.org_-450x293.jpg 450w, https:\/\/panorama-agro.com\/wp-content\/uploads\/2015\/02\/Agrotis-ipsilon-larva-John-Capinera-University-of-Florida-Bugwood.org_.jpg 1600w, https:\/\/panorama-agro.com\/wp-content\/uploads\/2015\/02\/Agrotis-ipsilon-larva-John-Capinera-University-of-Florida-Bugwood.org_-720x469.jpg 720w\" sizes=\"(max-width:767px) 450px, 450px\" \/><\/a><p id=\"caption-attachment-485\" class=\"wp-caption-text\">Larva de gusano trozador (John Capinera, University of Florida, Bugwood.org)<\/p><\/div>\n<p>Contra <a href=\"https:\/\/panorama-agro.com\/?p=1520\"><strong>trozadores<\/strong><\/a>, aplique cuando haya focos de infestaci\u00f3n. Para pulg\u00f3n del follaje se sugiere el tratamiento cuando empiece a notarse el incremento de esta plaga en las plantas peque\u00f1as.<\/p>\n<p>Para combatir al gusano cogollero puede emplear insecticidas al encontrar 20% o m\u00e1s de plantas da\u00f1adas. Los productos recomendados son Clorpirifos, en dosis de 360 gramos de ingrediente activo por hect\u00e1rea \u00f3 125 de Permetrina.<\/p>\n<p>Contra mosquita del sorgo aplique cuando se observen dos o m\u00e1s adultos en promedio sobre las panojas; es conveniente considerar el clima predominante y la etapa del cultivo para no hacer aplicaciones antes de tiempo o cuando el da\u00f1o ha sido grave.<\/p>\n<p>&nbsp;<\/p>\n<div id=\"attachment_1129\" style=\"width: 308px\" class=\"wp-caption aligncenter\"><a href=\"https:\/\/panorama-agro.com\/wp-content\/uploads\/2015\/02\/Contarinia-sorghicola.jpg\"><img aria-describedby=\"caption-attachment-1129\" decoding=\"async\" loading=\"lazy\" class=\"wp-image-1129 size-medium\" src=\"https:\/\/panorama-agro.com\/wp-content\/uploads\/2015\/02\/Contarinia-sorghicola-298x450.jpg\" alt=\"Adulto de Mosquita midge\" width=\"298\" height=\"450\" srcset=\"https:\/\/panorama-agro.com\/wp-content\/uploads\/2015\/02\/Contarinia-sorghicola-298x450.jpg 298w, https:\/\/panorama-agro.com\/wp-content\/uploads\/2015\/02\/Contarinia-sorghicola.jpg 677w\" sizes=\"(max-width:767px) 298px, 298px\" \/><\/a><p id=\"caption-attachment-1129\" class=\"wp-caption-text\">Adulto de Mosquita midge<\/p><\/div>\n<p><strong><a href=\"https:\/\/panorama-agro.com\/?p=1128\">Mosquita Midge. <em>Contarinia sorghicola<\/em><\/a>.<\/strong> Es la plaga m\u00e1s importante del cultivo de sorgo en todas las zonas productoras del pa\u00eds. Los adultos pueden verse volando durante las primeras horas de la ma\u00f1ana alrededor de las panojas en floraci\u00f3n, consider\u00e1ndose \u00e9stas las horas m\u00e1s apropiadas para el monitoreo.<\/p>\n<p>Los cultivos con altas infestaciones presentan panojas que cambian de color rojo a gris, como consecuencia del da\u00f1o por avanamiento del grano en la panoja.<\/p>\n<p>El adulto mide 1.3 a 1.6 mil\u00edmetros de largo, tiene la cabeza amarilla, antenas y patas pardas, t\u00f3rax y abdomen rojo anaranjado y alas hialinas gris\u00e1ceas. Cada hembra deposita unos 75 huevos en las espiguillas en flor, durante su corta vida de un d\u00eda.<\/p>\n<p>Los huevecillos son de forma cil\u00edndrica de 0.1 a 0.4 mil\u00edmetros e incuban en 2 o 3 d\u00edas. Inicialmente las larvas son incoloras, pero completamente desarrolladas son de color anaranjado oscuro. Las larvas completan su desarrollo de 9 a 11 d\u00edas pupando debajo de la gluma. Poco antes de la emergencia del adulto, la pupa se abre camino hacia el \u00e1pice de la espiguilla hasta que cerca de tres cuartos de la longitud de la pupa sobresale de la punta. Cuando el adulto emerge, la piel blanca de la pupa permanece en la espiguilla. El per\u00edodo de pupa se completa en tres d\u00edas y una generaci\u00f3n completa toma de 14 a 16 d\u00edas. Un per\u00edodo de letargo ocurre durante el estad\u00edo larval en un capullo dentro de la espiguilla. El desarrollo tan r\u00e1pido del insecto permite que ocurran de 9 a 12 generaciones durante una temporada y tiene como resultado la acumulaci\u00f3n de altas infestaciones cuando la floraci\u00f3n del sorgo se extiende a causa de una amplia gama de fechas de siembra o de maduraci\u00f3n.<\/p>\n<p>Para determinar la presencia de la mosca midge la inspecci\u00f3n debe realizarse a media ma\u00f1ana o poco despu\u00e9s del medio d\u00eda.<\/p>\n<p>&nbsp;<\/p>\n<div id=\"attachment_1136\" style=\"width: 460px\" class=\"wp-caption aligncenter\"><a href=\"https:\/\/panorama-agro.com\/wp-content\/uploads\/2015\/02\/Melanaphis-sacchari-Ninfas-y-adulto-Texas-AM-AgriLife-Extension-Service-photo-by-Dr.-Pat-Porter.jpg\"><img aria-describedby=\"caption-attachment-1136\" decoding=\"async\" loading=\"lazy\" class=\"wp-image-1136 size-medium\" src=\"https:\/\/panorama-agro.com\/wp-content\/uploads\/2015\/02\/Melanaphis-sacchari-Ninfas-y-adulto-Texas-AM-AgriLife-Extension-Service-photo-by-Dr.-Pat-Porter-450x348.jpg\" alt=\"Ninfas y adulto de pulg\u00f3n amarillo ( Texas A&amp;M AgriLife Extension Service photo by Dr. Pat Porter)\" width=\"450\" height=\"348\" srcset=\"https:\/\/panorama-agro.com\/wp-content\/uploads\/2015\/02\/Melanaphis-sacchari-Ninfas-y-adulto-Texas-AM-AgriLife-Extension-Service-photo-by-Dr.-Pat-Porter-450x348.jpg 450w, https:\/\/panorama-agro.com\/wp-content\/uploads\/2015\/02\/Melanaphis-sacchari-Ninfas-y-adulto-Texas-AM-AgriLife-Extension-Service-photo-by-Dr.-Pat-Porter-720x556.jpg 720w, https:\/\/panorama-agro.com\/wp-content\/uploads\/2015\/02\/Melanaphis-sacchari-Ninfas-y-adulto-Texas-AM-AgriLife-Extension-Service-photo-by-Dr.-Pat-Porter.jpg 1024w\" sizes=\"(max-width:767px) 450px, 450px\" \/><\/a><p id=\"caption-attachment-1136\" class=\"wp-caption-text\">Ninfas y adulto de pulg\u00f3n amarillo ( Texas A&amp;M AgriLife Extension Service photo by Dr. Pat Porter)<\/p><\/div>\n<p><strong><a href=\"https:\/\/panorama-agro.com\/?p=1135\">Pulg\u00f3n amarillo. <em>Melanaphis sacchari<\/em> (Zehntner)<\/a>.<\/strong> El origen de esta especie se localiza en Africa y actualmente se distribuye en diversos pa\u00edses de Asia, Australia, el Lejano Oriente, el Caribe, Centro y Sudam\u00e9rica. Se desconoce c\u00f3mo invadi\u00f3 esta plaga a M\u00e9xico.<\/p>\n<p><em>Descripci\u00f3n.<\/em> El pulg\u00f3n amarillo mide 2 mm en su estado adulto. Tiene dos estructuras en la parte posterior del abdomen llamadas \u201csif\u00fanculos\u201d o \u201ccorn\u00edculos\u201d de color negro. Aunque los pulgones son de color amarillo durante la mayor parte de su ciclo, los adultos en ocasiones se tornan pardos o gris\u00e1ceos. La mayor parte del a\u00f1o no tienen alas, pero en condiciones de escasez de alimento o de clima adverso, \u00e9stos desarrollan alas para emigrar.<\/p>\n<p><em>Biolog\u00eda.<\/em> Las formas \u00e1pteras de los pulgones se reproducen asexualmente, las hembras producen s\u00f3lo hembras. En su etapa migratoria cuando se producen las formas aladas (machos y hembras), la reproducci\u00f3n es sexual. Su tasa de reproducci\u00f3n es muy alta ya que cada hembra produce una progenie de m\u00e1s de 100 individuos, adem\u00e1s de tener un ciclo de vida corto (3-4 semanas), con m\u00faltiples generaciones por a\u00f1o.<\/p>\n<p><em>Plantas Hospederas.<\/em> Todas las especies vegetales de las que se alimenta el pulg\u00f3n amarillo pertenecen a la familia Poaceae, es decir gram\u00edneas. Los cultivos que ataca el pulg\u00f3n amarillo son el sorgo, ca\u00f1a de az\u00facar, mijo, trigo, avena, cebada, arroz y ma\u00edz. El sorgo es el cultivo preferido de esta plaga. Adem\u00e1s su rango de hospederos se extiende a otras especies de pastos y zacates silvestres, entre los que destacan el zacate Johnson y la ca\u00f1ita.<\/p>\n<p><em>Da\u00f1os.<\/em> Los da\u00f1os directos se derivan de la succi\u00f3n de la savia en las hojas, las que se tornan rojizas por las lesiones. Los da\u00f1os indirectos incluyen: (a) la formaci\u00f3n de fumagina, un hongo asociado a la mielecilla que excrementan los pulgones, lo que reduce la fotos\u00edntesis; (b) la transmisi\u00f3n de enfermedades virales; y (c) dificultad en la cosecha por el exceso de mielecilla en el follaje y grano. Las p\u00e9rdidas en el rendimiento var\u00edan entre el 20 y 100%<\/p>\n<p><strong>Manejo Integrado de pulg\u00f3n amarillo<br \/>\n<\/strong><\/p>\n<p><em>Muestreo.<\/em> Deber\u00e1 iniciar desde la emergencia de las pl\u00e1ntulas y continuar monitoreando en forma permanente hasta que las plantas alcancen la madurez fisiol\u00f3gica. Se deber\u00e1 muestrear las orillas y centro de la parcela. Muestrear particularmente el env\u00e9s de las hojas, ya que all\u00ed se localiza la mayor\u00eda de los pulgones. El uso de trampas amarillas pegajosas en las orillas de las parcelas ayudar\u00e1 a detectar las poblaciones aladas emigrantes.<\/p>\n<p><em>Control cultural.<\/em> Destruir la soca tan pronto termine la cosecha. Eliminar la maleza durante el desarrollo del cultivo y per\u00edodo de descanso, particularmente los sorgos voluntarios y las hospederas alternantes como zacate Johnson y ca\u00f1ita. Aplicar el paquete tecnol\u00f3gico de sorgo para la regi\u00f3n en tiempo y forma, ya que el estr\u00e9s h\u00eddrico y deficiencias nutricionales aumentan la susceptibilidad de las plantas al ataque del pulg\u00f3n amarillo.<\/p>\n<p><em>Tratamiento de semilla.<\/em> El uso de insecticidas sist\u00e9micos aplicados a la semilla protege las pl\u00e1ntulas de insectos chupadores durante los primeros 30 d\u00edas despu\u00e9s de la emergencia. Consultar las dosis y productos recomendados en la regi\u00f3n.<\/p>\n<p><em>Tolerancia varietal.<\/em> Durante el ciclo P-V de 2013 se observ\u00f3 ciertas diferencias en la susceptibilidad de las variedades de sorgo al da\u00f1o del pulg\u00f3n amarillo, sin embargo los resultados no son concluyentes. Esta estrategia de combate deber\u00e1 ser una de las m\u00e1s importantes contra esta plaga en el corto plazo, una vez que se realicen los estudios pertinentes en la regi\u00f3n, tal y como se ha demostrado en otros pa\u00edses.<\/p>\n<p><em>Control biol\u00f3gico.<\/em> Ante la situaci\u00f3n emergente que representa una plaga nueva, el uso de los enemigos naturales (depredadores, parasitoides y entomopat\u00f3genos) deber\u00e1 ser la piedra angular en el manejo integrado del pulg\u00f3n amarillo.<\/p>\n<p><em>Control qu\u00edmico.<\/em> Deber\u00e1 ser la \u00faltima alternativa de combate, para evitar la resurgencia de la plaga, eliminaci\u00f3n de los enemigos naturales y la inducci\u00f3n de resistencia a los insecticidas. En virtud de que se trata de una plaga nueva, no existe un listado de plaguicidas autorizados.<\/p>\n<p><a href=\"\/?cat=71\">Ver fotograf\u00edas de plagas.<\/a><\/p>\n<h5>Enfermedades.<\/h5>\n<p>Bajo las condiciones de Sinaloa, el sorgo pr\u00e1cticamente no tiene problemas por enfermedades de importancia, sin embargo, debe estar alerta contra la enfermedad del ergot.<\/p>\n<p>&nbsp;<\/p>\n<div id=\"attachment_1336\" style=\"width: 460px\" class=\"wp-caption aligncenter\"><a href=\"https:\/\/panorama-agro.com\/wp-content\/uploads\/2015\/03\/Sorgo-Sphacelia-sorghi-3-Gary-Odvody-Texas-AM-University.jpg\"><img aria-describedby=\"caption-attachment-1336\" decoding=\"async\" loading=\"lazy\" class=\"wp-image-1336 size-medium\" src=\"https:\/\/panorama-agro.com\/wp-content\/uploads\/2015\/03\/Sorgo-Sphacelia-sorghi-3-Gary-Odvody-Texas-AM-University-450x334.jpg\" alt=\"Ergot del sorgo.\" width=\"450\" height=\"334\" srcset=\"https:\/\/panorama-agro.com\/wp-content\/uploads\/2015\/03\/Sorgo-Sphacelia-sorghi-3-Gary-Odvody-Texas-AM-University-450x334.jpg 450w, https:\/\/panorama-agro.com\/wp-content\/uploads\/2015\/03\/Sorgo-Sphacelia-sorghi-3-Gary-Odvody-Texas-AM-University-720x534.jpg 720w, https:\/\/panorama-agro.com\/wp-content\/uploads\/2015\/03\/Sorgo-Sphacelia-sorghi-3-Gary-Odvody-Texas-AM-University.jpg 870w\" sizes=\"(max-width:767px) 450px, 450px\" \/><\/a><p id=\"caption-attachment-1336\" class=\"wp-caption-text\">Ergot del sorgo.<\/p><\/div>\n<p>El <a href=\"https:\/\/panorama-agro.com\/?p=1157\"><strong>ergot del sorgo <em>Claviceps africana<\/em> (<em>Sphacelia sorghi<\/em>)<\/strong><\/a> puede presentarse durante la floraci\u00f3n, cuando el micelio de una espora invade el ovario de la florecilla y no permite la formaci\u00f3n del grano, en su lugar se desarrollan las hifas que emergen de la superficie del ovario en masas brillantes, produciendo una secreci\u00f3n como mielecilla la cual a menudo se torna de color rosada y es conspicua en pan\u00edculas infectadas, como gotitas pegajosas. La infecci\u00f3n solo puede ocurrir si se presentan tres condiciones a la vez: la floraci\u00f3n del sorgo, temperaturas templadas entre 19 y 21\u00ba C y una humedad relativa mayor a 70%.<\/p>\n<p>El ergot, produce alcaloides t\u00f3xicos que limitan el uso del grano para alimentaci\u00f3n.<\/p>\n<p>El pat\u00f3geno es transportado cuando se pega a la ropa, en la maquinaria, en el cuerpo, en las patitas de insectos o simplemente por el viento, por lo que es capaz de recorrer grandes distancias en corto tiempo, desde que aparece por primera vez.<\/p>\n<p>El hongo ataca \u00fanicamente ovarios no fecundados generalmente de los lotes de reproducci\u00f3n de semilla (hembras) y en raras ocasiones en sorgos para grano, cuando hay esterilidad en el polen. El polen se puede esterilizar cuando hay bajas temperaturas (alrededor de 12 \u00baC) y altas temperaturas (cercanas a los 40 \u00baC) y sequ\u00eda durante el per\u00edodo anterior a la floraci\u00f3n, de dos a tres semanas.<\/p>\n<p>Debe tenerse precauci\u00f3n para identificar bien los s\u00edntomas, ya que el hongo no es el \u00fanico causal de la exudaci\u00f3n de mielecilla. Insectos como pulgones tambi\u00e9n secretan mielecilla pegajosa que es frecuentemente mezclada con los residuos blancos de larvas de otros insectos.<\/p>\n<p>Por ser una enfermedad del ovario, el ergot reduce la cantidad de grano en lotes de producci\u00f3n de semilla, porque las flores no producen grano.<\/p>\n<p>Para prevenir la incidencia de la enfermedad se sugiere usar h\u00edbridos debidamente probados, preferentemente que produzcan grandes cantidades de polen, y sembrar en las fechas de siembra sugeridas.<\/p>\n<p>En caso de manejar panojas para que sean analizadas, hacerlo en bolsas de papel.<\/p>\n<p><a href=\"\/?cat=70\">Ver fotograf\u00edas de enfermedades.<\/a><\/p>\n<h5>Cosecha<\/h5>\n<p>Coseche cuando el grano tenga un 14 a 16% de humedad, lo cual ocurre a los 105 a 120 d\u00edas a partir de la siembra<\/p>\n<h5>Manejo para segunda cosecha<\/h5>\n<p>Esta tecnolog\u00eda permitir\u00eda a los productores agr\u00edcolas de Sinaloa darle mayor rentabilidad a sus tierras, haciendo competitivo el sorgo contra otros cultivos cuya tendencia de precios es a la baja.<\/p>\n<p>El proceso sugerido por INIFAP es el siguiente:<\/p>\n<ul>\n<li>Una semana despu\u00e9s de la trilla desvare a 20 cent\u00edmetros de altura y en la siguiente semana realizar una aplicaci\u00f3n de 150 unidades de nitr\u00f3geno, empleando urea seguido de un riego de auxilio para facilitar su incorporaci\u00f3n al suelo y a su vez, el amacollo o rebote de las plantas desvaradas.<\/li>\n<li>Entre la aplicaci\u00f3n del fertilizante realizar, si es necesario y una aspersi\u00f3n de plaguicidas para controlar mosca del sorgo y chinche, consideradas las plagas m\u00e1s consistentes en el sorgo de verano en Sinaloa.<\/li>\n<li>El resto del manejo del cultivo debe realizarse de acuerdo a la condici\u00f3n del desarrollo de la planta y condiciones clim\u00e1ticas.<\/li>\n<\/ul>\n","protected":false},"excerpt":{"rendered":"<p>H\u00edbridos La elecci\u00f3n de la semilla debe considerar la fecha de siembra, ya sea temprana, intermedia o tard\u00eda, condici\u00f3n de terreno y si se desea dejar<span class=\"excerpt-hellip\"> [\u2026]<\/span><\/p>\n","protected":false},"author":4,"featured_media":2067,"parent":24,"menu_order":0,"comment_status":"open","ping_status":"open","template":"","meta":{"ngg_post_thumbnail":0,"jetpack_post_was_ever_published":false,"footnotes":""},"categories":[11],"tags":[],"acf":[],"jetpack_sharing_enabled":true,"jetpack_shortlink":"https:\/\/wp.me\/P5Aau3-hB","_links":{"self":[{"href":"https:\/\/panorama-agro.com\/index.php?rest_route=\/wp\/v2\/pages\/1091"}],"collection":[{"href":"https:\/\/panorama-agro.com\/index.php?rest_route=\/wp\/v2\/pages"}],"about":[{"href":"https:\/\/panorama-agro.com\/index.php?rest_route=\/wp\/v2\/types\/page"}],"author":[{"embeddable":true,"href":"https:\/\/panorama-agro.com\/index.php?rest_route=\/wp\/v2\/users\/4"}],"replies":[{"embeddable":true,"href":"https:\/\/panorama-agro.com\/index.php?rest_route=%2Fwp%2Fv2%2Fcomments&post=1091"}],"version-history":[{"count":12,"href":"https:\/\/panorama-agro.com\/index.php?rest_route=\/wp\/v2\/pages\/1091\/revisions"}],"predecessor-version":[{"id":3048,"href":"https:\/\/panorama-agro.com\/index.php?rest_route=\/wp\/v2\/pages\/1091\/revisions\/3048"}],"up":[{"embeddable":true,"href":"https:\/\/panorama-agro.com\/index.php?rest_route=\/wp\/v2\/pages\/24"}],"wp:featuredmedia":[{"embeddable":true,"href":"https:\/\/panorama-agro.com\/index.php?rest_route=\/wp\/v2\/media\/2067"}],"wp:attachment":[{"href":"https:\/\/panorama-agro.com\/index.php?rest_route=%2Fwp%2Fv2%2Fmedia&parent=1091"}],"wp:term":[{"taxonomy":"category","embeddable":true,"href":"https:\/\/panorama-agro.com\/index.php?rest_route=%2Fwp%2Fv2%2Fcategories&post=1091"},{"taxonomy":"post_tag","embeddable":true,"href":"https:\/\/panorama-agro.com\/index.php?rest_route=%2Fwp%2Fv2%2Ftags&post=1091"}],"curies":[{"name":"wp","href":"https:\/\/api.w.org\/{rel}","templated":true}]}}