{"id":1259,"date":"2015-02-27T19:00:41","date_gmt":"2015-02-28T02:00:41","guid":{"rendered":"http:\/\/bancoinfo.panorama-agro.com\/?page_id=1259"},"modified":"2018-04-16T12:20:23","modified_gmt":"2018-04-16T18:20:23","slug":"cartamo","status":"publish","type":"page","link":"https:\/\/panorama-agro.com\/?page_id=1259","title":{"rendered":"C\u00e1rtamo"},"content":{"rendered":"<p class=\"ContentText\">El c\u00e1rtamo, al igual que otras oleaginosas adquiere importancia econ\u00f3mica debido a que el 95% de la demanda de la industria extractora de aceite se abastece con importaciones, por lo que representa para esta temporada una buena opci\u00f3n de cultivo, cuya rentabilidad mejora con los apoyos gubernamentales ofrecidos.<\/p>\n<p class=\"ContentText\">Para el ciclo oto\u00f1o-invierno 2014-2015 el plan de siembras de c\u00e1rtamo en Sinaloa es por 25 mil hect\u00e1reas con un apoyo de SAGARPA de 3 mil 150 pesos hasta 2.2 toneladas por hect\u00e1rea en siembras de riego y de mil 500 pesos por tonelada para siembras de temporal.<\/p>\n<p class=\"ContentText\">Como factores en contra del cultivo se destaca el hecho de que las variedades liberadas hace poco tiempo por el INIFAP para Sonora y Sinaloa han perdido la tolerancia que ten\u00edan a la enfermedad de falsa cenicilla, situaci\u00f3n que har\u00eda necesario el uso de fungicidas, al presentase condiciones clim\u00e1ticas favorables al desarrollo del hongo causante de la enfermedad.<\/p>\n<p class=\"ContentText\">Para el ciclo oto\u00f1o-invierno, el costo estimado por la SAGARPA es de 14 mil 998 pesos por hect\u00e1rea y el rendimiento promedio es de 1,750 kilogramos por hect\u00e1rea.<\/p>\n<p>&nbsp;<\/p>\n<h3 class=\"ContentText\" style=\"text-align: center;\">Informaci\u00f3n disponible<\/h3>\n<p>A continuaci\u00f3n le presentamos la informaci\u00f3n t\u00e9cnica disponible para este cultivo:<\/p>\n<ul>\n<li><a title=\"Gu\u00eda de manejo\" href=\"\/?page_id=1263\">Gu\u00eda de manejo del cultivo<\/a><\/li>\n<li><a title=\"Costos de producci\u00f3n 2014-2015\" href=\"\/?page_id=1367\">Costos de Producci\u00f3n (2014-2015)<\/a><\/li>\n<\/ul>\n<p>Nuestro archivo fotogr\u00e1fico consta de:<\/p>\n<ul>\n<li><a href=\"\/?cat=59\">Fotograf\u00edas de plagas<\/a><\/li>\n<li><a href=\"\/?cat=60\">Fotograf\u00edas de enfermedades<\/a><\/li>\n<\/ul>\n","protected":false},"excerpt":{"rendered":"<p>El c\u00e1rtamo, al igual que otras oleaginosas adquiere importancia econ\u00f3mica debido a que el 95% de la demanda de la industria extractora de aceite se abastece<span class=\"excerpt-hellip\"> [\u2026]<\/span><\/p>\n","protected":false},"author":4,"featured_media":2070,"parent":13,"menu_order":0,"comment_status":"open","ping_status":"open","template":"","meta":{"ngg_post_thumbnail":0,"jetpack_post_was_ever_published":false,"footnotes":""},"categories":[99],"tags":[],"acf":[],"jetpack_sharing_enabled":true,"jetpack_shortlink":"https:\/\/wp.me\/P5Aau3-kj","_links":{"self":[{"href":"https:\/\/panorama-agro.com\/index.php?rest_route=\/wp\/v2\/pages\/1259"}],"collection":[{"href":"https:\/\/panorama-agro.com\/index.php?rest_route=\/wp\/v2\/pages"}],"about":[{"href":"https:\/\/panorama-agro.com\/index.php?rest_route=\/wp\/v2\/types\/page"}],"author":[{"embeddable":true,"href":"https:\/\/panorama-agro.com\/index.php?rest_route=\/wp\/v2\/users\/4"}],"replies":[{"embeddable":true,"href":"https:\/\/panorama-agro.com\/index.php?rest_route=%2Fwp%2Fv2%2Fcomments&post=1259"}],"version-history":[{"count":6,"href":"https:\/\/panorama-agro.com\/index.php?rest_route=\/wp\/v2\/pages\/1259\/revisions"}],"predecessor-version":[{"id":2714,"href":"https:\/\/panorama-agro.com\/index.php?rest_route=\/wp\/v2\/pages\/1259\/revisions\/2714"}],"up":[{"embeddable":true,"href":"https:\/\/panorama-agro.com\/index.php?rest_route=\/wp\/v2\/pages\/13"}],"wp:featuredmedia":[{"embeddable":true,"href":"https:\/\/panorama-agro.com\/index.php?rest_route=\/wp\/v2\/media\/2070"}],"wp:attachment":[{"href":"https:\/\/panorama-agro.com\/index.php?rest_route=%2Fwp%2Fv2%2Fmedia&parent=1259"}],"wp:term":[{"taxonomy":"category","embeddable":true,"href":"https:\/\/panorama-agro.com\/index.php?rest_route=%2Fwp%2Fv2%2Fcategories&post=1259"},{"taxonomy":"post_tag","embeddable":true,"href":"https:\/\/panorama-agro.com\/index.php?rest_route=%2Fwp%2Fv2%2Ftags&post=1259"}],"curies":[{"name":"wp","href":"https:\/\/api.w.org\/{rel}","templated":true}]}}