{"id":13,"date":"2015-01-09T00:57:43","date_gmt":"2015-01-09T00:57:43","guid":{"rendered":"http:\/\/bancoinfo.panorama-agro.com\/?page_id=13"},"modified":"2018-01-23T11:24:10","modified_gmt":"2018-01-23T18:24:10","slug":"granos","status":"publish","type":"page","link":"https:\/\/panorama-agro.com\/?page_id=13","title":{"rendered":"Granos"},"content":{"rendered":"<p><span style=\"font-size: 130%;\">A continuaci\u00f3n se muestra la lista de granos de los que tenemos informaci\u00f3n disponible. Haga click en los t\u00edtulos para ver la informaci\u00f3n en pantalla:<\/span><\/p>\n<p>&nbsp;<\/p>\n<p><a href=\"\/?page_id=15\"><img decoding=\"async\" loading=\"lazy\" class=\"alignnone wp-image-2119 size-full\" src=\"https:\/\/panorama-agro.com\/wp-content\/uploads\/2015\/01\/Maiz-List.png\" alt=\"\" width=\"396\" height=\"119\" srcset=\"https:\/\/panorama-agro.com\/wp-content\/uploads\/2015\/01\/Maiz-List.png 396w, https:\/\/panorama-agro.com\/wp-content\/uploads\/2015\/01\/Maiz-List-260x78.png 260w, https:\/\/panorama-agro.com\/wp-content\/uploads\/2015\/01\/Maiz-List-50x15.png 50w, https:\/\/panorama-agro.com\/wp-content\/uploads\/2015\/01\/Maiz-List-150x45.png 150w\" sizes=\"(max-width:767px) 396px, 396px\" \/>\u00a0<\/a><a href=\"\/?page_id=17\"><img decoding=\"async\" loading=\"lazy\" class=\"alignnone wp-image-2115 size-full\" src=\"https:\/\/panorama-agro.com\/wp-content\/uploads\/2015\/01\/Frijol-List-1.png\" alt=\"\" width=\"396\" height=\"119\" srcset=\"https:\/\/panorama-agro.com\/wp-content\/uploads\/2015\/01\/Frijol-List-1.png 396w, https:\/\/panorama-agro.com\/wp-content\/uploads\/2015\/01\/Frijol-List-1-260x78.png 260w, https:\/\/panorama-agro.com\/wp-content\/uploads\/2015\/01\/Frijol-List-1-50x15.png 50w, https:\/\/panorama-agro.com\/wp-content\/uploads\/2015\/01\/Frijol-List-1-150x45.png 150w\" sizes=\"(max-width:767px) 396px, 396px\" \/>\u00a0<\/a><a href=\"\/?page_id=868\"><img decoding=\"async\" loading=\"lazy\" class=\"alignnone wp-image-2116 size-full\" src=\"https:\/\/panorama-agro.com\/wp-content\/uploads\/2015\/01\/Trigo-List-1.png\" alt=\"\" width=\"396\" height=\"119\" srcset=\"https:\/\/panorama-agro.com\/wp-content\/uploads\/2015\/01\/Trigo-List-1.png 396w, https:\/\/panorama-agro.com\/wp-content\/uploads\/2015\/01\/Trigo-List-1-260x78.png 260w, https:\/\/panorama-agro.com\/wp-content\/uploads\/2015\/01\/Trigo-List-1-50x15.png 50w, https:\/\/panorama-agro.com\/wp-content\/uploads\/2015\/01\/Trigo-List-1-150x45.png 150w\" sizes=\"(max-width:767px) 396px, 396px\" \/>\u00a0<\/a><a title=\"Sorgo\" href=\"\/?page_id=24\"><img decoding=\"async\" loading=\"lazy\" class=\"alignnone wp-image-2117 size-full\" src=\"https:\/\/panorama-agro.com\/wp-content\/uploads\/2015\/01\/Sorgo-List.png\" alt=\"\" width=\"396\" height=\"119\" srcset=\"https:\/\/panorama-agro.com\/wp-content\/uploads\/2015\/01\/Sorgo-List.png 396w, https:\/\/panorama-agro.com\/wp-content\/uploads\/2015\/01\/Sorgo-List-260x78.png 260w, https:\/\/panorama-agro.com\/wp-content\/uploads\/2015\/01\/Sorgo-List-50x15.png 50w, https:\/\/panorama-agro.com\/wp-content\/uploads\/2015\/01\/Sorgo-List-150x45.png 150w\" sizes=\"(max-width:767px) 396px, 396px\" \/>\u00a0<\/a><a href=\"\/?page_id=1259\"><img decoding=\"async\" loading=\"lazy\" class=\"alignnone wp-image-2121 size-full\" src=\"https:\/\/panorama-agro.com\/wp-content\/uploads\/2015\/01\/Cartamo-List.png\" alt=\"\" width=\"396\" height=\"119\" srcset=\"https:\/\/panorama-agro.com\/wp-content\/uploads\/2015\/01\/Cartamo-List.png 396w, https:\/\/panorama-agro.com\/wp-content\/uploads\/2015\/01\/Cartamo-List-260x78.png 260w, https:\/\/panorama-agro.com\/wp-content\/uploads\/2015\/01\/Cartamo-List-50x15.png 50w, https:\/\/panorama-agro.com\/wp-content\/uploads\/2015\/01\/Cartamo-List-150x45.png 150w\" sizes=\"(max-width:767px) 396px, 396px\" \/>\u00a0<\/a><a href=\"\/?page_id=1436\"><img decoding=\"async\" loading=\"lazy\" class=\"alignnone wp-image-2122 size-full\" src=\"https:\/\/panorama-agro.com\/wp-content\/uploads\/2015\/01\/Garbanzo-List.png\" alt=\"\" width=\"396\" height=\"118\" srcset=\"https:\/\/panorama-agro.com\/wp-content\/uploads\/2015\/01\/Garbanzo-List.png 396w, https:\/\/panorama-agro.com\/wp-content\/uploads\/2015\/01\/Garbanzo-List-260x77.png 260w, https:\/\/panorama-agro.com\/wp-content\/uploads\/2015\/01\/Garbanzo-List-50x15.png 50w, https:\/\/panorama-agro.com\/wp-content\/uploads\/2015\/01\/Garbanzo-List-150x45.png 150w\" sizes=\"(max-width:767px) 396px, 396px\" \/>\u00a0<\/a><a href=\"\/?page_id=1606\"><img decoding=\"async\" loading=\"lazy\" class=\"alignnone wp-image-2123 size-full\" src=\"https:\/\/panorama-agro.com\/wp-content\/uploads\/2015\/01\/Algodon-List.png\" alt=\"\" width=\"396\" height=\"119\" srcset=\"https:\/\/panorama-agro.com\/wp-content\/uploads\/2015\/01\/Algodon-List.png 396w, https:\/\/panorama-agro.com\/wp-content\/uploads\/2015\/01\/Algodon-List-260x78.png 260w, https:\/\/panorama-agro.com\/wp-content\/uploads\/2015\/01\/Algodon-List-50x15.png 50w, https:\/\/panorama-agro.com\/wp-content\/uploads\/2015\/01\/Algodon-List-150x45.png 150w\" sizes=\"(max-width:767px) 396px, 396px\" \/>\u00a0<\/a><a href=\"\/?page_id=2215\"><img decoding=\"async\" loading=\"lazy\" class=\"alignnone wp-image-2124 size-full\" src=\"https:\/\/panorama-agro.com\/wp-content\/uploads\/2015\/01\/Soya-List.png\" alt=\"\" width=\"396\" height=\"118\" srcset=\"https:\/\/panorama-agro.com\/wp-content\/uploads\/2015\/01\/Soya-List.png 396w, https:\/\/panorama-agro.com\/wp-content\/uploads\/2015\/01\/Soya-List-260x77.png 260w, https:\/\/panorama-agro.com\/wp-content\/uploads\/2015\/01\/Soya-List-50x15.png 50w, https:\/\/panorama-agro.com\/wp-content\/uploads\/2015\/01\/Soya-List-150x45.png 150w\" sizes=\"(max-width:767px) 396px, 396px\" \/><\/a><\/p>\n","protected":false},"excerpt":{"rendered":"<p>A continuaci\u00f3n se muestra la lista de granos de los que tenemos informaci\u00f3n disponible. Haga click en los t\u00edtulos para ver la informaci\u00f3n en pantalla: &nbsp;<span class=\"excerpt-hellip\"> [\u2026]<\/span><\/p>\n","protected":false},"author":4,"featured_media":0,"parent":0,"menu_order":0,"comment_status":"open","ping_status":"open","template":"","meta":{"ngg_post_thumbnail":0,"jetpack_post_was_ever_published":false,"footnotes":""},"categories":[],"tags":[],"acf":[],"jetpack_sharing_enabled":true,"jetpack_shortlink":"https:\/\/wp.me\/P5Aau3-d","_links":{"self":[{"href":"https:\/\/panorama-agro.com\/index.php?rest_route=\/wp\/v2\/pages\/13"}],"collection":[{"href":"https:\/\/panorama-agro.com\/index.php?rest_route=\/wp\/v2\/pages"}],"about":[{"href":"https:\/\/panorama-agro.com\/index.php?rest_route=\/wp\/v2\/types\/page"}],"author":[{"embeddable":true,"href":"https:\/\/panorama-agro.com\/index.php?rest_route=\/wp\/v2\/users\/4"}],"replies":[{"embeddable":true,"href":"https:\/\/panorama-agro.com\/index.php?rest_route=%2Fwp%2Fv2%2Fcomments&post=13"}],"version-history":[{"count":12,"href":"https:\/\/panorama-agro.com\/index.php?rest_route=\/wp\/v2\/pages\/13\/revisions"}],"predecessor-version":[{"id":2743,"href":"https:\/\/panorama-agro.com\/index.php?rest_route=\/wp\/v2\/pages\/13\/revisions\/2743"}],"wp:attachment":[{"href":"https:\/\/panorama-agro.com\/index.php?rest_route=%2Fwp%2Fv2%2Fmedia&parent=13"}],"wp:term":[{"taxonomy":"category","embeddable":true,"href":"https:\/\/panorama-agro.com\/index.php?rest_route=%2Fwp%2Fv2%2Fcategories&post=13"},{"taxonomy":"post_tag","embeddable":true,"href":"https:\/\/panorama-agro.com\/index.php?rest_route=%2Fwp%2Fv2%2Ftags&post=13"}],"curies":[{"name":"wp","href":"https:\/\/api.w.org\/{rel}","templated":true}]}}