{"id":15,"date":"2015-01-09T00:58:11","date_gmt":"2015-01-09T00:58:11","guid":{"rendered":"http:\/\/bancoinfo.panorama-agro.com\/?page_id=15"},"modified":"2018-11-27T16:23:48","modified_gmt":"2018-11-27T23:23:48","slug":"maiz","status":"publish","type":"page","link":"https:\/\/panorama-agro.com\/?page_id=15","title":{"rendered":"Ma\u00edz"},"content":{"rendered":"<p class=\"ContentText\">Sinaloa mantiene su liderazgo indiscutible en la producci\u00f3n de ma\u00edz en M\u00e9xico al producir el 64% del volumen total nacional, empleando solo el 36% de la superficie total sembrada. Durante el ciclo agr\u00edcola 2017-2018 aport\u00f3 5 millones 2 mil 748 toneladas del total de 7 millones 758 mil toneladas obtenidas en todo el pa\u00eds, logrando un rendimiento promedio de 11.661 toneladas por hect\u00e1rea.<\/p>\n<p class=\"ContentText\">El ma\u00edz se considera como el cultivo m\u00e1s tradicional e importante, tanto por la superficie sembrada como por la rentabilidad y las posibilidades de incremento del rendimiento, gracias al potencial que ofrecen los nuevos h\u00edbridos comerciales y a la tecnolog\u00eda desarrollada en los a\u00f1os recientes.<\/p>\n<p class=\"ContentText\">El liderazgo de Sinaloa se comprueba con el hecho de que mientras que en la entidad el promedio de rendimiento es de 11.66 toneladas por hect\u00e1rea, la media nacional es de 6.64.<\/p>\n<p class=\"ContentText\">Bajo condiciones ideales, el potencial de rendimiento del cultivo puede alcanzar las 25 toneladas por hect\u00e1rea, destac\u00e1ndose como factores m\u00e1s influyentes el clima, tipo de suelo, disponibilidad y oportunidad del riego, as\u00ed como la fertilizaci\u00f3n y una adecuada poblaci\u00f3n de plantas, bien distribuidas en surcos separados desde 40 a 80 cent\u00edmetros.<\/p>\n<p class=\"ContentText\">Peque\u00f1as dosis continuas de nutrientes y agua que eviten el estr\u00e9s provocado por la falta o exceso de humedad para cubrir sus procesos metab\u00f3licos, son factores clave para el ma\u00edz.<\/p>\n<p>&nbsp;<\/p>\n<h3 class=\"ContentText\" style=\"text-align: center;\">Informaci\u00f3n disponible<\/h3>\n<p>A continuaci\u00f3n le presentamos la informaci\u00f3n t\u00e9cnica disponible para este cultivo:<\/p>\n<ul>\n<li><a title=\"Gu\u00eda de manejo\" href=\"\/?page_id=466\">Gu\u00eda de manejo del cultivo<\/a><\/li>\n<li><a title=\"Costos de Producci\u00f3n 2014-2015\" href=\"\/?page_id=480\">Costos de Producci\u00f3n (2018-2019)<\/a><\/li>\n<li><a href=\"\/?cat=5\">Informaci\u00f3n publicada en la revista Panorama AGROPECUARIO<\/a><\/li>\n<\/ul>\n<p>Nuestro archivo fotogr\u00e1fico consta de:<\/p>\n<ul>\n<li><a href=\"\/?cat=68\">Fotograf\u00edas de plagas<\/a><\/li>\n<li><a href=\"\/?cat=69\">Fotograf\u00edas de enfermedades<\/a><\/li>\n<\/ul>\n<p>Informaci\u00f3n adicional:<\/p>\n<ul>\n<li><a href=\"https:\/\/panorama-agro.com\/?p=2772\">L\u00edmites m\u00e1ximos de residuos de plaguicidas<\/a><\/li>\n<\/ul>\n","protected":false},"excerpt":{"rendered":"<p>Sinaloa mantiene su liderazgo indiscutible en la producci\u00f3n de ma\u00edz en M\u00e9xico al producir el 64% del volumen total nacional, empleando solo el 36% de la<span class=\"excerpt-hellip\"> [\u2026]<\/span><\/p>\n","protected":false},"author":4,"featured_media":2063,"parent":13,"menu_order":0,"comment_status":"open","ping_status":"open","template":"","meta":{"ngg_post_thumbnail":0,"jetpack_post_was_ever_published":false,"footnotes":""},"categories":[99,4],"tags":[],"acf":[],"jetpack_sharing_enabled":true,"jetpack_shortlink":"https:\/\/wp.me\/P5Aau3-f","_links":{"self":[{"href":"https:\/\/panorama-agro.com\/index.php?rest_route=\/wp\/v2\/pages\/15"}],"collection":[{"href":"https:\/\/panorama-agro.com\/index.php?rest_route=\/wp\/v2\/pages"}],"about":[{"href":"https:\/\/panorama-agro.com\/index.php?rest_route=\/wp\/v2\/types\/page"}],"author":[{"embeddable":true,"href":"https:\/\/panorama-agro.com\/index.php?rest_route=\/wp\/v2\/users\/4"}],"replies":[{"embeddable":true,"href":"https:\/\/panorama-agro.com\/index.php?rest_route=%2Fwp%2Fv2%2Fcomments&post=15"}],"version-history":[{"count":12,"href":"https:\/\/panorama-agro.com\/index.php?rest_route=\/wp\/v2\/pages\/15\/revisions"}],"predecessor-version":[{"id":3336,"href":"https:\/\/panorama-agro.com\/index.php?rest_route=\/wp\/v2\/pages\/15\/revisions\/3336"}],"up":[{"embeddable":true,"href":"https:\/\/panorama-agro.com\/index.php?rest_route=\/wp\/v2\/pages\/13"}],"wp:featuredmedia":[{"embeddable":true,"href":"https:\/\/panorama-agro.com\/index.php?rest_route=\/wp\/v2\/media\/2063"}],"wp:attachment":[{"href":"https:\/\/panorama-agro.com\/index.php?rest_route=%2Fwp%2Fv2%2Fmedia&parent=15"}],"wp:term":[{"taxonomy":"category","embeddable":true,"href":"https:\/\/panorama-agro.com\/index.php?rest_route=%2Fwp%2Fv2%2Fcategories&post=15"},{"taxonomy":"post_tag","embeddable":true,"href":"https:\/\/panorama-agro.com\/index.php?rest_route=%2Fwp%2Fv2%2Ftags&post=15"}],"curies":[{"name":"wp","href":"https:\/\/api.w.org\/{rel}","templated":true}]}}