{"id":1606,"date":"2015-03-25T11:46:24","date_gmt":"2015-03-25T18:46:24","guid":{"rendered":"http:\/\/bancoinfo.panorama-agro.com\/?page_id=1606"},"modified":"2018-04-16T12:21:27","modified_gmt":"2018-04-16T18:21:27","slug":"algodon","status":"publish","type":"page","link":"https:\/\/panorama-agro.com\/?page_id=1606","title":{"rendered":"Algod\u00f3n"},"content":{"rendered":"<p>El cultivo del algod\u00f3n se presenta esta temporada oto\u00f1o-invierno 2011-12 como una opci\u00f3n rentable, tanto por los precios que la fibra alcanza en el mercado internacional, los est\u00edmulos que ofrece el gobierno federal y como opci\u00f3n a la escasez de agua que se presenta en las presas de la entidad.<\/p>\n<p>Las nuevas variedades transg\u00e9nicas ofrecen una mejor estructura de planta y mayor tolerancia al estr\u00e9s h\u00eddrico, en comparaci\u00f3n con las variedades tradicionales.<\/p>\n<p>El programa estatal de siembras para este ciclo agr\u00edcola contempla una superficie de 10,500 hect\u00e1reas, a diferencia del anterior en que no se consider\u00f3 su siembra.<\/p>\n<p>En Chihuahua, en la regi\u00f3n de Delicias, el algodonero se cultiva en alrededor de 5 mil hect\u00e1reas. La fluctuaci\u00f3n en la superficie que se siembra se debe a la variaci\u00f3n en su cotizaci\u00f3n en los mercados internacionales, los altos costos de producci\u00f3n derivados principalmente por el control de plagas, y a la escasez del agua de riego. La producci\u00f3n a nivel regional es de 15 mil toneladas de algod\u00f3n en hueso; adem\u00e1s, su importancia desde el punto de vista social radica en la generaci\u00f3n de empleos, pues se calcula que para su establecimiento, manejo y cosecha, se requieren aproximadamente 80 jornales por hect\u00e1rea.<\/p>\n<p>&nbsp;<\/p>\n<h3 style=\"text-align: center;\">Informaci\u00f3n disponible<\/h3>\n<p>A continuaci\u00f3n le presentamos la informaci\u00f3n t\u00e9cnica disponible para este cultivo:<\/p>\n<ul>\n<li><a title=\"Gu\u00eda de manejo\" href=\"\/?page_id=1610\">Gu\u00eda de manejo del cultivo para Sinaloa<\/a><\/li>\n<li><a title=\"Gu\u00eda de manejo\" href=\"\/?page_id=1639\">Gu\u00eda de manejo del cultivo para Chihuahua<\/a><\/li>\n<li><a title=\"Costos de producci\u00f3n 2014-2015\" href=\"\/?page_id=1625\">Costos de Producci\u00f3n (2014-2015)<\/a><\/li>\n<\/ul>\n<p>Nuestro archivo fotogr\u00e1fico consta de:<\/p>\n<ul>\n<li><a href=\"\/?cat=58\">Fotograf\u00edas de plagas<\/a><\/li>\n<li><a href=\"\/?cat=57\">Fotograf\u00edas de enfermedades<\/a><\/li>\n<\/ul>\n","protected":false},"excerpt":{"rendered":"<p>El cultivo del algod\u00f3n se presenta esta temporada oto\u00f1o-invierno 2011-12 como una opci\u00f3n rentable, tanto por los precios que la fibra alcanza en el mercado internacional,<span class=\"excerpt-hellip\"> [\u2026]<\/span><\/p>\n","protected":false},"author":4,"featured_media":2074,"parent":13,"menu_order":0,"comment_status":"open","ping_status":"open","template":"","meta":{"ngg_post_thumbnail":0,"jetpack_post_was_ever_published":false,"footnotes":""},"categories":[99],"tags":[],"acf":[],"jetpack_sharing_enabled":true,"jetpack_shortlink":"https:\/\/wp.me\/P5Aau3-pU","_links":{"self":[{"href":"https:\/\/panorama-agro.com\/index.php?rest_route=\/wp\/v2\/pages\/1606"}],"collection":[{"href":"https:\/\/panorama-agro.com\/index.php?rest_route=\/wp\/v2\/pages"}],"about":[{"href":"https:\/\/panorama-agro.com\/index.php?rest_route=\/wp\/v2\/types\/page"}],"author":[{"embeddable":true,"href":"https:\/\/panorama-agro.com\/index.php?rest_route=\/wp\/v2\/users\/4"}],"replies":[{"embeddable":true,"href":"https:\/\/panorama-agro.com\/index.php?rest_route=%2Fwp%2Fv2%2Fcomments&post=1606"}],"version-history":[{"count":7,"href":"https:\/\/panorama-agro.com\/index.php?rest_route=\/wp\/v2\/pages\/1606\/revisions"}],"predecessor-version":[{"id":2718,"href":"https:\/\/panorama-agro.com\/index.php?rest_route=\/wp\/v2\/pages\/1606\/revisions\/2718"}],"up":[{"embeddable":true,"href":"https:\/\/panorama-agro.com\/index.php?rest_route=\/wp\/v2\/pages\/13"}],"wp:featuredmedia":[{"embeddable":true,"href":"https:\/\/panorama-agro.com\/index.php?rest_route=\/wp\/v2\/media\/2074"}],"wp:attachment":[{"href":"https:\/\/panorama-agro.com\/index.php?rest_route=%2Fwp%2Fv2%2Fmedia&parent=1606"}],"wp:term":[{"taxonomy":"category","embeddable":true,"href":"https:\/\/panorama-agro.com\/index.php?rest_route=%2Fwp%2Fv2%2Fcategories&post=1606"},{"taxonomy":"post_tag","embeddable":true,"href":"https:\/\/panorama-agro.com\/index.php?rest_route=%2Fwp%2Fv2%2Ftags&post=1606"}],"curies":[{"name":"wp","href":"https:\/\/api.w.org\/{rel}","templated":true}]}}