{"id":1610,"date":"2015-03-25T11:52:40","date_gmt":"2015-03-25T18:52:40","guid":{"rendered":"http:\/\/bancoinfo.panorama-agro.com\/?page_id=1610"},"modified":"2018-04-16T16:34:18","modified_gmt":"2018-04-16T22:34:18","slug":"guia-de-manejo","status":"publish","type":"page","link":"https:\/\/panorama-agro.com\/?page_id=1610","title":{"rendered":"Gu\u00eda de manejo del algod\u00f3n para Sinaloa"},"content":{"rendered":"<h5>Variedades<\/h5>\n<p>Las variedades recomendadas son: Cocorim 92, Yaquimi 92, Deltapine 90, Stoneville 825, Deltapine 5415 y Deltapine 16. La industria algodonera dispone tambi\u00e9n de materiales transg\u00e9nicos que se pueden sembrar.<\/p>\n<h5>\u00c9poca de siembra<\/h5>\n<p>Del 15 de noviembre al 15 de diciembre. Siembras posteriores enfrentan problemas por la alta incidencia de la mosca blanca.<\/p>\n<h5>Siembra<\/h5>\n<p>Surcos a 92 cent\u00edmetros de separaci\u00f3n, a tierra venida y en el fondo del surco, con un ligero levante de surco durante la siembra. En siembras en seco, la semilla debe depositarse sobre el camell\u00f3n del surco. La poblaci\u00f3n por hect\u00e1rea es de 66,000 plantas.<\/p>\n<p>La dosis de semilla es de 30 kilogramos para una poblaci\u00f3n de 10-12 ppm de surco en suelos de barrial; en aluvi\u00f3n, se sugiere una poblaci\u00f3n de 8 a 10 ppm de surco.<\/p>\n<h5>Riegos<\/h5>\n<p>Es muy importante mantener buena humedad desde el inicio de la floraci\u00f3n hasta la madurez del cultivo.<\/p>\n<p>Normalmente el primer auxilio se requiere a los 80-90 d\u00edas despu\u00e9s de la siembra, el segundo a los 120-130 y el tercero a los 150-160 o un poco m\u00e1s tarde hasta el inicio de la apertura de los primeros capullos.<\/p>\n<p>En aluvi\u00f3n, el primer auxilio normalmente se aplica a los 110-120 d\u00edas y el intervalo de los siguientes es mayor que en barrial.<\/p>\n<h5>Fertilizaci\u00f3n<\/h5>\n<p>En suelos de barrial se sugiere aplicar f\u00f3sforo en presiembra y el nitr\u00f3geno en el primer riego de auxilio \u00f3 50% durante la siembra y el resto durante el aclareo. El cultivo necesita abundante reserva de nutrimentos que deben estar disponibles en un per\u00edodo relativamente corto.<\/p>\n<p>La tasa de absorci\u00f3n del nitr\u00f3geno por la planta es m\u00e1s alta cuando los capullos empiezan a llenar.<\/p>\n<p>El f\u00f3sforo es esencial para el crecimiento vigoroso de las ra\u00edces y la parte a\u00e9rea. Debido a la relativamente alta concentraci\u00f3n de f\u00f3sforo en la semilla (0.7%), las plantas j\u00f3venes rara vez son deficientes en f\u00f3sforo. La deficiencia se caracteriza por poco crecimiento y un color verde obscuro y reducci\u00f3n en la fructificaci\u00f3n.<\/p>\n<h5>Labores de cultivo<\/h5>\n<p>Despu\u00e9s de cada riego debe darse una escarda y posteriormente levantar el surco para el siguiente riego. Estos trabajos ayudan al mejor crecimiento de la planta y reducen el riesgo de acame.<\/p>\n<h5>Combate de maleza<\/h5>\n<p>Si se dificulta el combate por medios mec\u00e1nicos se sugieren dos aplicaciones de herbicidas; una en pre-emergencia incorporada para el control de malezas de hoja ancha y angosta, en banda a 30 cent\u00edmetros sobre el hilo de la siembra y una segunda aplicaci\u00f3n al cierre del cultivo, sobre el fondo del surco, evitando el contacto del producto con el follaje.<\/p>\n<h5>Plagas<\/h5>\n<p>El manejo integrado de plagas es una buena estrategia para reducir el costo de control de plagas, combinando m\u00e9todos de control con variedades resistentes, labores culturales, liberaci\u00f3n de insectos ben\u00e9ficos y control qu\u00edmico.<\/p>\n<p>Desde el inicio de su desarrollo el algod\u00f3n es atacado por diversas plagas y puede resentir da\u00f1os en la ra\u00edz, hoja, cuadros o botones florales y bellotas si no se realiza un control eficiente de los insectos da\u00f1inos.<\/p>\n<p>Contra <a href=\"https:\/\/panorama-agro.com\/?p=1520\">gusanos trozadores<\/a>, en la primera etapa del cultivo, se sugiere aplicar insecticidas cuando se observen m\u00e1s de 2 plantas trozadas por metro de surco; contra <a href=\"https:\/\/panorama-agro.com\/?p=924\">pulgones<\/a>, cuando se observen m\u00e1s de 5 pulgones o trips por hoja.<\/p>\n<p>Mantenga especial vigilancia contra las plagas de <a href=\"https:\/\/panorama-agro.com\/?p=523\">gusano bellotero<\/a> y <a href=\"https:\/\/panorama-agro.com\/?p=1655\">picudo<\/a>.<\/p>\n<p>Si su algod\u00f3n colinda con otros cultivos donde sean frecuentes los tratamientos con insecticidas, acorte el tiempo entre monitoreos.<\/p>\n<p>Ver fotograf\u00edas de plagas.<\/p>\n<p>Ver fotograf\u00edas de enfermedades.<\/p>\n<h5>Defoliantes<\/h5>\n<p>Los aceleradores de madurez ayudan a la apertura de capullos de las bellotas del primer tercio superior de la planta, que normalmente requieren m\u00e1s tiempo para abrir.<\/p>\n<p>El defoliante con el que se desnuda a la planta contribuye a una pizca m\u00e1s limpia, pero debe aplicarse cuando el 75-80% de los capullos est\u00e9n abiertos.<\/p>\n<h5>Cosecha o pizca<\/h5>\n<p>Se debe cosechar lo m\u00e1s seco posible para evitar que se mezclen hojas o cajilla con la fibra, ya que ello disminuye la calidad del algod\u00f3n.<\/p>\n<h5>Desvare y barbecho<\/h5>\n<p>Destruya su soca a m\u00e1s tardar 15 d\u00edas despu\u00e9s de concluida la cosecha.<\/p>\n<p>Esta medida contribuye a romper el ciclo biol\u00f3gico de plagas como el gusano bellotero y el picudo que son los m\u00e1s da\u00f1inos al cultivo.<\/p>\n","protected":false},"excerpt":{"rendered":"<p>Variedades Las variedades recomendadas son: Cocorim 92, Yaquimi 92, Deltapine 90, Stoneville 825, Deltapine 5415 y Deltapine 16. La industria algodonera dispone tambi\u00e9n de materiales transg\u00e9nicos<span class=\"excerpt-hellip\"> [\u2026]<\/span><\/p>\n","protected":false},"author":4,"featured_media":2074,"parent":1606,"menu_order":0,"comment_status":"open","ping_status":"open","template":"","meta":{"ngg_post_thumbnail":0,"jetpack_post_was_ever_published":false,"footnotes":""},"categories":[8],"tags":[],"acf":[],"jetpack_sharing_enabled":true,"jetpack_shortlink":"https:\/\/wp.me\/P5Aau3-pY","_links":{"self":[{"href":"https:\/\/panorama-agro.com\/index.php?rest_route=\/wp\/v2\/pages\/1610"}],"collection":[{"href":"https:\/\/panorama-agro.com\/index.php?rest_route=\/wp\/v2\/pages"}],"about":[{"href":"https:\/\/panorama-agro.com\/index.php?rest_route=\/wp\/v2\/types\/page"}],"author":[{"embeddable":true,"href":"https:\/\/panorama-agro.com\/index.php?rest_route=\/wp\/v2\/users\/4"}],"replies":[{"embeddable":true,"href":"https:\/\/panorama-agro.com\/index.php?rest_route=%2Fwp%2Fv2%2Fcomments&post=1610"}],"version-history":[{"count":8,"href":"https:\/\/panorama-agro.com\/index.php?rest_route=\/wp\/v2\/pages\/1610\/revisions"}],"predecessor-version":[{"id":3052,"href":"https:\/\/panorama-agro.com\/index.php?rest_route=\/wp\/v2\/pages\/1610\/revisions\/3052"}],"up":[{"embeddable":true,"href":"https:\/\/panorama-agro.com\/index.php?rest_route=\/wp\/v2\/pages\/1606"}],"wp:featuredmedia":[{"embeddable":true,"href":"https:\/\/panorama-agro.com\/index.php?rest_route=\/wp\/v2\/media\/2074"}],"wp:attachment":[{"href":"https:\/\/panorama-agro.com\/index.php?rest_route=%2Fwp%2Fv2%2Fmedia&parent=1610"}],"wp:term":[{"taxonomy":"category","embeddable":true,"href":"https:\/\/panorama-agro.com\/index.php?rest_route=%2Fwp%2Fv2%2Fcategories&post=1610"},{"taxonomy":"post_tag","embeddable":true,"href":"https:\/\/panorama-agro.com\/index.php?rest_route=%2Fwp%2Fv2%2Ftags&post=1610"}],"curies":[{"name":"wp","href":"https:\/\/api.w.org\/{rel}","templated":true}]}}