{"id":17,"date":"2015-01-09T01:01:59","date_gmt":"2015-01-09T01:01:59","guid":{"rendered":"http:\/\/bancoinfo.panorama-agro.com\/?page_id=17"},"modified":"2018-11-27T16:49:34","modified_gmt":"2018-11-27T23:49:34","slug":"frijol","status":"publish","type":"page","link":"https:\/\/panorama-agro.com\/?page_id=17","title":{"rendered":"Frijol"},"content":{"rendered":"<p>Por superficie sembrada, el frijol es el segundo cultivo en importancia en Sinaloa con una superficie sembrada en el ciclo oto\u00f1o-invierno 2017-2018 de 95 mil 837 hect\u00e1reas, de las que se obtuvo una producci\u00f3n de 173 mil 266 toneladas, para un rendimiento medio de 1.808 toneladas por hect\u00e1rea, solo superado por Sonora, donde se obtuvieron 2.054 toneladas por hect\u00e1rea.<\/p>\n<p>Durante el ciclo anterior, Sinaloa aport\u00f3 el 51% del total de la cosecha de frijol del ciclo oto\u00f1o-invierno, con el 35% del total de la superficie sembrada a nivel nacional.<\/p>\n<p>Despu\u00e9s de Sinaloa, los estados de Nayarit, Chiapas y Veracruz ocupan la mayor superficie sembrada.<\/p>\n<p>La demanda anual del frijol tipo azufrado producido en Sinaloa, tanto para el mercado estatal como para el mercado nacional, es de aproximadamente 120 mil toneladas, el cual se cubre con la cosecha de 66 mil ha, considerando un rendimiento medio de 1,808 kilogramos por hect\u00e1rea (kg\/ha).<\/p>\n<p>La comercializaci\u00f3n se ha convertido en un problema serio ya que a pesar de que el pa\u00eds sigue siendo deficitario, eventualmente el mercado se satura con producto de menor precio que desplaza a la producci\u00f3n de Sinaloa, donde se producen principalmente variedades de tipo azufrado y cuyo mercado se ha venido reduciendo en los \u00faltimos a\u00f1os. En consecuencia, la rentabilidad del cultivo depende de la planeaci\u00f3n de las siembras, la diversificaci\u00f3n de los tipos de variedades y la pureza del material que se ofrezca al consumidor, que es cada vez m\u00e1s exigente.<\/p>\n<p>En Sinaloa son varios los factores que limitan la producci\u00f3n de frijol: enfermedades como virosis y moho, plagas, complejo de chupadores, y algunos aspectos del manejo agron\u00f3mico como la selecci\u00f3n del terreno, la fecha y la densidad de siembra, el uso y el manejo del agua de riego, el combate de maleza, etc.<\/p>\n<p>&nbsp;<\/p>\n<h3 style=\"text-align: center;\">Informaci\u00f3n disponible<\/h3>\n<p>A continuaci\u00f3n le presentamos la informaci\u00f3n t\u00e9cnica disponible para este cultivo:<\/p>\n<ul>\n<li><a title=\"Gu\u00eda de manejo\" href=\"\/?page_id=134\">Gu\u00eda de manejo del cultivo<\/a><\/li>\n<li><a title=\"Costos de Producci\u00f3n 2014-2015\" href=\"\/?page_id=165\">Costos de Producci\u00f3n (2018-2019)<\/a><\/li>\n<li><a href=\"\/?cat=7\">Informaci\u00f3n publicada en la revista Panorama AGROPECUARIO<\/a><\/li>\n<\/ul>\n<p>Nuestro archivo fotogr\u00e1fico consta de:<\/p>\n<ul>\n<li><a href=\"\/?cat=48\">Fotograf\u00edas de plagas<\/a><\/li>\n<li><a href=\"\/?cat=65\">Fotograf\u00edas de enfermedades<\/a><\/li>\n<\/ul>\n","protected":false},"excerpt":{"rendered":"<p>Por superficie sembrada, el frijol es el segundo cultivo en importancia en Sinaloa con una superficie sembrada en el ciclo oto\u00f1o-invierno 2017-2018 de 95 mil 837<span class=\"excerpt-hellip\"> [\u2026]<\/span><\/p>\n","protected":false},"author":4,"featured_media":2064,"parent":13,"menu_order":0,"comment_status":"open","ping_status":"open","template":"","meta":{"ngg_post_thumbnail":0,"jetpack_post_was_ever_published":false,"footnotes":""},"categories":[6,99],"tags":[],"acf":[],"jetpack_sharing_enabled":true,"jetpack_shortlink":"https:\/\/wp.me\/P5Aau3-h","_links":{"self":[{"href":"https:\/\/panorama-agro.com\/index.php?rest_route=\/wp\/v2\/pages\/17"}],"collection":[{"href":"https:\/\/panorama-agro.com\/index.php?rest_route=\/wp\/v2\/pages"}],"about":[{"href":"https:\/\/panorama-agro.com\/index.php?rest_route=\/wp\/v2\/types\/page"}],"author":[{"embeddable":true,"href":"https:\/\/panorama-agro.com\/index.php?rest_route=\/wp\/v2\/users\/4"}],"replies":[{"embeddable":true,"href":"https:\/\/panorama-agro.com\/index.php?rest_route=%2Fwp%2Fv2%2Fcomments&post=17"}],"version-history":[{"count":12,"href":"https:\/\/panorama-agro.com\/index.php?rest_route=\/wp\/v2\/pages\/17\/revisions"}],"predecessor-version":[{"id":3338,"href":"https:\/\/panorama-agro.com\/index.php?rest_route=\/wp\/v2\/pages\/17\/revisions\/3338"}],"up":[{"embeddable":true,"href":"https:\/\/panorama-agro.com\/index.php?rest_route=\/wp\/v2\/pages\/13"}],"wp:featuredmedia":[{"embeddable":true,"href":"https:\/\/panorama-agro.com\/index.php?rest_route=\/wp\/v2\/media\/2064"}],"wp:attachment":[{"href":"https:\/\/panorama-agro.com\/index.php?rest_route=%2Fwp%2Fv2%2Fmedia&parent=17"}],"wp:term":[{"taxonomy":"category","embeddable":true,"href":"https:\/\/panorama-agro.com\/index.php?rest_route=%2Fwp%2Fv2%2Fcategories&post=17"},{"taxonomy":"post_tag","embeddable":true,"href":"https:\/\/panorama-agro.com\/index.php?rest_route=%2Fwp%2Fv2%2Ftags&post=17"}],"curies":[{"name":"wp","href":"https:\/\/api.w.org\/{rel}","templated":true}]}}