{"id":2459,"date":"2017-11-07T12:03:11","date_gmt":"2017-11-07T19:03:11","guid":{"rendered":"http:\/\/bancoinfo.panorama-agro.com\/?page_id=2459"},"modified":"2018-04-16T12:05:11","modified_gmt":"2018-04-16T18:05:11","slug":"tomatillo","status":"publish","type":"page","link":"https:\/\/panorama-agro.com\/?page_id=2459","title":{"rendered":"Tomatillo"},"content":{"rendered":"<p class=\"ContentText\">La producci\u00f3n de tomate verde o tomate de c\u00e1scara en Sinaloa al igual que otros cultivos como ma\u00edz o frijol, ha sido afectada por la pr\u00e1ctica del monocultivo, lo que ha acentuado la presencia de enfermedades y plagas que incrementan los costos de producci\u00f3n y reducen la calidad y cantidad de la cosecha, hasta hacerlo irredituable, cuando los precios se caen porque los mercados se saturan.<\/p>\n<p class=\"ContentText\">Dos d\u00e9cadas atr\u00e1s Sinaloa era el principal productor de tomatillo pero hoy comparte el mismo mercado con productores del noroeste, centro y sureste del pa\u00eds.<\/p>\n<p class=\"ContentText\">A pesar de lo err\u00e1tico del mercado y los precios de venta, Sinaloa sigue encabezando la lista de los estados con mayor superficie sembrada, seguido de Nayarit, Sonora, Puebla, Michoac\u00e1n y Jalisco.<\/p>\n<p class=\"ContentText\">El reporte de SAGARPA indica que el estado con mejores rendimientos por hect\u00e1rea es Baja California, con 27,128.59 ton\/ha, mientras el mejor mercado lo tuvo Puebla, con un precio de $ 6.43 por kilogramo. El m\u00e1s bajo fue el de Sinaloa con $ 1.63 por kilogramo.<\/p>\n<p class=\"ContentText\">Durante el ciclo anterior, en Sinaloa se establecieron 8 mil 643 hect\u00e1reas, de donde se obtuvo una cosecha de 114 mil 206 toneladas, para un rendimiento medio de 13.21 ton\/ha., cifras muy similares a la cosecha anterior.<\/p>\n<p>&nbsp;<\/p>\n<h3 class=\"ContentText\">Informaci\u00f3n disponible<\/h3>\n<p>A continuaci\u00f3n le presentamos la informaci\u00f3n t\u00e9cnica disponible para este cultivo:<\/p>\n<ul>\n<li><a title=\"Gu\u00eda de manejo\" href=\"\/?page_id=2461\">Gu\u00eda de manejo del cultivo<\/a><\/li>\n<\/ul>\n<p>Nuestro archivo fotogr\u00e1fico consta de:<\/p>\n<ul>\n<li><a href=\"\/?cat=91\">Fotograf\u00edas de plagas<\/a><\/li>\n<li><a href=\"\/?cat=90\">Fotograf\u00edas de enfermedades<\/a><\/li>\n<\/ul>\n<p>&nbsp;<\/p>\n","protected":false},"excerpt":{"rendered":"<p>La producci\u00f3n de tomate verde o tomate de c\u00e1scara en Sinaloa al igual que otros cultivos como ma\u00edz o frijol, ha sido afectada por la pr\u00e1ctica<span class=\"excerpt-hellip\"> [\u2026]<\/span><\/p>\n","protected":false},"author":4,"featured_media":2463,"parent":26,"menu_order":0,"comment_status":"open","ping_status":"open","template":"","meta":{"ngg_post_thumbnail":0,"jetpack_post_was_ever_published":false,"footnotes":""},"categories":[100,31],"tags":[],"acf":[],"jetpack_sharing_enabled":true,"jetpack_shortlink":"https:\/\/wp.me\/P5Aau3-DF","_links":{"self":[{"href":"https:\/\/panorama-agro.com\/index.php?rest_route=\/wp\/v2\/pages\/2459"}],"collection":[{"href":"https:\/\/panorama-agro.com\/index.php?rest_route=\/wp\/v2\/pages"}],"about":[{"href":"https:\/\/panorama-agro.com\/index.php?rest_route=\/wp\/v2\/types\/page"}],"author":[{"embeddable":true,"href":"https:\/\/panorama-agro.com\/index.php?rest_route=\/wp\/v2\/users\/4"}],"replies":[{"embeddable":true,"href":"https:\/\/panorama-agro.com\/index.php?rest_route=%2Fwp%2Fv2%2Fcomments&post=2459"}],"version-history":[{"count":4,"href":"https:\/\/panorama-agro.com\/index.php?rest_route=\/wp\/v2\/pages\/2459\/revisions"}],"predecessor-version":[{"id":2730,"href":"https:\/\/panorama-agro.com\/index.php?rest_route=\/wp\/v2\/pages\/2459\/revisions\/2730"}],"up":[{"embeddable":true,"href":"https:\/\/panorama-agro.com\/index.php?rest_route=\/wp\/v2\/pages\/26"}],"wp:featuredmedia":[{"embeddable":true,"href":"https:\/\/panorama-agro.com\/index.php?rest_route=\/wp\/v2\/media\/2463"}],"wp:attachment":[{"href":"https:\/\/panorama-agro.com\/index.php?rest_route=%2Fwp%2Fv2%2Fmedia&parent=2459"}],"wp:term":[{"taxonomy":"category","embeddable":true,"href":"https:\/\/panorama-agro.com\/index.php?rest_route=%2Fwp%2Fv2%2Fcategories&post=2459"},{"taxonomy":"post_tag","embeddable":true,"href":"https:\/\/panorama-agro.com\/index.php?rest_route=%2Fwp%2Fv2%2Ftags&post=2459"}],"curies":[{"name":"wp","href":"https:\/\/api.w.org\/{rel}","templated":true}]}}