{"id":26,"date":"2015-01-09T01:15:37","date_gmt":"2015-01-09T01:15:37","guid":{"rendered":"http:\/\/bancoinfo.panorama-agro.com\/?page_id=26"},"modified":"2018-11-29T11:29:54","modified_gmt":"2018-11-29T18:29:54","slug":"hortalizas","status":"publish","type":"page","link":"https:\/\/panorama-agro.com\/?page_id=26","title":{"rendered":"Hortalizas y otros cultivos"},"content":{"rendered":"<p><span style=\"font-size: 130%;\">A continuaci\u00f3n se muestra la lista de hortalizas de las que tenemos informaci\u00f3n disponible. Haga click en los t\u00edtulos para ver la informaci\u00f3n en pantalla:<\/span><\/p>\n<p>&nbsp;<\/p>\n<p><a href=\"https:\/\/panorama-agro.com\/?page_id=28\"><img decoding=\"async\" loading=\"lazy\" class=\"alignnone wp-image-2735 size-full\" src=\"https:\/\/panorama-agro.com\/wp-content\/uploads\/2017\/11\/Tomate-List.png\" alt=\"\" width=\"396\" height=\"119\" srcset=\"https:\/\/panorama-agro.com\/wp-content\/uploads\/2017\/11\/Tomate-List.png 396w, https:\/\/panorama-agro.com\/wp-content\/uploads\/2017\/11\/Tomate-List-260x78.png 260w, https:\/\/panorama-agro.com\/wp-content\/uploads\/2017\/11\/Tomate-List-50x15.png 50w, https:\/\/panorama-agro.com\/wp-content\/uploads\/2017\/11\/Tomate-List-150x45.png 150w\" sizes=\"(max-width:767px) 396px, 396px\" \/>&nbsp;<\/a><a href=\"https:\/\/panorama-agro.com\/?page_id=30\"><img decoding=\"async\" loading=\"lazy\" class=\"alignnone size-full wp-image-2736\" src=\"https:\/\/panorama-agro.com\/wp-content\/uploads\/2017\/11\/Chile-List.png\" alt=\"\" width=\"396\" height=\"119\" srcset=\"https:\/\/panorama-agro.com\/wp-content\/uploads\/2017\/11\/Chile-List.png 396w, https:\/\/panorama-agro.com\/wp-content\/uploads\/2017\/11\/Chile-List-260x78.png 260w, https:\/\/panorama-agro.com\/wp-content\/uploads\/2017\/11\/Chile-List-50x15.png 50w, https:\/\/panorama-agro.com\/wp-content\/uploads\/2017\/11\/Chile-List-150x45.png 150w\" sizes=\"(max-width:767px) 396px, 396px\" \/>&nbsp;<\/a><a href=\"https:\/\/panorama-agro.com\/?page_id=2459\"><img decoding=\"async\" loading=\"lazy\" class=\"alignnone size-full wp-image-2737\" src=\"https:\/\/panorama-agro.com\/wp-content\/uploads\/2017\/11\/Tomatillo-List.png\" alt=\"\" width=\"396\" height=\"119\" srcset=\"https:\/\/panorama-agro.com\/wp-content\/uploads\/2017\/11\/Tomatillo-List.png 396w, https:\/\/panorama-agro.com\/wp-content\/uploads\/2017\/11\/Tomatillo-List-260x78.png 260w, https:\/\/panorama-agro.com\/wp-content\/uploads\/2017\/11\/Tomatillo-List-50x15.png 50w, https:\/\/panorama-agro.com\/wp-content\/uploads\/2017\/11\/Tomatillo-List-150x45.png 150w\" sizes=\"(max-width:767px) 396px, 396px\" \/>&nbsp;<\/a>&nbsp;<a href=\"https:\/\/panorama-agro.com\/?page_id=2547\"><img decoding=\"async\" loading=\"lazy\" class=\"alignnone size-full wp-image-2739\" src=\"https:\/\/panorama-agro.com\/wp-content\/uploads\/2017\/11\/Papa-List.png\" alt=\"\" width=\"396\" height=\"119\" srcset=\"https:\/\/panorama-agro.com\/wp-content\/uploads\/2017\/11\/Papa-List.png 396w, https:\/\/panorama-agro.com\/wp-content\/uploads\/2017\/11\/Papa-List-260x78.png 260w, https:\/\/panorama-agro.com\/wp-content\/uploads\/2017\/11\/Papa-List-50x15.png 50w, https:\/\/panorama-agro.com\/wp-content\/uploads\/2017\/11\/Papa-List-150x45.png 150w\" sizes=\"(max-width:767px) 396px, 396px\" \/>&nbsp;<\/a><a href=\"https:\/\/panorama-agro.com\/?page_id=2627\"><img decoding=\"async\" loading=\"lazy\" class=\"alignnone size-full wp-image-2738\" src=\"https:\/\/panorama-agro.com\/wp-content\/uploads\/2017\/11\/Calabacita-List.png\" alt=\"\" width=\"396\" height=\"119\" srcset=\"https:\/\/panorama-agro.com\/wp-content\/uploads\/2017\/11\/Calabacita-List.png 396w, https:\/\/panorama-agro.com\/wp-content\/uploads\/2017\/11\/Calabacita-List-260x78.png 260w, https:\/\/panorama-agro.com\/wp-content\/uploads\/2017\/11\/Calabacita-List-50x15.png 50w, https:\/\/panorama-agro.com\/wp-content\/uploads\/2017\/11\/Calabacita-List-150x45.png 150w\" sizes=\"(max-width:767px) 396px, 396px\" \/><\/a><\/p>\n","protected":false},"excerpt":{"rendered":"<p>A continuaci\u00f3n se muestra la lista de hortalizas de las que tenemos informaci\u00f3n disponible. Haga click en los t\u00edtulos para ver la informaci\u00f3n en pantalla: &nbsp;<span class=\"excerpt-hellip\"> [\u2026]<\/span><\/p>\n","protected":false},"author":4,"featured_media":0,"parent":0,"menu_order":0,"comment_status":"open","ping_status":"open","template":"","meta":{"ngg_post_thumbnail":0,"jetpack_post_was_ever_published":false,"footnotes":""},"categories":[],"tags":[],"acf":[],"jetpack_sharing_enabled":true,"jetpack_shortlink":"https:\/\/wp.me\/P5Aau3-q","_links":{"self":[{"href":"https:\/\/panorama-agro.com\/index.php?rest_route=\/wp\/v2\/pages\/26"}],"collection":[{"href":"https:\/\/panorama-agro.com\/index.php?rest_route=\/wp\/v2\/pages"}],"about":[{"href":"https:\/\/panorama-agro.com\/index.php?rest_route=\/wp\/v2\/types\/page"}],"author":[{"embeddable":true,"href":"https:\/\/panorama-agro.com\/index.php?rest_route=\/wp\/v2\/users\/4"}],"replies":[{"embeddable":true,"href":"https:\/\/panorama-agro.com\/index.php?rest_route=%2Fwp%2Fv2%2Fcomments&post=26"}],"version-history":[{"count":4,"href":"https:\/\/panorama-agro.com\/index.php?rest_route=\/wp\/v2\/pages\/26\/revisions"}],"predecessor-version":[{"id":3360,"href":"https:\/\/panorama-agro.com\/index.php?rest_route=\/wp\/v2\/pages\/26\/revisions\/3360"}],"wp:attachment":[{"href":"https:\/\/panorama-agro.com\/index.php?rest_route=%2Fwp%2Fv2%2Fmedia&parent=26"}],"wp:term":[{"taxonomy":"category","embeddable":true,"href":"https:\/\/panorama-agro.com\/index.php?rest_route=%2Fwp%2Fv2%2Fcategories&post=26"},{"taxonomy":"post_tag","embeddable":true,"href":"https:\/\/panorama-agro.com\/index.php?rest_route=%2Fwp%2Fv2%2Ftags&post=26"}],"curies":[{"name":"wp","href":"https:\/\/api.w.org\/{rel}","templated":true}]}}