{"id":2747,"date":"2017-11-28T21:22:23","date_gmt":"2017-11-29T04:22:23","guid":{"rendered":"https:\/\/panorama-agro.com\/?page_id=2747"},"modified":"2018-11-29T15:11:01","modified_gmt":"2018-11-29T22:11:01","slug":"citricos","status":"publish","type":"page","link":"https:\/\/panorama-agro.com\/?page_id=2747","title":{"rendered":"C\u00edtricos"},"content":{"rendered":"\n<p>La citricultura en Sinaloa ha venido avanzando en los a\u00f1os recientes, principalmente en los cultivos de naranja, lim\u00f3n, mandarina y toronja, siendo los dos primeros las mejores alternativas de frutales, despu\u00e9s del mango.<br><\/p>\n\n\n\n<p>Los   factores   clim\u00e1ticos   m\u00e1s   importantes   para   el   desarrollo   y producci\u00f3n de los \u00e1rboles son la temperatura y la humedad ambiental. Las especies de c\u00edtricos tienen diferentes exigencias de temperaturas, pero en forma general, pueden desarrollar y producir bien en un rango de 10 a 40 \u00baC, siendo  el  \u00f3ptimo  de  24  a  32  \u00baC,  aunque  pueden  tolerar  temperaturas extremas de 0 y 50 \u00baC, siendo la naranja y mandarina las especies que m\u00e1s toleran el fr\u00edo, y el lim\u00f3n y la lima los m\u00e1s sensibles. Las temperaturas frescas durante las noches de las \u00e1reas del noroeste de M\u00e9xico favorecen mayor intensidad de color exterior de la fruta que las zonas tropicales, donde la temperatura diurna y nocturna es igual.<br><\/p>\n\n\n\n<p>Cuando la humedad ambiental es alta los frutos tienden a presentar c\u00e1scara m\u00e1s delgada y lisa, mientras que cuando es m\u00e1s baja, la c\u00e1scara es m\u00e1s gruesa y rugosa y la fruta un poco alargada.<br><\/p>\n\n\n\n<p>Las caracter\u00edsticas del suelo tambi\u00e9n influyen mucho en el desarrollo, rendimiento y calidad de los frutos. Los suelos m\u00e1s favorables son los profundos (m\u00e1s de 2 m) con buen drenaje. Las texturas m\u00e1s propicias son de medias a ligeras. Los pH m\u00e1s convenientes son de neutros a ligeramente \u00e1cidos.<br><\/p>\n\n\n\n<p>La disponibilidad de agua debe estar asegurada a lo largo de todo el a\u00f1o ya que los c\u00edtricos son especies perennes con actividad constante.<\/p>\n\n\n\n<p>\u00a0<\/p>\n\n\n\n<h3 class=\"wp-block-heading\">Informaci\u00f3n disponible<\/h3>\n\n\n\n<p>A continuaci\u00f3n le presentamos la informaci\u00f3n t\u00e9cnica disponible para este cultivo:<\/p>\n\n\n\n<ul><li><a href=\"\/?page_id=2631\">Gu\u00eda de manejo del cultivo<\/a><\/li><\/ul>\n\n\n\n<p>Nuestro archivo fotogr\u00e1fico consta de:<\/p>\n\n\n\n<ul><li><a href=\"\/?cat=77\">Fotograf\u00edas de plagas<\/a><\/li><li><a href=\"\/?cat=76\">Fotograf\u00edas de enfermedades<\/a><\/li><\/ul>\n","protected":false},"excerpt":{"rendered":"<p>La citricultura en Sinaloa ha venido avanzando en los a\u00f1os recientes, principalmente en los cultivos de naranja, lim\u00f3n, mandarina y toronja, siendo los dos primeros las<span class=\"excerpt-hellip\"> [\u2026]<\/span><\/p>\n","protected":false},"author":4,"featured_media":2752,"parent":26,"menu_order":0,"comment_status":"open","ping_status":"open","template":"","meta":{"ngg_post_thumbnail":0,"jetpack_post_was_ever_published":false,"footnotes":""},"categories":[23,100],"tags":[],"acf":[],"jetpack_sharing_enabled":true,"jetpack_shortlink":"https:\/\/wp.me\/P5Aau3-Ij","_links":{"self":[{"href":"https:\/\/panorama-agro.com\/index.php?rest_route=\/wp\/v2\/pages\/2747"}],"collection":[{"href":"https:\/\/panorama-agro.com\/index.php?rest_route=\/wp\/v2\/pages"}],"about":[{"href":"https:\/\/panorama-agro.com\/index.php?rest_route=\/wp\/v2\/types\/page"}],"author":[{"embeddable":true,"href":"https:\/\/panorama-agro.com\/index.php?rest_route=\/wp\/v2\/users\/4"}],"replies":[{"embeddable":true,"href":"https:\/\/panorama-agro.com\/index.php?rest_route=%2Fwp%2Fv2%2Fcomments&post=2747"}],"version-history":[{"count":3,"href":"https:\/\/panorama-agro.com\/index.php?rest_route=\/wp\/v2\/pages\/2747\/revisions"}],"predecessor-version":[{"id":3377,"href":"https:\/\/panorama-agro.com\/index.php?rest_route=\/wp\/v2\/pages\/2747\/revisions\/3377"}],"up":[{"embeddable":true,"href":"https:\/\/panorama-agro.com\/index.php?rest_route=\/wp\/v2\/pages\/26"}],"wp:featuredmedia":[{"embeddable":true,"href":"https:\/\/panorama-agro.com\/index.php?rest_route=\/wp\/v2\/media\/2752"}],"wp:attachment":[{"href":"https:\/\/panorama-agro.com\/index.php?rest_route=%2Fwp%2Fv2%2Fmedia&parent=2747"}],"wp:term":[{"taxonomy":"category","embeddable":true,"href":"https:\/\/panorama-agro.com\/index.php?rest_route=%2Fwp%2Fv2%2Fcategories&post=2747"},{"taxonomy":"post_tag","embeddable":true,"href":"https:\/\/panorama-agro.com\/index.php?rest_route=%2Fwp%2Fv2%2Ftags&post=2747"}],"curies":[{"name":"wp","href":"https:\/\/api.w.org\/{rel}","templated":true}]}}