{"id":30,"date":"2015-01-09T01:16:34","date_gmt":"2015-01-09T01:16:34","guid":{"rendered":"http:\/\/bancoinfo.panorama-agro.com\/?page_id=30"},"modified":"2018-04-16T12:04:05","modified_gmt":"2018-04-16T18:04:05","slug":"chile","status":"publish","type":"page","link":"https:\/\/panorama-agro.com\/?page_id=30","title":{"rendered":"Chile"},"content":{"rendered":"<p class=\"ContentText\">En Sinaloa, la tecnificaci\u00f3n, innovaci\u00f3n, experiencia y vocaci\u00f3n de los productores han permitido la producci\u00f3n de chiles picantes y dulces de una diversidad de variedades con altos est\u00e1ndares de calidad, siendo uno de los principales productores de chiles del pa\u00eds, siguiendo muy de cerca al estado de Chihuahua. En los \u00faltimos a\u00f1os, produjo 550,000 toneladas en una superficie de 15,100 hect\u00e1reas y un rendimiento promedio de 36.70 t\/ha.<\/p>\n<p class=\"ContentText\">Teniendo en cuenta que en M\u00e9xico se producen unos 2.4 millones de toneladas al a\u00f1o, uno de cada cuatro chiles verdes producidos en M\u00e9xico provienen de Sinaloa.<\/p>\n<p class=\"ContentText\">De acuerdo con datos de la SAGARPA, durante el ciclo agr\u00edcola oto\u00f1o-invierno 2015-2016 se sembraron en Sinaloa 13 mil 313 hectareas, de las que se obtuvieron 512 mil 168 toneladas, para un rendimiento medio de 34,058 kg\/ha., superior en un 24% al rendimiento de Sonora pero inferior al de BCS que alcanz\u00f3 41,014 kg\/ha.<\/p>\n<p class=\"ContentText\">El manejo de las plagas ha obligado a los productores a establecer medidas de autoregulaci\u00f3n en fechas de siembra, manejo integrado, uso de insecticidas bioracionales y cada vez m\u00e1s estrictas normas de destrucci\u00f3n inmediata de socas para romper el ciclo biol\u00f3gico de las plagas, principalmente del picudo, cuyo da\u00f1o en ciclos recientes ha sido alarmante, tanto por el costo de manejo como por la reducci\u00f3n en calidad y cantidad de la cosecha.<\/p>\n<p class=\"ContentText\">El ingrediente de los chiles que m\u00e1s interesa a los investigadores es la picante capsaicina, a la que los estudios m\u00e9dicos le atribuyen cualidades saludables, desde ayudar a quemar grasas y adelgazar o combatir los c\u00e1nceres de pr\u00f3stata y p\u00e1ncreas, hasta disminuir el riesgo de diabetes. Esta sustancia natural tambi\u00e9n tiene propiedades antiinflamatorias y analg\u00e9sicas.<\/p>\n<p class=\"ContentText\">Sin embargo, a pesar de estas cualidades a beneficio de nuestro organismo, los m\u00e9dicos recomiendan consumirlo con moderaci\u00f3n en cada comida, ya que su exceso puede irritar gravemente al est\u00f3mago.<\/p>\n<p>&nbsp;<\/p>\n<h3 class=\"ContentText\">Informaci\u00f3n disponible<\/h3>\n<p>A continuaci\u00f3n le presentamos la informaci\u00f3n t\u00e9cnica disponible para este cultivo:<\/p>\n<ul>\n<li><a title=\"Gu\u00eda de manejo\" href=\"\/?page_id=2321\">Gu\u00eda de manejo del cultivo<\/a><\/li>\n<\/ul>\n<p>Nuestro archivo fotogr\u00e1fico consta de:<\/p>\n<ul>\n<li><a href=\"\/?cat=79\">Fotograf\u00edas de plagas<\/a><\/li>\n<li><a href=\"\/?cat=78\">Fotograf\u00edas de enfermedades<\/a><\/li>\n<\/ul>\n<p>&nbsp;<\/p>\n","protected":false},"excerpt":{"rendered":"<p>En Sinaloa, la tecnificaci\u00f3n, innovaci\u00f3n, experiencia y vocaci\u00f3n de los productores han permitido la producci\u00f3n de chiles picantes y dulces de una diversidad de variedades con<span class=\"excerpt-hellip\"> [\u2026]<\/span><\/p>\n","protected":false},"author":4,"featured_media":2325,"parent":26,"menu_order":0,"comment_status":"open","ping_status":"open","template":"","meta":{"ngg_post_thumbnail":0,"jetpack_post_was_ever_published":false,"footnotes":""},"categories":[24,100],"tags":[],"acf":[],"jetpack_sharing_enabled":true,"jetpack_shortlink":"https:\/\/wp.me\/P5Aau3-u","_links":{"self":[{"href":"https:\/\/panorama-agro.com\/index.php?rest_route=\/wp\/v2\/pages\/30"}],"collection":[{"href":"https:\/\/panorama-agro.com\/index.php?rest_route=\/wp\/v2\/pages"}],"about":[{"href":"https:\/\/panorama-agro.com\/index.php?rest_route=\/wp\/v2\/types\/page"}],"author":[{"embeddable":true,"href":"https:\/\/panorama-agro.com\/index.php?rest_route=\/wp\/v2\/users\/4"}],"replies":[{"embeddable":true,"href":"https:\/\/panorama-agro.com\/index.php?rest_route=%2Fwp%2Fv2%2Fcomments&post=30"}],"version-history":[{"count":6,"href":"https:\/\/panorama-agro.com\/index.php?rest_route=\/wp\/v2\/pages\/30\/revisions"}],"predecessor-version":[{"id":2729,"href":"https:\/\/panorama-agro.com\/index.php?rest_route=\/wp\/v2\/pages\/30\/revisions\/2729"}],"up":[{"embeddable":true,"href":"https:\/\/panorama-agro.com\/index.php?rest_route=\/wp\/v2\/pages\/26"}],"wp:featuredmedia":[{"embeddable":true,"href":"https:\/\/panorama-agro.com\/index.php?rest_route=\/wp\/v2\/media\/2325"}],"wp:attachment":[{"href":"https:\/\/panorama-agro.com\/index.php?rest_route=%2Fwp%2Fv2%2Fmedia&parent=30"}],"wp:term":[{"taxonomy":"category","embeddable":true,"href":"https:\/\/panorama-agro.com\/index.php?rest_route=%2Fwp%2Fv2%2Fcategories&post=30"},{"taxonomy":"post_tag","embeddable":true,"href":"https:\/\/panorama-agro.com\/index.php?rest_route=%2Fwp%2Fv2%2Ftags&post=30"}],"curies":[{"name":"wp","href":"https:\/\/api.w.org\/{rel}","templated":true}]}}