{"id":3276,"date":"2018-11-14T11:11:54","date_gmt":"2018-11-14T18:11:54","guid":{"rendered":"https:\/\/panorama-agro.com\/?page_id=3276"},"modified":"2018-11-27T12:12:21","modified_gmt":"2018-11-27T19:12:21","slug":"costos-de-produccion-2014-2015","status":"publish","type":"page","link":"https:\/\/panorama-agro.com\/?page_id=3276","title":{"rendered":"Costos de producci\u00f3n 2018-2019 \/ Papa"},"content":{"rendered":"<a href=\"https:\/\/panorama-agro.com\/wp-content\/uploads\/2018\/11\/Costos-PAPA-2018-2019.pdf\" class=\"pdfemb-viewer\" style=\"\" data-width=\"max\" data-height=\"max\" data-mobile-width=\"500\"  data-scrollbar=\"none\" data-download=\"on\" data-tracking=\"on\" data-newwindow=\"on\" data-pagetextbox=\"off\" data-scrolltotop=\"off\" data-startzoom=\"100\" data-startfpzoom=\"100\" data-toolbar=\"bottom\" data-toolbar-fixed=\"off\">Costos-PAPA-2018-2019<br\/><\/a>\n<p class=\"wp-block-pdfemb-pdf-embedder-viewer\"><\/p>\n\n\n\n<div class=\"wp-block-image\"><figure class=\"aligncenter\"><img decoding=\"async\" loading=\"lazy\" width=\"550\" height=\"594\" src=\"https:\/\/panorama-agro.com\/wp-content\/uploads\/2018\/11\/Grafica-PAPA.jpg\" alt=\"\" class=\"wp-image-3320\" srcset=\"https:\/\/panorama-agro.com\/wp-content\/uploads\/2018\/11\/Grafica-PAPA.jpg 550w, https:\/\/panorama-agro.com\/wp-content\/uploads\/2018\/11\/Grafica-PAPA-417x450.jpg 417w, https:\/\/panorama-agro.com\/wp-content\/uploads\/2018\/11\/Grafica-PAPA-135x146.jpg 135w, https:\/\/panorama-agro.com\/wp-content\/uploads\/2018\/11\/Grafica-PAPA-46x50.jpg 46w, https:\/\/panorama-agro.com\/wp-content\/uploads\/2018\/11\/Grafica-PAPA-69x75.jpg 69w\" sizes=\"(max-width:767px) 550px, 550px\" \/><\/figure><\/div>\n\n\n\n<ul><li>Los costos de producci\u00f3n aqu\u00ed presentados aplican para el estado de Sinaloa, M\u00e9xico, y est\u00e1n expresados en Pesos Mexicanos.\u00a0<em>Fuente: Sistema de Costos Agr\u00edcolas FIRA.<\/em><\/li><\/ul>\n","protected":false},"excerpt":{"rendered":"<p>Los costos de producci\u00f3n aqu\u00ed presentados aplican para el estado de Sinaloa, M\u00e9xico, y est\u00e1n expresados en Pesos Mexicanos.\u00a0Fuente: Sistema de Costos Agr\u00edcolas FIRA.<\/p>\n","protected":false},"author":4,"featured_media":0,"parent":2547,"menu_order":0,"comment_status":"open","ping_status":"open","template":"","meta":{"ngg_post_thumbnail":0,"jetpack_post_was_ever_published":false,"footnotes":""},"categories":[27],"tags":[],"acf":[],"jetpack_sharing_enabled":true,"jetpack_shortlink":"https:\/\/wp.me\/P5Aau3-QQ","_links":{"self":[{"href":"https:\/\/panorama-agro.com\/index.php?rest_route=\/wp\/v2\/pages\/3276"}],"collection":[{"href":"https:\/\/panorama-agro.com\/index.php?rest_route=\/wp\/v2\/pages"}],"about":[{"href":"https:\/\/panorama-agro.com\/index.php?rest_route=\/wp\/v2\/types\/page"}],"author":[{"embeddable":true,"href":"https:\/\/panorama-agro.com\/index.php?rest_route=\/wp\/v2\/users\/4"}],"replies":[{"embeddable":true,"href":"https:\/\/panorama-agro.com\/index.php?rest_route=%2Fwp%2Fv2%2Fcomments&post=3276"}],"version-history":[{"count":3,"href":"https:\/\/panorama-agro.com\/index.php?rest_route=\/wp\/v2\/pages\/3276\/revisions"}],"predecessor-version":[{"id":3321,"href":"https:\/\/panorama-agro.com\/index.php?rest_route=\/wp\/v2\/pages\/3276\/revisions\/3321"}],"up":[{"embeddable":true,"href":"https:\/\/panorama-agro.com\/index.php?rest_route=\/wp\/v2\/pages\/2547"}],"wp:attachment":[{"href":"https:\/\/panorama-agro.com\/index.php?rest_route=%2Fwp%2Fv2%2Fmedia&parent=3276"}],"wp:term":[{"taxonomy":"category","embeddable":true,"href":"https:\/\/panorama-agro.com\/index.php?rest_route=%2Fwp%2Fv2%2Fcategories&post=3276"},{"taxonomy":"post_tag","embeddable":true,"href":"https:\/\/panorama-agro.com\/index.php?rest_route=%2Fwp%2Fv2%2Ftags&post=3276"}],"curies":[{"name":"wp","href":"https:\/\/api.w.org\/{rel}","templated":true}]}}