{"id":3720,"date":"2019-11-13T18:45:03","date_gmt":"2019-11-14T01:45:03","guid":{"rendered":"https:\/\/panorama-agro.com\/?page_id=3720"},"modified":"2019-12-12T17:25:43","modified_gmt":"2019-12-13T00:25:43","slug":"costos-de-produccion-2014-2015-2","status":"publish","type":"page","link":"https:\/\/panorama-agro.com\/?page_id=3720","title":{"rendered":"Costos de Producci\u00f3n 2019-2020 \/ Trigo"},"content":{"rendered":"<a href=\"https:\/\/panorama-agro.com\/wp-content\/uploads\/2019\/12\/Trigo_GMF_Sinaloa_OI_2019_2020.pdf\" class=\"pdfemb-viewer\" style=\"\" data-width=\"max\" data-height=\"max\" data-mobile-width=\"500\"  data-scrollbar=\"none\" data-download=\"on\" data-tracking=\"on\" data-newwindow=\"on\" data-pagetextbox=\"off\" data-scrolltotop=\"off\" data-startzoom=\"100\" data-startfpzoom=\"100\" data-toolbar=\"bottom\" data-toolbar-fixed=\"off\">Trigo_GMF_Sinaloa_OI_2019_2020<br\/><\/a>\n<p class=\"wp-block-pdfemb-pdf-embedder-viewer\"><\/p>\n\n\n\n<div class=\"wp-block-image\"><figure class=\"aligncenter size-large\"><img decoding=\"async\" loading=\"lazy\" width=\"550\" height=\"594\" src=\"https:\/\/panorama-agro.com\/wp-content\/uploads\/2019\/12\/TRIGO.jpg\" alt=\"\" class=\"wp-image-3773\" srcset=\"https:\/\/panorama-agro.com\/wp-content\/uploads\/2019\/12\/TRIGO.jpg 550w, https:\/\/panorama-agro.com\/wp-content\/uploads\/2019\/12\/TRIGO-417x450.jpg 417w, https:\/\/panorama-agro.com\/wp-content\/uploads\/2019\/12\/TRIGO-135x146.jpg 135w, https:\/\/panorama-agro.com\/wp-content\/uploads\/2019\/12\/TRIGO-46x50.jpg 46w, https:\/\/panorama-agro.com\/wp-content\/uploads\/2019\/12\/TRIGO-69x75.jpg 69w\" sizes=\"(max-width:767px) 550px, 550px\" \/><\/figure><\/div>\n\n\n\n<ul><li>Los costos de producci\u00f3n aqu\u00ed presentados aplican para el estado de Sinaloa, M\u00e9xico, y est\u00e1n expresados en Pesos Mexicanos.&nbsp;<em>Fuente: Sistema de Costos Agr\u00edcolas FIRA.\ufeff<\/em><\/li><\/ul>\n","protected":false},"excerpt":{"rendered":"<p>Los costos de producci\u00f3n aqu\u00ed presentados aplican para el estado de Sinaloa, M\u00e9xico, y est\u00e1n expresados en Pesos Mexicanos.&nbsp;Fuente: Sistema de Costos Agr\u00edcolas FIRA.\ufeff<\/p>\n","protected":false},"author":4,"featured_media":0,"parent":868,"menu_order":0,"comment_status":"open","ping_status":"open","template":"","meta":{"ngg_post_thumbnail":0,"jetpack_post_was_ever_published":false,"footnotes":""},"categories":[13],"tags":[],"acf":[],"jetpack_sharing_enabled":true,"jetpack_shortlink":"https:\/\/wp.me\/P5Aau3-Y0","_links":{"self":[{"href":"https:\/\/panorama-agro.com\/index.php?rest_route=\/wp\/v2\/pages\/3720"}],"collection":[{"href":"https:\/\/panorama-agro.com\/index.php?rest_route=\/wp\/v2\/pages"}],"about":[{"href":"https:\/\/panorama-agro.com\/index.php?rest_route=\/wp\/v2\/types\/page"}],"author":[{"embeddable":true,"href":"https:\/\/panorama-agro.com\/index.php?rest_route=\/wp\/v2\/users\/4"}],"replies":[{"embeddable":true,"href":"https:\/\/panorama-agro.com\/index.php?rest_route=%2Fwp%2Fv2%2Fcomments&post=3720"}],"version-history":[{"count":2,"href":"https:\/\/panorama-agro.com\/index.php?rest_route=\/wp\/v2\/pages\/3720\/revisions"}],"predecessor-version":[{"id":3775,"href":"https:\/\/panorama-agro.com\/index.php?rest_route=\/wp\/v2\/pages\/3720\/revisions\/3775"}],"up":[{"embeddable":true,"href":"https:\/\/panorama-agro.com\/index.php?rest_route=\/wp\/v2\/pages\/868"}],"wp:attachment":[{"href":"https:\/\/panorama-agro.com\/index.php?rest_route=%2Fwp%2Fv2%2Fmedia&parent=3720"}],"wp:term":[{"taxonomy":"category","embeddable":true,"href":"https:\/\/panorama-agro.com\/index.php?rest_route=%2Fwp%2Fv2%2Fcategories&post=3720"},{"taxonomy":"post_tag","embeddable":true,"href":"https:\/\/panorama-agro.com\/index.php?rest_route=%2Fwp%2Fv2%2Ftags&post=3720"}],"curies":[{"name":"wp","href":"https:\/\/api.w.org\/{rel}","templated":true}]}}