{"id":3734,"date":"2019-11-14T21:31:07","date_gmt":"2019-11-15T04:31:07","guid":{"rendered":"https:\/\/panorama-agro.com\/?page_id=3734"},"modified":"2019-12-27T13:41:14","modified_gmt":"2019-12-27T20:41:14","slug":"costos-de-produccion-2014-2015-2-2-2-2","status":"publish","type":"page","link":"https:\/\/panorama-agro.com\/?page_id=3734","title":{"rendered":"Costos de producci\u00f3n 2019-2020 \/ Aguacate"},"content":{"rendered":"<a href=\"https:\/\/panorama-agro.com\/wp-content\/uploads\/2019\/12\/Aguacate_BMF_Establecimiento_Sinaloa_Perenne_2019-1.pdf\" class=\"pdfemb-viewer\" style=\"\" data-width=\"max\" data-height=\"max\" data-mobile-width=\"500\"  data-scrollbar=\"none\" data-download=\"on\" data-tracking=\"on\" data-newwindow=\"on\" data-pagetextbox=\"off\" data-scrolltotop=\"off\" data-startzoom=\"100\" data-startfpzoom=\"100\" data-toolbar=\"bottom\" data-toolbar-fixed=\"off\">Aguacate_BMF_Establecimiento_Sinaloa_Perenne_2019-1<br\/><\/a>\n<p class=\"wp-block-pdfemb-pdf-embedder-viewer\"><\/p>\n\n\n\n<div class=\"wp-block-image\"><figure class=\"aligncenter size-large\"><img decoding=\"async\" loading=\"lazy\" width=\"550\" height=\"660\" src=\"https:\/\/panorama-agro.com\/wp-content\/uploads\/2019\/12\/AGUACATE.jpg\" alt=\"\" class=\"wp-image-3870\" srcset=\"https:\/\/panorama-agro.com\/wp-content\/uploads\/2019\/12\/AGUACATE.jpg 550w, https:\/\/panorama-agro.com\/wp-content\/uploads\/2019\/12\/AGUACATE-375x450.jpg 375w, https:\/\/panorama-agro.com\/wp-content\/uploads\/2019\/12\/AGUACATE-122x146.jpg 122w, https:\/\/panorama-agro.com\/wp-content\/uploads\/2019\/12\/AGUACATE-42x50.jpg 42w, https:\/\/panorama-agro.com\/wp-content\/uploads\/2019\/12\/AGUACATE-63x75.jpg 63w\" sizes=\"(max-width:767px) 550px, 550px\" \/><\/figure><\/div>\n\n\n\n<hr class=\"wp-block-separator\"\/>\n\n\n\n<p><\/p>\n\n\n\n<h2 class=\"has-text-align-center wp-block-heading\"> Costo de mantenimiento <\/h2>\n\n\n<a href=\"https:\/\/panorama-agro.com\/wp-content\/uploads\/2019\/12\/Aguacate_BMF_Mto_A\u00f1o-2_Sinaloa_Perenne_2019.pdf\" class=\"pdfemb-viewer\" style=\"\" data-width=\"max\" data-height=\"max\" data-mobile-width=\"500\"  data-scrollbar=\"none\" data-download=\"on\" data-tracking=\"on\" data-newwindow=\"on\" data-pagetextbox=\"off\" data-scrolltotop=\"off\" data-startzoom=\"100\" data-startfpzoom=\"100\" data-toolbar=\"bottom\" data-toolbar-fixed=\"off\">Aguacate_BMF_Mto_A\u00f1o-2_Sinaloa_Perenne_2019<br\/><\/a>\n<p class=\"wp-block-pdfemb-pdf-embedder-viewer\"><\/p>\n\n\n\n<div class=\"wp-block-image\"><figure class=\"aligncenter size-large\"><img decoding=\"async\" loading=\"lazy\" width=\"550\" height=\"701\" src=\"https:\/\/panorama-agro.com\/wp-content\/uploads\/2019\/12\/AGUACATE-MANTENIMIENTO.jpg\" alt=\"\" class=\"wp-image-3872\" srcset=\"https:\/\/panorama-agro.com\/wp-content\/uploads\/2019\/12\/AGUACATE-MANTENIMIENTO.jpg 550w, https:\/\/panorama-agro.com\/wp-content\/uploads\/2019\/12\/AGUACATE-MANTENIMIENTO-353x450.jpg 353w, https:\/\/panorama-agro.com\/wp-content\/uploads\/2019\/12\/AGUACATE-MANTENIMIENTO-115x146.jpg 115w, https:\/\/panorama-agro.com\/wp-content\/uploads\/2019\/12\/AGUACATE-MANTENIMIENTO-39x50.jpg 39w, https:\/\/panorama-agro.com\/wp-content\/uploads\/2019\/12\/AGUACATE-MANTENIMIENTO-59x75.jpg 59w\" sizes=\"(max-width:767px) 550px, 550px\" \/><\/figure><\/div>\n\n\n\n<ul><li>Los costos de producci\u00f3n aqu\u00ed presentados aplican para el estado de Sinaloa, M\u00e9xico, y est\u00e1n expresados en Pesos Mexicanos.&nbsp;<em>Fuente: Sistema de Costos Agr\u00edcolas FIRA.<\/em><\/li><\/ul>\n","protected":false},"excerpt":{"rendered":"<p>Costo de mantenimiento Los costos de producci\u00f3n aqu\u00ed presentados aplican para el estado de Sinaloa, M\u00e9xico, y est\u00e1n expresados en Pesos Mexicanos.&nbsp;Fuente: Sistema de Costos Agr\u00edcolas<span class=\"excerpt-hellip\"> [\u2026]<\/span><\/p>\n","protected":false},"author":4,"featured_media":0,"parent":3739,"menu_order":0,"comment_status":"open","ping_status":"closed","template":"","meta":{"ngg_post_thumbnail":0,"jetpack_post_was_ever_published":false,"footnotes":""},"categories":[119],"tags":[],"acf":[],"jetpack_sharing_enabled":true,"jetpack_shortlink":"https:\/\/wp.me\/P5Aau3-Ye","_links":{"self":[{"href":"https:\/\/panorama-agro.com\/index.php?rest_route=\/wp\/v2\/pages\/3734"}],"collection":[{"href":"https:\/\/panorama-agro.com\/index.php?rest_route=\/wp\/v2\/pages"}],"about":[{"href":"https:\/\/panorama-agro.com\/index.php?rest_route=\/wp\/v2\/types\/page"}],"author":[{"embeddable":true,"href":"https:\/\/panorama-agro.com\/index.php?rest_route=\/wp\/v2\/users\/4"}],"replies":[{"embeddable":true,"href":"https:\/\/panorama-agro.com\/index.php?rest_route=%2Fwp%2Fv2%2Fcomments&post=3734"}],"version-history":[{"count":5,"href":"https:\/\/panorama-agro.com\/index.php?rest_route=\/wp\/v2\/pages\/3734\/revisions"}],"predecessor-version":[{"id":3875,"href":"https:\/\/panorama-agro.com\/index.php?rest_route=\/wp\/v2\/pages\/3734\/revisions\/3875"}],"up":[{"embeddable":true,"href":"https:\/\/panorama-agro.com\/index.php?rest_route=\/wp\/v2\/pages\/3739"}],"wp:attachment":[{"href":"https:\/\/panorama-agro.com\/index.php?rest_route=%2Fwp%2Fv2%2Fmedia&parent=3734"}],"wp:term":[{"taxonomy":"category","embeddable":true,"href":"https:\/\/panorama-agro.com\/index.php?rest_route=%2Fwp%2Fv2%2Fcategories&post=3734"},{"taxonomy":"post_tag","embeddable":true,"href":"https:\/\/panorama-agro.com\/index.php?rest_route=%2Fwp%2Fv2%2Ftags&post=3734"}],"curies":[{"name":"wp","href":"https:\/\/api.w.org\/{rel}","templated":true}]}}