{"id":3736,"date":"2019-11-14T21:47:27","date_gmt":"2019-11-15T04:47:27","guid":{"rendered":"https:\/\/panorama-agro.com\/?page_id=3736"},"modified":"2019-12-27T17:40:05","modified_gmt":"2019-12-28T00:40:05","slug":"costos-de-produccion-2014-2015-2-2-2-2-2","status":"publish","type":"page","link":"https:\/\/panorama-agro.com\/?page_id=3736","title":{"rendered":"Costos de producci\u00f3n 2019-2020 \/ Ajonjol\u00ed"},"content":{"rendered":"\n<h2 class=\"has-text-align-center wp-block-heading\">Informaci\u00f3n general<\/h2>\n\n\n\n<figure class=\"wp-block-table aligncenter\"><table class=\"\"><tbody><tr><td>Zona:<\/td><td>Agencias de Sinaloa<\/td><\/tr><tr><td>Ciclo:<\/td><td>Primavera-verano 2019<\/td><\/tr><tr><td>A\u00f1o:<\/td><td>2019<\/td><\/tr><tr><td>Tecnolog\u00eda<\/td><td>Gravedad-mejorada-fertilizada<\/td><\/tr><tr><td>Modalidad<\/td><td>Labranza de Conservacion<\/td><\/tr><\/tbody><\/table><\/figure>\n\n\n\n<h2 class=\"has-text-align-center wp-block-heading\">An\u00e1lisis econ\u00f3mico<\/h2>\n\n\n\n<figure class=\"wp-block-table aligncenter\"><table class=\"\"><tbody><tr><td>Rendimiento probable (ton\/ha)<\/td><td class=\"has-text-align-right\" data-align=\"right\">1.0<\/td><\/tr><tr><td>Precio probable ($\/ton)<\/td><td class=\"has-text-align-right\" data-align=\"right\">$18,000<\/td><\/tr><tr><td>Ingreso probable ($\/ha)<\/td><td class=\"has-text-align-right\" data-align=\"right\">$18,000<\/td><\/tr><tr><td>Costo total ($\/ha)<\/td><td class=\"has-text-align-right\" data-align=\"right\">$14,944<\/td><\/tr><tr><td>Utilidad probable ($\/ha)<\/td><td class=\"has-text-align-right\" data-align=\"right\">$3,056<\/td><\/tr><tr><td>Costo unitario ($\/ton)<\/td><td class=\"has-text-align-right\" data-align=\"right\">$14,944<\/td><\/tr><tr><td>Punto de equilibrio (ton\/ha)<\/td><td class=\"has-text-align-right\" data-align=\"right\">0.83<\/td><\/tr><\/tbody><\/table><\/figure>\n\n\n\n<h2 class=\"has-text-align-center wp-block-heading\">Producci\u00f3n (ton\/ha) para cubrir:<\/h2>\n\n\n\n<figure class=\"wp-block-table aligncenter\"><table class=\"\"><tbody><tr><td>Av\u00edo+Intereses<\/td><td>0.62<\/td><\/tr><tr><td>Costo directo<\/td><td>0.73<\/td><\/tr><\/tbody><\/table><\/figure>\n\n\n\n<h2 class=\"has-text-align-center wp-block-heading\">Resumen de Costos<\/h2>\n\n\n\n<figure class=\"wp-block-table aligncenter\"><table class=\"\"><tbody><tr><td>Preparaci\u00f3n del Terreno<\/td><td class=\"has-text-align-right\" data-align=\"right\">$2,244<\/td><\/tr><tr><td>Siembra<\/td><td class=\"has-text-align-right\" data-align=\"right\">$912<\/td><\/tr><tr><td>Fertilizaci\u00f3n<\/td><td class=\"has-text-align-right\" data-align=\"right\">$1,140<\/td><\/tr><tr><td>Labores Culturales<\/td><td class=\"has-text-align-right\" data-align=\"right\">$1,370<\/td><\/tr><tr><td>Riegos<\/td><td class=\"has-text-align-right\" data-align=\"right\">$1,900<\/td><\/tr><tr><td>Control de plagas, malezas y enfermedades<\/td><td class=\"has-text-align-right\" data-align=\"right\">$77<\/td><\/tr><tr><td>Cosecha, Selecci\u00f3n y empaque<\/td><td class=\"has-text-align-right\" data-align=\"right\">$1,842<\/td><\/tr><tr><td>Comercializaci\u00f3n<\/td><td class=\"has-text-align-right\" data-align=\"right\">$0<\/td><\/tr><tr><td>Diversos<\/td><td class=\"has-text-align-right\" data-align=\"right\">$2,410<\/td><\/tr><tr><td>Total:<\/td><td class=\"has-text-align-right\" data-align=\"right\">$14,944<\/td><\/tr><\/tbody><\/table><\/figure>\n\n\n\n<h2 class=\"has-text-align-center wp-block-heading\">Financiamiento<\/h2>\n\n\n\n<figure class=\"wp-block-table aligncenter\"><table class=\"\"><tbody><tr><td>Necesidades de Financiamiento<\/td><td class=\"has-text-align-right\" data-align=\"right\">Hasta 160 mil UDI<\/td><td class=\"has-text-align-right\" data-align=\"right\">Mayor a 160 mil UDI<\/td><\/tr><tr><td>Cuota de cr\u00e9dito $\/ha<\/td><td class=\"has-text-align-right\" data-align=\"right\">$11,700<\/td><td class=\"has-text-align-right\" data-align=\"right\">$10,400<\/td><\/tr><tr><td>Aportaci\u00f3n $\/ha<\/td><td class=\"has-text-align-right\" data-align=\"right\">$1,350<\/td><td class=\"has-text-align-right\" data-align=\"right\">$2,650<\/td><\/tr><tr><td>Intereses $\/ha<\/td><td class=\"has-text-align-right\" data-align=\"right\">$900<\/td><td class=\"has-text-align-right\" data-align=\"right\">$801<\/td><\/tr><\/tbody><\/table><\/figure>\n\n\n<p><!--EndFragment--><br \/><br \/><\/p>\n\n\n<div class=\"wp-block-image\"><figure class=\"aligncenter size-large\"><img decoding=\"async\" loading=\"lazy\" width=\"550\" height=\"660\" src=\"https:\/\/panorama-agro.com\/wp-content\/uploads\/2019\/12\/AJONJOLI-1.jpg\" alt=\"\" class=\"wp-image-3886\" srcset=\"https:\/\/panorama-agro.com\/wp-content\/uploads\/2019\/12\/AJONJOLI-1.jpg 550w, https:\/\/panorama-agro.com\/wp-content\/uploads\/2019\/12\/AJONJOLI-1-375x450.jpg 375w, https:\/\/panorama-agro.com\/wp-content\/uploads\/2019\/12\/AJONJOLI-1-122x146.jpg 122w, https:\/\/panorama-agro.com\/wp-content\/uploads\/2019\/12\/AJONJOLI-1-42x50.jpg 42w, https:\/\/panorama-agro.com\/wp-content\/uploads\/2019\/12\/AJONJOLI-1-63x75.jpg 63w\" sizes=\"(max-width:767px) 550px, 550px\" \/><\/figure><\/div>\n\n\n\n<ul><li>Los costos de producci\u00f3n aqu\u00ed presentados aplican para el estado de Sinaloa, M\u00e9xico, y est\u00e1n expresados en Pesos Mexicanos.&nbsp;<em>Fuente: Sistema de Costos Agr\u00edcolas FIRA.<\/em><\/li><\/ul>\n","protected":false},"excerpt":{"rendered":"<p>Informaci\u00f3n general Zona: Agencias de Sinaloa Ciclo: Primavera-verano 2019 A\u00f1o: 2019 Tecnolog\u00eda Gravedad-mejorada-fertilizada Modalidad Labranza de Conservacion An\u00e1lisis econ\u00f3mico Rendimiento probable (ton\/ha) 1.0 Precio probable ($\/ton)<span class=\"excerpt-hellip\"> [\u2026]<\/span><\/p>\n","protected":false},"author":4,"featured_media":3814,"parent":3744,"menu_order":0,"comment_status":"open","ping_status":"open","template":"","meta":{"ngg_post_thumbnail":0,"jetpack_post_was_ever_published":false,"footnotes":""},"categories":[123],"tags":[],"acf":[],"jetpack_sharing_enabled":true,"jetpack_shortlink":"https:\/\/wp.me\/P5Aau3-Yg","_links":{"self":[{"href":"https:\/\/panorama-agro.com\/index.php?rest_route=\/wp\/v2\/pages\/3736"}],"collection":[{"href":"https:\/\/panorama-agro.com\/index.php?rest_route=\/wp\/v2\/pages"}],"about":[{"href":"https:\/\/panorama-agro.com\/index.php?rest_route=\/wp\/v2\/types\/page"}],"author":[{"embeddable":true,"href":"https:\/\/panorama-agro.com\/index.php?rest_route=\/wp\/v2\/users\/4"}],"replies":[{"embeddable":true,"href":"https:\/\/panorama-agro.com\/index.php?rest_route=%2Fwp%2Fv2%2Fcomments&post=3736"}],"version-history":[{"count":5,"href":"https:\/\/panorama-agro.com\/index.php?rest_route=\/wp\/v2\/pages\/3736\/revisions"}],"predecessor-version":[{"id":3888,"href":"https:\/\/panorama-agro.com\/index.php?rest_route=\/wp\/v2\/pages\/3736\/revisions\/3888"}],"up":[{"embeddable":true,"href":"https:\/\/panorama-agro.com\/index.php?rest_route=\/wp\/v2\/pages\/3744"}],"wp:featuredmedia":[{"embeddable":true,"href":"https:\/\/panorama-agro.com\/index.php?rest_route=\/wp\/v2\/media\/3814"}],"wp:attachment":[{"href":"https:\/\/panorama-agro.com\/index.php?rest_route=%2Fwp%2Fv2%2Fmedia&parent=3736"}],"wp:term":[{"taxonomy":"category","embeddable":true,"href":"https:\/\/panorama-agro.com\/index.php?rest_route=%2Fwp%2Fv2%2Fcategories&post=3736"},{"taxonomy":"post_tag","embeddable":true,"href":"https:\/\/panorama-agro.com\/index.php?rest_route=%2Fwp%2Fv2%2Ftags&post=3736"}],"curies":[{"name":"wp","href":"https:\/\/api.w.org\/{rel}","templated":true}]}}