{"id":3741,"date":"2019-11-19T20:11:12","date_gmt":"2019-11-20T03:11:12","guid":{"rendered":"https:\/\/panorama-agro.com\/?page_id=3741"},"modified":"2023-05-13T09:23:13","modified_gmt":"2023-05-13T16:23:13","slug":"tomate-2-2-2","status":"publish","type":"page","link":"https:\/\/panorama-agro.com\/?page_id=3741","title":{"rendered":"Ar\u00e1ndano"},"content":{"rendered":"\n<p>El alto costo del establecimiento de una plantaci\u00f3n de ar\u00e1ndanos (<em>Vaccinium corymbosum<\/em> L.) y el largo tiempo de producci\u00f3n de esta plantaci\u00f3n, requiere de un proyecto de establecimiento que eval\u00fae varios factores de vital importancia para asegurar el logro de los resultados econ\u00f3micos propuestos; \u00e9stos deben incluir el conocimiento de las condiciones edafoclim\u00e1ticas del lugar en que se proyecta la plantaci\u00f3n, disponibilidad cercana de mano de obra para labores de manejo y cosecha, conocimiento de la superficie plantada de este cultivo en los alrededores u otras plantaciones frutales que puedan competir al momento de la cosecha, etc.<\/p>\n\n\n\n<p>El proyecto tambi\u00e9n deber\u00e1 indicar las variedades que se plantar\u00e1n dependiendo de la finalidad de la producci\u00f3n: s\u00f3lo para fresco o para doble prop\u00f3sito incluyendo la posibilidad del congelado.&nbsp;<\/p>\n\n\n\n<h3 class=\"wp-block-heading\">Informaci\u00f3n disponible<\/h3>\n\n\n\n<p>A continuaci\u00f3n le presentamos la informaci\u00f3n t\u00e9cnica disponible para este cultivo:<\/p>\n\n\n\n<ul>\n<li><a href=\"https:\/\/panorama-agro.com\/?page_id=3821\">Gu\u00eda de manejo del cultivo<\/a><\/li>\n\n\n\n<li><a href=\"\/?page_id=3732\">Costos de Producci\u00f3n (2019-2020)<\/a><\/li>\n<\/ul>\n\n\n\n<p>Informaci\u00f3n adicional:<\/p>\n\n\n\n<ul>\n<li><a href=\"\/?p=3826\">L\u00edmites m\u00e1ximos de residuos de plaguicidas<\/a><\/li>\n<\/ul>\n","protected":false},"excerpt":{"rendered":"<p>El alto costo del establecimiento de una plantaci\u00f3n de ar\u00e1ndanos (Vaccinium corymbosum L.) y el largo tiempo de producci\u00f3n de esta plantaci\u00f3n, requiere de un proyecto<span class=\"excerpt-hellip\"> [\u2026]<\/span><\/p>\n","protected":false},"author":4,"featured_media":3810,"parent":26,"menu_order":0,"comment_status":"open","ping_status":"closed","template":"","meta":{"ngg_post_thumbnail":0,"jetpack_post_was_ever_published":false,"footnotes":""},"categories":[122,100],"tags":[],"acf":[],"jetpack_sharing_enabled":true,"jetpack_shortlink":"https:\/\/wp.me\/P5Aau3-Yl","_links":{"self":[{"href":"https:\/\/panorama-agro.com\/index.php?rest_route=\/wp\/v2\/pages\/3741"}],"collection":[{"href":"https:\/\/panorama-agro.com\/index.php?rest_route=\/wp\/v2\/pages"}],"about":[{"href":"https:\/\/panorama-agro.com\/index.php?rest_route=\/wp\/v2\/types\/page"}],"author":[{"embeddable":true,"href":"https:\/\/panorama-agro.com\/index.php?rest_route=\/wp\/v2\/users\/4"}],"replies":[{"embeddable":true,"href":"https:\/\/panorama-agro.com\/index.php?rest_route=%2Fwp%2Fv2%2Fcomments&post=3741"}],"version-history":[{"count":7,"href":"https:\/\/panorama-agro.com\/index.php?rest_route=\/wp\/v2\/pages\/3741\/revisions"}],"predecessor-version":[{"id":4310,"href":"https:\/\/panorama-agro.com\/index.php?rest_route=\/wp\/v2\/pages\/3741\/revisions\/4310"}],"up":[{"embeddable":true,"href":"https:\/\/panorama-agro.com\/index.php?rest_route=\/wp\/v2\/pages\/26"}],"wp:featuredmedia":[{"embeddable":true,"href":"https:\/\/panorama-agro.com\/index.php?rest_route=\/wp\/v2\/media\/3810"}],"wp:attachment":[{"href":"https:\/\/panorama-agro.com\/index.php?rest_route=%2Fwp%2Fv2%2Fmedia&parent=3741"}],"wp:term":[{"taxonomy":"category","embeddable":true,"href":"https:\/\/panorama-agro.com\/index.php?rest_route=%2Fwp%2Fv2%2Fcategories&post=3741"},{"taxonomy":"post_tag","embeddable":true,"href":"https:\/\/panorama-agro.com\/index.php?rest_route=%2Fwp%2Fv2%2Ftags&post=3741"}],"curies":[{"name":"wp","href":"https:\/\/api.w.org\/{rel}","templated":true}]}}