{"id":4146,"date":"2021-10-02T12:30:33","date_gmt":"2021-10-02T18:30:33","guid":{"rendered":"https:\/\/panorama-agro.com\/?page_id=4146"},"modified":"2021-10-21T18:50:48","modified_gmt":"2021-10-22T00:50:48","slug":"costos-de-produccion-2014-2015-2-2-2","status":"publish","type":"page","link":"https:\/\/panorama-agro.com\/?page_id=4146","title":{"rendered":"Costos de producci\u00f3n 2021-2022 \/ Sorgo"},"content":{"rendered":"\n<div class=\"wp-block-image\"><figure class=\"aligncenter size-full\"><img decoding=\"async\" loading=\"lazy\" width=\"900\" height=\"524\" src=\"https:\/\/panorama-agro.com\/wp-content\/uploads\/2021\/10\/SORGO.jpg\" alt=\"\" class=\"wp-image-4179\" srcset=\"https:\/\/panorama-agro.com\/wp-content\/uploads\/2021\/10\/SORGO.jpg 900w, https:\/\/panorama-agro.com\/wp-content\/uploads\/2021\/10\/SORGO-600x349.jpg 600w, https:\/\/panorama-agro.com\/wp-content\/uploads\/2021\/10\/SORGO-768x447.jpg 768w, https:\/\/panorama-agro.com\/wp-content\/uploads\/2021\/10\/SORGO-251x146.jpg 251w, https:\/\/panorama-agro.com\/wp-content\/uploads\/2021\/10\/SORGO-50x29.jpg 50w, https:\/\/panorama-agro.com\/wp-content\/uploads\/2021\/10\/SORGO-129x75.jpg 129w\" sizes=\"(max-width:767px) 700px, (max-width:900px) 100vw, 900px\" \/><\/figure><\/div>\n\n\n\n<ul><li>Los costos de producci\u00f3n aqu\u00ed presentados aplican para el estado de Sinaloa, M\u00e9xico, y est\u00e1n expresados en Pesos Mexicanos.&nbsp;<em>Fuente: Sistema de Costos Agr\u00edcolas FIRA.\ufeff<\/em><\/li><\/ul>\n\n\n<a href=\"https:\/\/panorama-agro.com\/wp-content\/uploads\/2021\/10\/Sorgo_GMF_Sinaloa_OI_2021_2022.pdf\" class=\"pdfemb-viewer\" style=\"\" data-width=\"max\" data-height=\"max\" data-mobile-width=\"500\"  data-scrollbar=\"none\" data-download=\"on\" data-tracking=\"on\" data-newwindow=\"on\" data-pagetextbox=\"off\" data-scrolltotop=\"off\" data-startzoom=\"100\" data-startfpzoom=\"100\" data-toolbar=\"bottom\" data-toolbar-fixed=\"off\">Sorgo_GMF_Sinaloa_OI_2021_2022<br\/><\/a>\n<p class=\"wp-block-pdfemb-pdf-embedder-viewer\"><\/p>\n","protected":false},"excerpt":{"rendered":"<p>Los costos de producci\u00f3n aqu\u00ed presentados aplican para el estado de Sinaloa, M\u00e9xico, y est\u00e1n expresados en Pesos Mexicanos.&nbsp;Fuente: Sistema de Costos Agr\u00edcolas FIRA.\ufeff<\/p>\n","protected":false},"author":4,"featured_media":0,"parent":24,"menu_order":0,"comment_status":"open","ping_status":"closed","template":"","meta":{"ngg_post_thumbnail":0,"jetpack_post_was_ever_published":false,"footnotes":""},"categories":[11],"tags":[],"acf":[],"jetpack_sharing_enabled":true,"jetpack_shortlink":"https:\/\/wp.me\/P5Aau3-14S","_links":{"self":[{"href":"https:\/\/panorama-agro.com\/index.php?rest_route=\/wp\/v2\/pages\/4146"}],"collection":[{"href":"https:\/\/panorama-agro.com\/index.php?rest_route=\/wp\/v2\/pages"}],"about":[{"href":"https:\/\/panorama-agro.com\/index.php?rest_route=\/wp\/v2\/types\/page"}],"author":[{"embeddable":true,"href":"https:\/\/panorama-agro.com\/index.php?rest_route=\/wp\/v2\/users\/4"}],"replies":[{"embeddable":true,"href":"https:\/\/panorama-agro.com\/index.php?rest_route=%2Fwp%2Fv2%2Fcomments&post=4146"}],"version-history":[{"count":3,"href":"https:\/\/panorama-agro.com\/index.php?rest_route=\/wp\/v2\/pages\/4146\/revisions"}],"predecessor-version":[{"id":4180,"href":"https:\/\/panorama-agro.com\/index.php?rest_route=\/wp\/v2\/pages\/4146\/revisions\/4180"}],"up":[{"embeddable":true,"href":"https:\/\/panorama-agro.com\/index.php?rest_route=\/wp\/v2\/pages\/24"}],"wp:attachment":[{"href":"https:\/\/panorama-agro.com\/index.php?rest_route=%2Fwp%2Fv2%2Fmedia&parent=4146"}],"wp:term":[{"taxonomy":"category","embeddable":true,"href":"https:\/\/panorama-agro.com\/index.php?rest_route=%2Fwp%2Fv2%2Fcategories&post=4146"},{"taxonomy":"post_tag","embeddable":true,"href":"https:\/\/panorama-agro.com\/index.php?rest_route=%2Fwp%2Fv2%2Ftags&post=4146"}],"curies":[{"name":"wp","href":"https:\/\/api.w.org\/{rel}","templated":true}]}}