{"id":4214,"date":"2022-12-05T13:00:06","date_gmt":"2022-12-05T20:00:06","guid":{"rendered":"https:\/\/panorama-agro.com\/?page_id=4214"},"modified":"2023-01-04T19:19:55","modified_gmt":"2023-01-05T02:19:55","slug":"costos-de-produccion-2014-2015-2-2-2-2","status":"publish","type":"page","link":"https:\/\/panorama-agro.com\/?page_id=4214","title":{"rendered":"Costos de producci\u00f3n 2022-2023 \/ Garbanzo"},"content":{"rendered":"\n<div class=\"wp-block-image\"><figure class=\"aligncenter size-large\"><img decoding=\"async\" loading=\"lazy\" width=\"1920\" height=\"762\" src=\"https:\/\/panorama-agro.com\/wp-content\/uploads\/2023\/01\/COSTO-GARBANZO-2022-2023-1920x762.jpg\" alt=\"\" class=\"wp-image-4240\" srcset=\"https:\/\/panorama-agro.com\/wp-content\/uploads\/2023\/01\/COSTO-GARBANZO-2022-2023-1920x762.jpg 1920w, https:\/\/panorama-agro.com\/wp-content\/uploads\/2023\/01\/COSTO-GARBANZO-2022-2023-600x238.jpg 600w, https:\/\/panorama-agro.com\/wp-content\/uploads\/2023\/01\/COSTO-GARBANZO-2022-2023-768x305.jpg 768w, https:\/\/panorama-agro.com\/wp-content\/uploads\/2023\/01\/COSTO-GARBANZO-2022-2023-1536x610.jpg 1536w, https:\/\/panorama-agro.com\/wp-content\/uploads\/2023\/01\/COSTO-GARBANZO-2022-2023-260x103.jpg 260w, https:\/\/panorama-agro.com\/wp-content\/uploads\/2023\/01\/COSTO-GARBANZO-2022-2023-50x20.jpg 50w, https:\/\/panorama-agro.com\/wp-content\/uploads\/2023\/01\/COSTO-GARBANZO-2022-2023-150x60.jpg 150w, https:\/\/panorama-agro.com\/wp-content\/uploads\/2023\/01\/COSTO-GARBANZO-2022-2023.jpg 2000w\" sizes=\"(max-width:767px) 700px, (max-width:1920px) 100vw, 1920px\" \/><\/figure><\/div>\n\n\n\n<figure class=\"wp-block-table\"><table><tbody><tr><td>Rendimiento probable (Ton\/Ha): 2.25<\/td><td>Costo total ($): $34,645<\/td><\/tr><tr><td>Precio probable ($\/Ton): $17,000<\/td><td>Utilidad probable ($\/Ha): $3,605<\/td><\/tr><tr><td>Ingreso Probable ($\/Ha): $38,250<\/td><td>Costo Unitario ($\/Ton): $15,398<\/td><\/tr><tr><td><\/td><td>Punto de equilibrio (Ton\/Ha): 2.04<\/td><\/tr><\/tbody><\/table><\/figure>\n\n\n\n<ul><li>Los costos de producci\u00f3n aqu\u00ed presentados aplican para el estado de Sinaloa, M\u00e9xico, y est\u00e1n expresados en Pesos Mexicanos.&nbsp;<em>Fuente: Sistema de Costos Agr\u00edcolas FIRA.<\/em><\/li><\/ul>\n\n\n<a href=\"https:\/\/panorama-agro.com\/wp-content\/uploads\/2023\/01\/Garbanzo_GMF_Sinaloa_OI_2022_2023.pdf\" class=\"pdfemb-viewer\" style=\"\" data-width=\"max\" data-height=\"max\" data-mobile-width=\"500\"  data-scrollbar=\"none\" data-download=\"on\" data-tracking=\"on\" data-newwindow=\"on\" data-pagetextbox=\"off\" data-scrolltotop=\"off\" data-startzoom=\"100\" data-startfpzoom=\"100\" data-toolbar=\"bottom\" data-toolbar-fixed=\"off\">Garbanzo_GMF_Sinaloa_OI_2022_2023<br\/><\/a>\n<p class=\"wp-block-pdfemb-pdf-embedder-viewer\"><\/p>\n","protected":false},"excerpt":{"rendered":"<p>Rendimiento probable (Ton\/Ha): 2.25 Costo total ($): $34,645 Precio probable ($\/Ton): $17,000 Utilidad probable ($\/Ha): $3,605 Ingreso Probable ($\/Ha): $38,250 Costo Unitario ($\/Ton): $15,398 Punto de<span class=\"excerpt-hellip\"> [\u2026]<\/span><\/p>\n","protected":false},"author":4,"featured_media":0,"parent":1436,"menu_order":0,"comment_status":"open","ping_status":"closed","template":"","meta":{"ngg_post_thumbnail":0,"jetpack_post_was_ever_published":false,"footnotes":""},"categories":[10],"tags":[],"acf":[],"jetpack_sharing_enabled":true,"jetpack_shortlink":"https:\/\/wp.me\/P5Aau3-15Y","_links":{"self":[{"href":"https:\/\/panorama-agro.com\/index.php?rest_route=\/wp\/v2\/pages\/4214"}],"collection":[{"href":"https:\/\/panorama-agro.com\/index.php?rest_route=\/wp\/v2\/pages"}],"about":[{"href":"https:\/\/panorama-agro.com\/index.php?rest_route=\/wp\/v2\/types\/page"}],"author":[{"embeddable":true,"href":"https:\/\/panorama-agro.com\/index.php?rest_route=\/wp\/v2\/users\/4"}],"replies":[{"embeddable":true,"href":"https:\/\/panorama-agro.com\/index.php?rest_route=%2Fwp%2Fv2%2Fcomments&post=4214"}],"version-history":[{"count":2,"href":"https:\/\/panorama-agro.com\/index.php?rest_route=\/wp\/v2\/pages\/4214\/revisions"}],"predecessor-version":[{"id":4242,"href":"https:\/\/panorama-agro.com\/index.php?rest_route=\/wp\/v2\/pages\/4214\/revisions\/4242"}],"up":[{"embeddable":true,"href":"https:\/\/panorama-agro.com\/index.php?rest_route=\/wp\/v2\/pages\/1436"}],"wp:attachment":[{"href":"https:\/\/panorama-agro.com\/index.php?rest_route=%2Fwp%2Fv2%2Fmedia&parent=4214"}],"wp:term":[{"taxonomy":"category","embeddable":true,"href":"https:\/\/panorama-agro.com\/index.php?rest_route=%2Fwp%2Fv2%2Fcategories&post=4214"},{"taxonomy":"post_tag","embeddable":true,"href":"https:\/\/panorama-agro.com\/index.php?rest_route=%2Fwp%2Fv2%2Ftags&post=4214"}],"curies":[{"name":"wp","href":"https:\/\/api.w.org\/{rel}","templated":true}]}}