{"id":4331,"date":"2023-10-20T13:30:33","date_gmt":"2023-10-20T20:30:33","guid":{"rendered":"https:\/\/panorama-agro.com\/?page_id=4331"},"modified":"2023-11-03T18:00:26","modified_gmt":"2023-11-04T01:00:26","slug":"costos-de-produccion-2014-2015-2-2-2-2-2","status":"publish","type":"page","link":"https:\/\/panorama-agro.com\/?page_id=4331","title":{"rendered":"Costos de Producci\u00f3n 2023-2024 \/ Frijol"},"content":{"rendered":"<div class=\"wp-block-image\">\n<figure class=\"aligncenter size-full\"><img decoding=\"async\" loading=\"lazy\" width=\"1199\" height=\"538\" src=\"https:\/\/panorama-agro.com\/wp-content\/uploads\/2023\/11\/COSTOS-FRIJOL-2024.jpg\" alt=\"\" class=\"wp-image-4354\" srcset=\"https:\/\/panorama-agro.com\/wp-content\/uploads\/2023\/11\/COSTOS-FRIJOL-2024.jpg 1199w, https:\/\/panorama-agro.com\/wp-content\/uploads\/2023\/11\/COSTOS-FRIJOL-2024-600x269.jpg 600w, https:\/\/panorama-agro.com\/wp-content\/uploads\/2023\/11\/COSTOS-FRIJOL-2024-768x345.jpg 768w, https:\/\/panorama-agro.com\/wp-content\/uploads\/2023\/11\/COSTOS-FRIJOL-2024-260x117.jpg 260w, https:\/\/panorama-agro.com\/wp-content\/uploads\/2023\/11\/COSTOS-FRIJOL-2024-50x22.jpg 50w, https:\/\/panorama-agro.com\/wp-content\/uploads\/2023\/11\/COSTOS-FRIJOL-2024-150x67.jpg 150w, https:\/\/panorama-agro.com\/wp-content\/uploads\/2023\/11\/COSTOS-FRIJOL-2024-700x314.jpg 700w\" sizes=\"(max-width:767px) 700px, (max-width:1199px) 100vw, 1199px\" \/><\/figure><\/div>\n\n\n<figure class=\"wp-block-table\"><table><tbody><tr><td>Rendimiento probable (Ton\/Ha): 2.00<\/td><td>Costo total ($): $32,605<\/td><\/tr><tr><td>Precio probable ($\/Ton): $20,000<\/td><td>Utilidad probable ($\/Ha): $7,395<\/td><\/tr><tr><td>Ingreso Probable ($\/Ha): $40,000<\/td><td>Costo Unitario ($\/Ton): $16,303<\/td><\/tr><tr><td><\/td><td>Punto de equilibrio (Ton\/Ha): 1.63<\/td><\/tr><\/tbody><\/table><\/figure>\n\n\n\n<ul>\n<li>Los costos de producci\u00f3n aqu\u00ed presentados aplican para el estado de Sinaloa, M\u00e9xico, y est\u00e1n expresados en Pesos Mexicanos.&nbsp;<em>Fuente: Sistema de Costos Agr\u00edcolas FIRA.<\/em><\/li>\n<\/ul>\n\n\n<a href=\"https:\/\/panorama-agro.com\/wp-content\/uploads\/2023\/11\/Frijol_GMF_Sinaloa_OI_2023_2024_W.pdf\" class=\"pdfemb-viewer\" style=\"\" data-width=\"max\" data-height=\"max\" data-mobile-width=\"500\"  data-scrollbar=\"none\" data-download=\"on\" data-tracking=\"on\" data-newwindow=\"on\" data-pagetextbox=\"off\" data-scrolltotop=\"off\" data-startzoom=\"100\" data-startfpzoom=\"100\" data-toolbar=\"bottom\" data-toolbar-fixed=\"off\">Frijol_GMF_Sinaloa_OI_2023_2024_W<br\/><\/a>\n<p class=\"wp-block-pdfemb-pdf-embedder-viewer\"><\/p>\n","protected":false},"excerpt":{"rendered":"<p>Rendimiento probable (Ton\/Ha): 2.00 Costo total ($): $32,605 Precio probable ($\/Ton): $20,000 Utilidad probable ($\/Ha): $7,395 Ingreso Probable ($\/Ha): $40,000 Costo Unitario ($\/Ton): $16,303 Punto de<span class=\"excerpt-hellip\"> [\u2026]<\/span><\/p>\n","protected":false},"author":4,"featured_media":0,"parent":17,"menu_order":0,"comment_status":"open","ping_status":"closed","template":"","meta":{"ngg_post_thumbnail":0,"jetpack_post_was_ever_published":true,"footnotes":""},"categories":[6],"tags":[],"acf":[],"jetpack_sharing_enabled":true,"jetpack_shortlink":"https:\/\/wp.me\/P5Aau3-17R","_links":{"self":[{"href":"https:\/\/panorama-agro.com\/index.php?rest_route=\/wp\/v2\/pages\/4331"}],"collection":[{"href":"https:\/\/panorama-agro.com\/index.php?rest_route=\/wp\/v2\/pages"}],"about":[{"href":"https:\/\/panorama-agro.com\/index.php?rest_route=\/wp\/v2\/types\/page"}],"author":[{"embeddable":true,"href":"https:\/\/panorama-agro.com\/index.php?rest_route=\/wp\/v2\/users\/4"}],"replies":[{"embeddable":true,"href":"https:\/\/panorama-agro.com\/index.php?rest_route=%2Fwp%2Fv2%2Fcomments&post=4331"}],"version-history":[{"count":2,"href":"https:\/\/panorama-agro.com\/index.php?rest_route=\/wp\/v2\/pages\/4331\/revisions"}],"predecessor-version":[{"id":4356,"href":"https:\/\/panorama-agro.com\/index.php?rest_route=\/wp\/v2\/pages\/4331\/revisions\/4356"}],"up":[{"embeddable":true,"href":"https:\/\/panorama-agro.com\/index.php?rest_route=\/wp\/v2\/pages\/17"}],"wp:attachment":[{"href":"https:\/\/panorama-agro.com\/index.php?rest_route=%2Fwp%2Fv2%2Fmedia&parent=4331"}],"wp:term":[{"taxonomy":"category","embeddable":true,"href":"https:\/\/panorama-agro.com\/index.php?rest_route=%2Fwp%2Fv2%2Fcategories&post=4331"},{"taxonomy":"post_tag","embeddable":true,"href":"https:\/\/panorama-agro.com\/index.php?rest_route=%2Fwp%2Fv2%2Ftags&post=4331"}],"curies":[{"name":"wp","href":"https:\/\/api.w.org\/{rel}","templated":true}]}}