{"id":4335,"date":"2023-11-03T18:14:12","date_gmt":"2023-11-04T01:14:12","guid":{"rendered":"https:\/\/panorama-agro.com\/?page_id=4335"},"modified":"2023-11-03T18:14:13","modified_gmt":"2023-11-04T01:14:13","slug":"costos-de-produccion-2014-2015-2-2-2-2-2","status":"publish","type":"page","link":"https:\/\/panorama-agro.com\/?page_id=4335","title":{"rendered":"Costos de Producci\u00f3n 2023-2024 \/ Trigo"},"content":{"rendered":"<div class=\"wp-block-image\">\n<figure class=\"aligncenter size-full\"><img decoding=\"async\" loading=\"lazy\" width=\"1200\" height=\"518\" src=\"https:\/\/panorama-agro.com\/wp-content\/uploads\/2023\/11\/COSTOS-TRIGO-2024.jpg\" alt=\"\" class=\"wp-image-4362\" srcset=\"https:\/\/panorama-agro.com\/wp-content\/uploads\/2023\/11\/COSTOS-TRIGO-2024.jpg 1200w, https:\/\/panorama-agro.com\/wp-content\/uploads\/2023\/11\/COSTOS-TRIGO-2024-600x259.jpg 600w, https:\/\/panorama-agro.com\/wp-content\/uploads\/2023\/11\/COSTOS-TRIGO-2024-768x332.jpg 768w, https:\/\/panorama-agro.com\/wp-content\/uploads\/2023\/11\/COSTOS-TRIGO-2024-260x112.jpg 260w, https:\/\/panorama-agro.com\/wp-content\/uploads\/2023\/11\/COSTOS-TRIGO-2024-50x22.jpg 50w, https:\/\/panorama-agro.com\/wp-content\/uploads\/2023\/11\/COSTOS-TRIGO-2024-150x65.jpg 150w, https:\/\/panorama-agro.com\/wp-content\/uploads\/2023\/11\/COSTOS-TRIGO-2024-700x302.jpg 700w\" sizes=\"(max-width:767px) 700px, (max-width:1200px) 100vw, 1200px\" \/><\/figure><\/div>\n\n\n<figure class=\"wp-block-table\"><table><tbody><tr><td>Rendimiento probable (Ton\/Ha): 5.80<\/td><td>Costo total ($): $29,525<\/td><\/tr><tr><td>Precio probable ($\/Ton): $5,216<\/td><td>Utilidad probable ($\/Ha): $728<\/td><\/tr><tr><td>Ingreso Probable ($\/Ha): $30,253<\/td><td>Costo Unitario ($\/Ton): $5,090<\/td><\/tr><tr><td><\/td><td>Punto de equilibrio (Ton\/Ha): 5.66<\/td><\/tr><\/tbody><\/table><\/figure>\n\n\n\n<ul>\n<li>Los costos de producci\u00f3n aqu\u00ed presentados aplican para el estado de Sinaloa, M\u00e9xico, y est\u00e1n expresados en Pesos Mexicanos.&nbsp;<em>Fuente: Sistema de Costos Agr\u00edcolas FIRA.\ufeff<\/em><\/li>\n<\/ul>\n\n\n<a href=\"https:\/\/panorama-agro.com\/wp-content\/uploads\/2023\/11\/Trigo_GMF_Sinaloa_OI_2023_2024_W.pdf\" class=\"pdfemb-viewer\" style=\"\" data-width=\"max\" data-height=\"max\" data-mobile-width=\"500\"  data-scrollbar=\"none\" data-download=\"on\" data-tracking=\"on\" data-newwindow=\"on\" data-pagetextbox=\"off\" data-scrolltotop=\"off\" data-startzoom=\"100\" data-startfpzoom=\"100\" data-toolbar=\"bottom\" data-toolbar-fixed=\"off\">Trigo_GMF_Sinaloa_OI_2023_2024_W<br\/><\/a>\n<p class=\"wp-block-pdfemb-pdf-embedder-viewer\"><\/p>\n","protected":false},"excerpt":{"rendered":"<p>Rendimiento probable (Ton\/Ha): 5.80 Costo total ($): $29,525 Precio probable ($\/Ton): $5,216 Utilidad probable ($\/Ha): $728 Ingreso Probable ($\/Ha): $30,253 Costo Unitario ($\/Ton): $5,090 Punto de<span class=\"excerpt-hellip\"> [\u2026]<\/span><\/p>\n","protected":false},"author":4,"featured_media":0,"parent":868,"menu_order":0,"comment_status":"open","ping_status":"closed","template":"","meta":{"ngg_post_thumbnail":0,"jetpack_post_was_ever_published":false,"footnotes":""},"categories":[13],"tags":[],"acf":[],"jetpack_sharing_enabled":true,"jetpack_shortlink":"https:\/\/wp.me\/P5Aau3-17V","_links":{"self":[{"href":"https:\/\/panorama-agro.com\/index.php?rest_route=\/wp\/v2\/pages\/4335"}],"collection":[{"href":"https:\/\/panorama-agro.com\/index.php?rest_route=\/wp\/v2\/pages"}],"about":[{"href":"https:\/\/panorama-agro.com\/index.php?rest_route=\/wp\/v2\/types\/page"}],"author":[{"embeddable":true,"href":"https:\/\/panorama-agro.com\/index.php?rest_route=\/wp\/v2\/users\/4"}],"replies":[{"embeddable":true,"href":"https:\/\/panorama-agro.com\/index.php?rest_route=%2Fwp%2Fv2%2Fcomments&post=4335"}],"version-history":[{"count":2,"href":"https:\/\/panorama-agro.com\/index.php?rest_route=\/wp\/v2\/pages\/4335\/revisions"}],"predecessor-version":[{"id":4364,"href":"https:\/\/panorama-agro.com\/index.php?rest_route=\/wp\/v2\/pages\/4335\/revisions\/4364"}],"up":[{"embeddable":true,"href":"https:\/\/panorama-agro.com\/index.php?rest_route=\/wp\/v2\/pages\/868"}],"wp:attachment":[{"href":"https:\/\/panorama-agro.com\/index.php?rest_route=%2Fwp%2Fv2%2Fmedia&parent=4335"}],"wp:term":[{"taxonomy":"category","embeddable":true,"href":"https:\/\/panorama-agro.com\/index.php?rest_route=%2Fwp%2Fv2%2Fcategories&post=4335"},{"taxonomy":"post_tag","embeddable":true,"href":"https:\/\/panorama-agro.com\/index.php?rest_route=%2Fwp%2Fv2%2Ftags&post=4335"}],"curies":[{"name":"wp","href":"https:\/\/api.w.org\/{rel}","templated":true}]}}