{"id":4337,"date":"2023-11-03T18:23:13","date_gmt":"2023-11-04T01:23:13","guid":{"rendered":"https:\/\/panorama-agro.com\/?page_id=4337"},"modified":"2023-11-03T18:23:15","modified_gmt":"2023-11-04T01:23:15","slug":"costos-de-produccion-2014-2015-2-2-2-2-2","status":"publish","type":"page","link":"https:\/\/panorama-agro.com\/?page_id=4337","title":{"rendered":"Costos de producci\u00f3n 2023-2024 \/ Sorgo"},"content":{"rendered":"<div class=\"wp-block-image\">\n<figure class=\"aligncenter size-full\"><img decoding=\"async\" loading=\"lazy\" width=\"1200\" height=\"515\" src=\"https:\/\/panorama-agro.com\/wp-content\/uploads\/2023\/11\/COSTOS-SORGO-2024.jpg\" alt=\"\" class=\"wp-image-4366\" srcset=\"https:\/\/panorama-agro.com\/wp-content\/uploads\/2023\/11\/COSTOS-SORGO-2024.jpg 1200w, https:\/\/panorama-agro.com\/wp-content\/uploads\/2023\/11\/COSTOS-SORGO-2024-600x258.jpg 600w, https:\/\/panorama-agro.com\/wp-content\/uploads\/2023\/11\/COSTOS-SORGO-2024-768x330.jpg 768w, https:\/\/panorama-agro.com\/wp-content\/uploads\/2023\/11\/COSTOS-SORGO-2024-260x112.jpg 260w, https:\/\/panorama-agro.com\/wp-content\/uploads\/2023\/11\/COSTOS-SORGO-2024-50x21.jpg 50w, https:\/\/panorama-agro.com\/wp-content\/uploads\/2023\/11\/COSTOS-SORGO-2024-150x64.jpg 150w, https:\/\/panorama-agro.com\/wp-content\/uploads\/2023\/11\/COSTOS-SORGO-2024-700x300.jpg 700w\" sizes=\"(max-width:767px) 700px, (max-width:1200px) 100vw, 1200px\" \/><\/figure><\/div>\n\n\n<figure class=\"wp-block-table\"><table><tbody><tr><td>Rendimiento probable (Ton\/Ha): 8.50<\/td><td>Costo total ($): $29,554<\/td><\/tr><tr><td>Precio probable ($\/Ton): $4,095<\/td><td>Utilidad probable ($\/Ha): $5,254<\/td><\/tr><tr><td>Ingreso Probable ($\/Ha): $34,808<\/td><td>Costo Unitario ($\/Ton): $3,477<\/td><\/tr><tr><td><\/td><td>Punto de equilibrio (Ton\/Ha): 7.22<\/td><\/tr><\/tbody><\/table><\/figure>\n\n\n\n<ul>\n<li>Los costos de producci\u00f3n aqu\u00ed presentados aplican para el estado de Sinaloa, M\u00e9xico, y est\u00e1n expresados en Pesos Mexicanos.&nbsp;<em>Fuente: Sistema de Costos Agr\u00edcolas FIRA.\ufeff<\/em><\/li>\n<\/ul>\n\n\n<a href=\"https:\/\/panorama-agro.com\/wp-content\/uploads\/2023\/11\/Sorgo_GMF_Sinaloa_OI_2023_2024_W.pdf\" class=\"pdfemb-viewer\" style=\"\" data-width=\"max\" data-height=\"max\" data-mobile-width=\"500\"  data-scrollbar=\"none\" data-download=\"on\" data-tracking=\"on\" data-newwindow=\"on\" data-pagetextbox=\"off\" data-scrolltotop=\"off\" data-startzoom=\"100\" data-startfpzoom=\"100\" data-toolbar=\"bottom\" data-toolbar-fixed=\"off\">Sorgo_GMF_Sinaloa_OI_2023_2024_W<br\/><\/a>\n<p class=\"wp-block-pdfemb-pdf-embedder-viewer\"><\/p>\n","protected":false},"excerpt":{"rendered":"<p>Rendimiento probable (Ton\/Ha): 8.50 Costo total ($): $29,554 Precio probable ($\/Ton): $4,095 Utilidad probable ($\/Ha): $5,254 Ingreso Probable ($\/Ha): $34,808 Costo Unitario ($\/Ton): $3,477 Punto de<span class=\"excerpt-hellip\"> [\u2026]<\/span><\/p>\n","protected":false},"author":4,"featured_media":0,"parent":24,"menu_order":0,"comment_status":"open","ping_status":"closed","template":"","meta":{"ngg_post_thumbnail":0,"jetpack_post_was_ever_published":false,"footnotes":""},"categories":[11],"tags":[],"acf":[],"jetpack_sharing_enabled":true,"jetpack_shortlink":"https:\/\/wp.me\/P5Aau3-17X","_links":{"self":[{"href":"https:\/\/panorama-agro.com\/index.php?rest_route=\/wp\/v2\/pages\/4337"}],"collection":[{"href":"https:\/\/panorama-agro.com\/index.php?rest_route=\/wp\/v2\/pages"}],"about":[{"href":"https:\/\/panorama-agro.com\/index.php?rest_route=\/wp\/v2\/types\/page"}],"author":[{"embeddable":true,"href":"https:\/\/panorama-agro.com\/index.php?rest_route=\/wp\/v2\/users\/4"}],"replies":[{"embeddable":true,"href":"https:\/\/panorama-agro.com\/index.php?rest_route=%2Fwp%2Fv2%2Fcomments&post=4337"}],"version-history":[{"count":2,"href":"https:\/\/panorama-agro.com\/index.php?rest_route=\/wp\/v2\/pages\/4337\/revisions"}],"predecessor-version":[{"id":4368,"href":"https:\/\/panorama-agro.com\/index.php?rest_route=\/wp\/v2\/pages\/4337\/revisions\/4368"}],"up":[{"embeddable":true,"href":"https:\/\/panorama-agro.com\/index.php?rest_route=\/wp\/v2\/pages\/24"}],"wp:attachment":[{"href":"https:\/\/panorama-agro.com\/index.php?rest_route=%2Fwp%2Fv2%2Fmedia&parent=4337"}],"wp:term":[{"taxonomy":"category","embeddable":true,"href":"https:\/\/panorama-agro.com\/index.php?rest_route=%2Fwp%2Fv2%2Fcategories&post=4337"},{"taxonomy":"post_tag","embeddable":true,"href":"https:\/\/panorama-agro.com\/index.php?rest_route=%2Fwp%2Fv2%2Ftags&post=4337"}],"curies":[{"name":"wp","href":"https:\/\/api.w.org\/{rel}","templated":true}]}}