{"id":4339,"date":"2023-11-03T18:29:05","date_gmt":"2023-11-04T01:29:05","guid":{"rendered":"https:\/\/panorama-agro.com\/?page_id=4339"},"modified":"2023-11-03T18:29:06","modified_gmt":"2023-11-04T01:29:06","slug":"costos-de-produccion-2023-2024","status":"publish","type":"page","link":"https:\/\/panorama-agro.com\/?page_id=4339","title":{"rendered":"Costos de producci\u00f3n 2023-2024 \/ Papa"},"content":{"rendered":"<div class=\"wp-block-image\">\n<figure class=\"aligncenter size-full\"><img decoding=\"async\" loading=\"lazy\" width=\"1200\" height=\"496\" src=\"https:\/\/panorama-agro.com\/wp-content\/uploads\/2023\/11\/COSTOS-PAPA-2024.jpg\" alt=\"\" class=\"wp-image-4370\" srcset=\"https:\/\/panorama-agro.com\/wp-content\/uploads\/2023\/11\/COSTOS-PAPA-2024.jpg 1200w, https:\/\/panorama-agro.com\/wp-content\/uploads\/2023\/11\/COSTOS-PAPA-2024-600x248.jpg 600w, https:\/\/panorama-agro.com\/wp-content\/uploads\/2023\/11\/COSTOS-PAPA-2024-768x317.jpg 768w, https:\/\/panorama-agro.com\/wp-content\/uploads\/2023\/11\/COSTOS-PAPA-2024-260x107.jpg 260w, https:\/\/panorama-agro.com\/wp-content\/uploads\/2023\/11\/COSTOS-PAPA-2024-50x21.jpg 50w, https:\/\/panorama-agro.com\/wp-content\/uploads\/2023\/11\/COSTOS-PAPA-2024-150x62.jpg 150w, https:\/\/panorama-agro.com\/wp-content\/uploads\/2023\/11\/COSTOS-PAPA-2024-700x289.jpg 700w\" sizes=\"(max-width:767px) 700px, (max-width:1200px) 100vw, 1200px\" \/><\/figure><\/div>\n\n\n<figure class=\"wp-block-table\"><table><tbody><tr><td>Rendimiento probable (Ton\/Ha): 32.00<\/td><td>Costo total ($): $254,489<\/td><\/tr><tr><td>Precio probable ($\/Ton): $9,500<\/td><td>Utilidad probable ($\/Ha): $49,511<\/td><\/tr><tr><td>Ingreso Probable ($\/Ha): $304,000<\/td><td>Costo Unitario ($\/Ton): $7,953<\/td><\/tr><tr><td><\/td><td>Punto de equilibrio (Ton\/Ha): 26.79<\/td><\/tr><\/tbody><\/table><\/figure>\n\n\n\n<ul>\n<li>Los costos de producci\u00f3n aqu\u00ed presentados aplican para el estado de Sinaloa, M\u00e9xico, y est\u00e1n expresados en Pesos Mexicanos.&nbsp;<em>Fuente: Sistema de Costos Agr\u00edcolas FIRA.<\/em><\/li>\n<\/ul>\n\n\n<a href=\"https:\/\/panorama-agro.com\/wp-content\/uploads\/2023\/11\/Papa_BMF_Sinaloa_OI_2023_2024_W-1.pdf\" class=\"pdfemb-viewer\" style=\"\" data-width=\"max\" data-height=\"max\" data-mobile-width=\"500\"  data-scrollbar=\"none\" data-download=\"on\" data-tracking=\"on\" data-newwindow=\"on\" data-pagetextbox=\"off\" data-scrolltotop=\"off\" data-startzoom=\"100\" data-startfpzoom=\"100\" data-toolbar=\"bottom\" data-toolbar-fixed=\"off\">Papa_BMF_Sinaloa_OI_2023_2024_W-1<br\/><\/a>\n<p class=\"wp-block-pdfemb-pdf-embedder-viewer\"><\/p>\n","protected":false},"excerpt":{"rendered":"<p>Rendimiento probable (Ton\/Ha): 32.00 Costo total ($): $254,489 Precio probable ($\/Ton): $9,500 Utilidad probable ($\/Ha): $49,511 Ingreso Probable ($\/Ha): $304,000 Costo Unitario ($\/Ton): $7,953 Punto de<span class=\"excerpt-hellip\"> [\u2026]<\/span><\/p>\n","protected":false},"author":4,"featured_media":0,"parent":2547,"menu_order":0,"comment_status":"open","ping_status":"closed","template":"","meta":{"ngg_post_thumbnail":0,"jetpack_post_was_ever_published":false,"footnotes":""},"categories":[27],"tags":[],"acf":[],"jetpack_sharing_enabled":true,"jetpack_shortlink":"https:\/\/wp.me\/P5Aau3-17Z","_links":{"self":[{"href":"https:\/\/panorama-agro.com\/index.php?rest_route=\/wp\/v2\/pages\/4339"}],"collection":[{"href":"https:\/\/panorama-agro.com\/index.php?rest_route=\/wp\/v2\/pages"}],"about":[{"href":"https:\/\/panorama-agro.com\/index.php?rest_route=\/wp\/v2\/types\/page"}],"author":[{"embeddable":true,"href":"https:\/\/panorama-agro.com\/index.php?rest_route=\/wp\/v2\/users\/4"}],"replies":[{"embeddable":true,"href":"https:\/\/panorama-agro.com\/index.php?rest_route=%2Fwp%2Fv2%2Fcomments&post=4339"}],"version-history":[{"count":3,"href":"https:\/\/panorama-agro.com\/index.php?rest_route=\/wp\/v2\/pages\/4339\/revisions"}],"predecessor-version":[{"id":4372,"href":"https:\/\/panorama-agro.com\/index.php?rest_route=\/wp\/v2\/pages\/4339\/revisions\/4372"}],"up":[{"embeddable":true,"href":"https:\/\/panorama-agro.com\/index.php?rest_route=\/wp\/v2\/pages\/2547"}],"wp:attachment":[{"href":"https:\/\/panorama-agro.com\/index.php?rest_route=%2Fwp%2Fv2%2Fmedia&parent=4339"}],"wp:term":[{"taxonomy":"category","embeddable":true,"href":"https:\/\/panorama-agro.com\/index.php?rest_route=%2Fwp%2Fv2%2Fcategories&post=4339"},{"taxonomy":"post_tag","embeddable":true,"href":"https:\/\/panorama-agro.com\/index.php?rest_route=%2Fwp%2Fv2%2Ftags&post=4339"}],"curies":[{"name":"wp","href":"https:\/\/api.w.org\/{rel}","templated":true}]}}