{"id":4381,"date":"2024-11-28T12:34:26","date_gmt":"2024-11-28T19:34:26","guid":{"rendered":"https:\/\/panorama-agro.com\/?page_id=4381"},"modified":"2025-01-10T10:13:27","modified_gmt":"2025-01-10T17:13:27","slug":"costos-de-produccion-2014-2015-2-2-2-2-2-2","status":"publish","type":"page","link":"https:\/\/panorama-agro.com\/?page_id=4381","title":{"rendered":"Costos de Producci\u00f3n 2024-2025 \/ Ma\u00edz"},"content":{"rendered":"<div class=\"wp-block-image\">\n<figure class=\"aligncenter size-full is-resized\"><img decoding=\"async\" loading=\"lazy\" width=\"1096\" height=\"1310\" src=\"https:\/\/panorama-agro.com\/wp-content\/uploads\/2025\/01\/CULTIVOS-GRAFICAS-2025-MAIZ.jpg\" alt=\"\" class=\"wp-image-4404\" style=\"width:600px\" srcset=\"https:\/\/panorama-agro.com\/wp-content\/uploads\/2025\/01\/CULTIVOS-GRAFICAS-2025-MAIZ.jpg 1096w, https:\/\/panorama-agro.com\/wp-content\/uploads\/2025\/01\/CULTIVOS-GRAFICAS-2025-MAIZ-376x450.jpg 376w, https:\/\/panorama-agro.com\/wp-content\/uploads\/2025\/01\/CULTIVOS-GRAFICAS-2025-MAIZ-768x918.jpg 768w, https:\/\/panorama-agro.com\/wp-content\/uploads\/2025\/01\/CULTIVOS-GRAFICAS-2025-MAIZ-122x146.jpg 122w, https:\/\/panorama-agro.com\/wp-content\/uploads\/2025\/01\/CULTIVOS-GRAFICAS-2025-MAIZ-42x50.jpg 42w, https:\/\/panorama-agro.com\/wp-content\/uploads\/2025\/01\/CULTIVOS-GRAFICAS-2025-MAIZ-63x75.jpg 63w, https:\/\/panorama-agro.com\/wp-content\/uploads\/2025\/01\/CULTIVOS-GRAFICAS-2025-MAIZ-700x837.jpg 700w\" sizes=\"(max-width:767px) 700px, (max-width:1096px) 100vw, 1096px\" \/><\/figure><\/div>\n\n\n<figure class=\"wp-block-table\"><table><tbody><tr><td>Rendimiento probable (Ton\/Ha): 12.00<\/td><td>Utilidad probable ($\/Ha): $6,586<\/td><\/tr><tr><td>Precio probable ($\/Ton): $4,649<\/td><td>Costo Unitario ($\/Ton): $4,101<\/td><\/tr><tr><td>Ingreso Probable ($\/Ha): $55,793<\/td><td>Punto de equilibrio (Ton\/Ha): 10.58<\/td><\/tr><\/tbody><\/table><\/figure>\n\n\n\n<ul>\n<li>Los costos de producci\u00f3n aqu\u00ed presentados aplican para el estado de Sinaloa, M\u00e9xico, y est\u00e1n expresados en Pesos Mexicanos. <em>Fuente: Sistema de Costos Agr\u00edcolas FIRA.<\/em><\/li>\n<\/ul>\n\n\n<a href=\"https:\/\/panorama-agro.com\/wp-content\/uploads\/2025\/01\/Maiz_GMF_Sinaloa_OI_2024_2025-9.pdf\" class=\"pdfemb-viewer\" style=\"\" data-width=\"max\" data-height=\"max\" data-mobile-width=\"500\"  data-scrollbar=\"none\" data-download=\"on\" data-tracking=\"on\" data-newwindow=\"on\" data-pagetextbox=\"off\" data-scrolltotop=\"off\" data-startzoom=\"100\" data-startfpzoom=\"100\" data-toolbar=\"bottom\" data-toolbar-fixed=\"off\">Maiz_GMF_Sinaloa_OI_2024_2025-9<br\/><\/a>\n<p class=\"wp-block-pdfemb-pdf-embedder-viewer\"><\/p>\n","protected":false},"excerpt":{"rendered":"<p>Rendimiento probable (Ton\/Ha): 12.00 Utilidad probable ($\/Ha): $6,586 Precio probable ($\/Ton): $4,649 Costo Unitario ($\/Ton): $4,101 Ingreso Probable ($\/Ha): $55,793 Punto de equilibrio (Ton\/Ha): 10.58<\/p>\n","protected":false},"author":4,"featured_media":0,"parent":15,"menu_order":0,"comment_status":"open","ping_status":"closed","template":"","meta":{"ngg_post_thumbnail":0,"jetpack_post_was_ever_published":true,"footnotes":""},"categories":[4],"tags":[],"acf":[],"jetpack_sharing_enabled":true,"jetpack_shortlink":"https:\/\/wp.me\/P5Aau3-18F","_links":{"self":[{"href":"https:\/\/panorama-agro.com\/index.php?rest_route=\/wp\/v2\/pages\/4381"}],"collection":[{"href":"https:\/\/panorama-agro.com\/index.php?rest_route=\/wp\/v2\/pages"}],"about":[{"href":"https:\/\/panorama-agro.com\/index.php?rest_route=\/wp\/v2\/types\/page"}],"author":[{"embeddable":true,"href":"https:\/\/panorama-agro.com\/index.php?rest_route=\/wp\/v2\/users\/4"}],"replies":[{"embeddable":true,"href":"https:\/\/panorama-agro.com\/index.php?rest_route=%2Fwp%2Fv2%2Fcomments&post=4381"}],"version-history":[{"count":5,"href":"https:\/\/panorama-agro.com\/index.php?rest_route=\/wp\/v2\/pages\/4381\/revisions"}],"predecessor-version":[{"id":4405,"href":"https:\/\/panorama-agro.com\/index.php?rest_route=\/wp\/v2\/pages\/4381\/revisions\/4405"}],"up":[{"embeddable":true,"href":"https:\/\/panorama-agro.com\/index.php?rest_route=\/wp\/v2\/pages\/15"}],"wp:attachment":[{"href":"https:\/\/panorama-agro.com\/index.php?rest_route=%2Fwp%2Fv2%2Fmedia&parent=4381"}],"wp:term":[{"taxonomy":"category","embeddable":true,"href":"https:\/\/panorama-agro.com\/index.php?rest_route=%2Fwp%2Fv2%2Fcategories&post=4381"},{"taxonomy":"post_tag","embeddable":true,"href":"https:\/\/panorama-agro.com\/index.php?rest_route=%2Fwp%2Fv2%2Ftags&post=4381"}],"curies":[{"name":"wp","href":"https:\/\/api.w.org\/{rel}","templated":true}]}}