{"id":4385,"date":"2025-01-10T10:43:36","date_gmt":"2025-01-10T17:43:36","guid":{"rendered":"https:\/\/panorama-agro.com\/?page_id=4385"},"modified":"2025-01-10T10:43:36","modified_gmt":"2025-01-10T17:43:36","slug":"costos-de-produccion-2014-2015-2-2-2-2-2-2","status":"publish","type":"page","link":"https:\/\/panorama-agro.com\/?page_id=4385","title":{"rendered":"Costos de producci\u00f3n 2024-2025 \/ Garbanzo"},"content":{"rendered":"<div class=\"wp-block-image\">\n<figure class=\"aligncenter size-full is-resized\"><img decoding=\"async\" loading=\"lazy\" width=\"1096\" height=\"1310\" src=\"https:\/\/panorama-agro.com\/wp-content\/uploads\/2025\/01\/CULTIVOS-GRAFICAS-2025-GARBANZO.jpg\" alt=\"\" class=\"wp-image-4412\" style=\"width:600px\" srcset=\"https:\/\/panorama-agro.com\/wp-content\/uploads\/2025\/01\/CULTIVOS-GRAFICAS-2025-GARBANZO.jpg 1096w, https:\/\/panorama-agro.com\/wp-content\/uploads\/2025\/01\/CULTIVOS-GRAFICAS-2025-GARBANZO-376x450.jpg 376w, https:\/\/panorama-agro.com\/wp-content\/uploads\/2025\/01\/CULTIVOS-GRAFICAS-2025-GARBANZO-768x918.jpg 768w, https:\/\/panorama-agro.com\/wp-content\/uploads\/2025\/01\/CULTIVOS-GRAFICAS-2025-GARBANZO-122x146.jpg 122w, https:\/\/panorama-agro.com\/wp-content\/uploads\/2025\/01\/CULTIVOS-GRAFICAS-2025-GARBANZO-42x50.jpg 42w, https:\/\/panorama-agro.com\/wp-content\/uploads\/2025\/01\/CULTIVOS-GRAFICAS-2025-GARBANZO-63x75.jpg 63w, https:\/\/panorama-agro.com\/wp-content\/uploads\/2025\/01\/CULTIVOS-GRAFICAS-2025-GARBANZO-700x837.jpg 700w\" sizes=\"(max-width:767px) 700px, (max-width:1096px) 100vw, 1096px\" \/><\/figure><\/div>\n\n\n<figure class=\"wp-block-table\"><table><tbody><tr><td>Rendimiento probable (Ton\/Ha): 2.20<\/td><td>Utilidad probable ($\/Ha): $6,474<\/td><\/tr><tr><td>Precio probable ($\/Ton): $17,300<\/td><td>Costo Unitario ($\/Ton): $14,357<\/td><\/tr><tr><td>Ingreso Probable ($\/Ha): $38,060<\/td><td>Punto de equilibrio (Ton\/Ha): 1.83<\/td><\/tr><\/tbody><\/table><\/figure>\n\n\n\n<ul>\n<li>Los costos de producci\u00f3n aqu\u00ed presentados aplican para el estado de Sinaloa, M\u00e9xico, y est\u00e1n expresados en Pesos Mexicanos.&nbsp;<em>Fuente: Sistema de Costos Agr\u00edcolas FIRA.<\/em><\/li>\n<\/ul>\n\n\n<a href=\"https:\/\/panorama-agro.com\/wp-content\/uploads\/2025\/01\/Garbanzo_GMF_Sinaloa_OI_2024_2025-2.pdf\" class=\"pdfemb-viewer\" style=\"\" data-width=\"max\" data-height=\"max\" data-mobile-width=\"500\"  data-scrollbar=\"none\" data-download=\"on\" data-tracking=\"on\" data-newwindow=\"on\" data-pagetextbox=\"off\" data-scrolltotop=\"off\" data-startzoom=\"100\" data-startfpzoom=\"100\" data-toolbar=\"bottom\" data-toolbar-fixed=\"off\">Garbanzo_GMF_Sinaloa_OI_2024_2025-2<br\/><\/a>\n<p class=\"wp-block-pdfemb-pdf-embedder-viewer\"><\/p>\n","protected":false},"excerpt":{"rendered":"<p>Rendimiento probable (Ton\/Ha): 2.20 Utilidad probable ($\/Ha): $6,474 Precio probable ($\/Ton): $17,300 Costo Unitario ($\/Ton): $14,357 Ingreso Probable ($\/Ha): $38,060 Punto de equilibrio (Ton\/Ha): 1.83<\/p>\n","protected":false},"author":4,"featured_media":0,"parent":1436,"menu_order":0,"comment_status":"open","ping_status":"closed","template":"","meta":{"ngg_post_thumbnail":0,"jetpack_post_was_ever_published":false,"footnotes":""},"categories":[10],"tags":[],"acf":[],"jetpack_sharing_enabled":true,"jetpack_shortlink":"https:\/\/wp.me\/P5Aau3-18J","_links":{"self":[{"href":"https:\/\/panorama-agro.com\/index.php?rest_route=\/wp\/v2\/pages\/4385"}],"collection":[{"href":"https:\/\/panorama-agro.com\/index.php?rest_route=\/wp\/v2\/pages"}],"about":[{"href":"https:\/\/panorama-agro.com\/index.php?rest_route=\/wp\/v2\/types\/page"}],"author":[{"embeddable":true,"href":"https:\/\/panorama-agro.com\/index.php?rest_route=\/wp\/v2\/users\/4"}],"replies":[{"embeddable":true,"href":"https:\/\/panorama-agro.com\/index.php?rest_route=%2Fwp%2Fv2%2Fcomments&post=4385"}],"version-history":[{"count":2,"href":"https:\/\/panorama-agro.com\/index.php?rest_route=\/wp\/v2\/pages\/4385\/revisions"}],"predecessor-version":[{"id":4414,"href":"https:\/\/panorama-agro.com\/index.php?rest_route=\/wp\/v2\/pages\/4385\/revisions\/4414"}],"up":[{"embeddable":true,"href":"https:\/\/panorama-agro.com\/index.php?rest_route=\/wp\/v2\/pages\/1436"}],"wp:attachment":[{"href":"https:\/\/panorama-agro.com\/index.php?rest_route=%2Fwp%2Fv2%2Fmedia&parent=4385"}],"wp:term":[{"taxonomy":"category","embeddable":true,"href":"https:\/\/panorama-agro.com\/index.php?rest_route=%2Fwp%2Fv2%2Fcategories&post=4385"},{"taxonomy":"post_tag","embeddable":true,"href":"https:\/\/panorama-agro.com\/index.php?rest_route=%2Fwp%2Fv2%2Ftags&post=4385"}],"curies":[{"name":"wp","href":"https:\/\/api.w.org\/{rel}","templated":true}]}}