{"id":4387,"date":"2025-01-10T10:47:47","date_gmt":"2025-01-10T17:47:47","guid":{"rendered":"https:\/\/panorama-agro.com\/?page_id=4387"},"modified":"2025-01-10T10:47:48","modified_gmt":"2025-01-10T17:47:48","slug":"costos-de-produccion-2014-2015-2-2-2-2-2-2","status":"publish","type":"page","link":"https:\/\/panorama-agro.com\/?page_id=4387","title":{"rendered":"Costos de producci\u00f3n 2024-2025 \/ Sorgo"},"content":{"rendered":"<div class=\"wp-block-image\">\n<figure class=\"aligncenter size-full is-resized\"><img decoding=\"async\" loading=\"lazy\" width=\"1096\" height=\"1310\" src=\"https:\/\/panorama-agro.com\/wp-content\/uploads\/2025\/01\/CULTIVOS-GRAFICAS-2025-SORGO.jpg\" alt=\"\" class=\"wp-image-4415\" style=\"width:600px\" srcset=\"https:\/\/panorama-agro.com\/wp-content\/uploads\/2025\/01\/CULTIVOS-GRAFICAS-2025-SORGO.jpg 1096w, https:\/\/panorama-agro.com\/wp-content\/uploads\/2025\/01\/CULTIVOS-GRAFICAS-2025-SORGO-376x450.jpg 376w, https:\/\/panorama-agro.com\/wp-content\/uploads\/2025\/01\/CULTIVOS-GRAFICAS-2025-SORGO-768x918.jpg 768w, https:\/\/panorama-agro.com\/wp-content\/uploads\/2025\/01\/CULTIVOS-GRAFICAS-2025-SORGO-122x146.jpg 122w, https:\/\/panorama-agro.com\/wp-content\/uploads\/2025\/01\/CULTIVOS-GRAFICAS-2025-SORGO-42x50.jpg 42w, https:\/\/panorama-agro.com\/wp-content\/uploads\/2025\/01\/CULTIVOS-GRAFICAS-2025-SORGO-63x75.jpg 63w, https:\/\/panorama-agro.com\/wp-content\/uploads\/2025\/01\/CULTIVOS-GRAFICAS-2025-SORGO-700x837.jpg 700w\" sizes=\"(max-width:767px) 700px, (max-width:1096px) 100vw, 1096px\" \/><\/figure><\/div>\n\n\n<figure class=\"wp-block-table\"><table><tbody><tr><td>Rendimiento probable (Ton\/Ha): 7.50<\/td><td>Utilidad probable ($\/Ha): $1,017<\/td><\/tr><tr><td>Precio probable ($\/Ton): $3,904<\/td><td>Costo Unitario ($\/Ton): $3,768<\/td><\/tr><tr><td>Ingreso Probable ($\/Ha): $29,280<\/td><td>Punto de equilibrio (Ton\/Ha): 7.24<\/td><\/tr><\/tbody><\/table><\/figure>\n\n\n\n<ul>\n<li>Los costos de producci\u00f3n aqu\u00ed presentados aplican para el estado de Sinaloa, M\u00e9xico, y est\u00e1n expresados en Pesos Mexicanos.&nbsp;<em>Fuente: Sistema de Costos Agr\u00edcolas FIRA.\ufeff<\/em><\/li>\n<\/ul>\n\n\n<a href=\"https:\/\/panorama-agro.com\/wp-content\/uploads\/2025\/01\/Sorgo_GMF_Sinaloa_OI_2024_2025-1.pdf\" class=\"pdfemb-viewer\" style=\"\" data-width=\"max\" data-height=\"max\" data-mobile-width=\"500\"  data-scrollbar=\"none\" data-download=\"on\" data-tracking=\"on\" data-newwindow=\"on\" data-pagetextbox=\"off\" data-scrolltotop=\"off\" data-startzoom=\"100\" data-startfpzoom=\"100\" data-toolbar=\"bottom\" data-toolbar-fixed=\"off\">Sorgo_GMF_Sinaloa_OI_2024_2025-1<br\/><\/a>\n<p class=\"wp-block-pdfemb-pdf-embedder-viewer\"><\/p>\n","protected":false},"excerpt":{"rendered":"<p>Rendimiento probable (Ton\/Ha): 7.50 Utilidad probable ($\/Ha): $1,017 Precio probable ($\/Ton): $3,904 Costo Unitario ($\/Ton): $3,768 Ingreso Probable ($\/Ha): $29,280 Punto de equilibrio (Ton\/Ha): 7.24<\/p>\n","protected":false},"author":4,"featured_media":0,"parent":24,"menu_order":0,"comment_status":"open","ping_status":"closed","template":"","meta":{"ngg_post_thumbnail":0,"jetpack_post_was_ever_published":false,"footnotes":""},"categories":[11],"tags":[],"acf":[],"jetpack_sharing_enabled":true,"jetpack_shortlink":"https:\/\/wp.me\/P5Aau3-18L","_links":{"self":[{"href":"https:\/\/panorama-agro.com\/index.php?rest_route=\/wp\/v2\/pages\/4387"}],"collection":[{"href":"https:\/\/panorama-agro.com\/index.php?rest_route=\/wp\/v2\/pages"}],"about":[{"href":"https:\/\/panorama-agro.com\/index.php?rest_route=\/wp\/v2\/types\/page"}],"author":[{"embeddable":true,"href":"https:\/\/panorama-agro.com\/index.php?rest_route=\/wp\/v2\/users\/4"}],"replies":[{"embeddable":true,"href":"https:\/\/panorama-agro.com\/index.php?rest_route=%2Fwp%2Fv2%2Fcomments&post=4387"}],"version-history":[{"count":2,"href":"https:\/\/panorama-agro.com\/index.php?rest_route=\/wp\/v2\/pages\/4387\/revisions"}],"predecessor-version":[{"id":4417,"href":"https:\/\/panorama-agro.com\/index.php?rest_route=\/wp\/v2\/pages\/4387\/revisions\/4417"}],"up":[{"embeddable":true,"href":"https:\/\/panorama-agro.com\/index.php?rest_route=\/wp\/v2\/pages\/24"}],"wp:attachment":[{"href":"https:\/\/panorama-agro.com\/index.php?rest_route=%2Fwp%2Fv2%2Fmedia&parent=4387"}],"wp:term":[{"taxonomy":"category","embeddable":true,"href":"https:\/\/panorama-agro.com\/index.php?rest_route=%2Fwp%2Fv2%2Fcategories&post=4387"},{"taxonomy":"post_tag","embeddable":true,"href":"https:\/\/panorama-agro.com\/index.php?rest_route=%2Fwp%2Fv2%2Ftags&post=4387"}],"curies":[{"name":"wp","href":"https:\/\/api.w.org\/{rel}","templated":true}]}}