{"id":4427,"date":"2026-01-08T16:54:24","date_gmt":"2026-01-08T23:54:24","guid":{"rendered":"https:\/\/panorama-agro.com\/?page_id=4427"},"modified":"2026-01-12T10:52:34","modified_gmt":"2026-01-12T17:52:34","slug":"costos-de-produccion-2014-2015-2-2-2-2-2-2-2","status":"publish","type":"page","link":"https:\/\/panorama-agro.com\/?page_id=4427","title":{"rendered":"Costos de Producci\u00f3n 2025-2026 \/ Ma\u00edz"},"content":{"rendered":"<div class=\"wp-block-image\">\n<figure class=\"aligncenter size-full\"><img decoding=\"async\" loading=\"lazy\" width=\"1095\" height=\"1367\" src=\"https:\/\/panorama-agro.com\/wp-content\/uploads\/2026\/01\/CULTIVOS_GRAFICAS_2026_MAIZ.jpg\" alt=\"\" class=\"wp-image-4452\" srcset=\"https:\/\/panorama-agro.com\/wp-content\/uploads\/2026\/01\/CULTIVOS_GRAFICAS_2026_MAIZ.jpg 1095w, https:\/\/panorama-agro.com\/wp-content\/uploads\/2026\/01\/CULTIVOS_GRAFICAS_2026_MAIZ-360x450.jpg 360w, https:\/\/panorama-agro.com\/wp-content\/uploads\/2026\/01\/CULTIVOS_GRAFICAS_2026_MAIZ-768x959.jpg 768w, https:\/\/panorama-agro.com\/wp-content\/uploads\/2026\/01\/CULTIVOS_GRAFICAS_2026_MAIZ-117x146.jpg 117w, https:\/\/panorama-agro.com\/wp-content\/uploads\/2026\/01\/CULTIVOS_GRAFICAS_2026_MAIZ-40x50.jpg 40w, https:\/\/panorama-agro.com\/wp-content\/uploads\/2026\/01\/CULTIVOS_GRAFICAS_2026_MAIZ-60x75.jpg 60w, https:\/\/panorama-agro.com\/wp-content\/uploads\/2026\/01\/CULTIVOS_GRAFICAS_2026_MAIZ-700x874.jpg 700w\" sizes=\"(max-width:767px) 700px, (max-width:1095px) 100vw, 1095px\" \/><\/figure><\/div>\n\n\n<figure class=\"wp-block-table\"><table><tbody><tr><td>Rendimiento probable (Ton\/Ha): 12.00<\/td><td>Utilidad probable ($\/Ha): $14,083<\/td><\/tr><tr><td>Precio probable ($\/Ton): $5,582<\/td><td>Costo Unitario ($\/Ton): $4,418<\/td><\/tr><tr><td>Ingreso Probable ($\/Ha): $66,984<\/td><td>Punto de equilibrio (Ton\/Ha): 9.48<\/td><\/tr><\/tbody><\/table><\/figure>\n\n\n\n<ul>\n<li>Los costos de producci\u00f3n aqu\u00ed presentados aplican para el estado de Sinaloa, M\u00e9xico, y est\u00e1n expresados en Pesos Mexicanos. <em>Fuente: Sistema de Costos Agr\u00edcolas FIRA.<\/em><\/li>\n<\/ul>\n\n\n<a href=\"https:\/\/panorama-agro.com\/wp-content\/uploads\/2026\/01\/Maiz_GMF_Sinaloa_OI_2025_2026-5.pdf\" class=\"pdfemb-viewer\" style=\"\" data-width=\"max\" data-height=\"max\" data-mobile-width=\"500\"  data-scrollbar=\"none\" data-download=\"on\" data-tracking=\"on\" data-newwindow=\"on\" data-pagetextbox=\"off\" data-scrolltotop=\"off\" data-startzoom=\"100\" data-startfpzoom=\"100\" data-toolbar=\"bottom\" data-toolbar-fixed=\"off\">Maiz_GMF_Sinaloa_OI_2025_2026-5<br\/><\/a>\n<p class=\"wp-block-pdfemb-pdf-embedder-viewer\"><\/p>\n","protected":false},"excerpt":{"rendered":"<p>Rendimiento probable (Ton\/Ha): 12.00 Utilidad probable ($\/Ha): $14,083 Precio probable ($\/Ton): $5,582 Costo Unitario ($\/Ton): $4,418 Ingreso Probable ($\/Ha): $66,984 Punto de equilibrio (Ton\/Ha): 9.48<\/p>\n","protected":false},"author":4,"featured_media":0,"parent":15,"menu_order":0,"comment_status":"open","ping_status":"closed","template":"","meta":{"ngg_post_thumbnail":0,"jetpack_post_was_ever_published":true,"footnotes":""},"categories":[4],"tags":[],"acf":[],"jetpack_sharing_enabled":true,"jetpack_shortlink":"https:\/\/wp.me\/P5Aau3-19p","_links":{"self":[{"href":"https:\/\/panorama-agro.com\/index.php?rest_route=\/wp\/v2\/pages\/4427"}],"collection":[{"href":"https:\/\/panorama-agro.com\/index.php?rest_route=\/wp\/v2\/pages"}],"about":[{"href":"https:\/\/panorama-agro.com\/index.php?rest_route=\/wp\/v2\/types\/page"}],"author":[{"embeddable":true,"href":"https:\/\/panorama-agro.com\/index.php?rest_route=\/wp\/v2\/users\/4"}],"replies":[{"embeddable":true,"href":"https:\/\/panorama-agro.com\/index.php?rest_route=%2Fwp%2Fv2%2Fcomments&post=4427"}],"version-history":[{"count":3,"href":"https:\/\/panorama-agro.com\/index.php?rest_route=\/wp\/v2\/pages\/4427\/revisions"}],"predecessor-version":[{"id":4455,"href":"https:\/\/panorama-agro.com\/index.php?rest_route=\/wp\/v2\/pages\/4427\/revisions\/4455"}],"up":[{"embeddable":true,"href":"https:\/\/panorama-agro.com\/index.php?rest_route=\/wp\/v2\/pages\/15"}],"wp:attachment":[{"href":"https:\/\/panorama-agro.com\/index.php?rest_route=%2Fwp%2Fv2%2Fmedia&parent=4427"}],"wp:term":[{"taxonomy":"category","embeddable":true,"href":"https:\/\/panorama-agro.com\/index.php?rest_route=%2Fwp%2Fv2%2Fcategories&post=4427"},{"taxonomy":"post_tag","embeddable":true,"href":"https:\/\/panorama-agro.com\/index.php?rest_route=%2Fwp%2Fv2%2Ftags&post=4427"}],"curies":[{"name":"wp","href":"https:\/\/api.w.org\/{rel}","templated":true}]}}