{"id":4441,"date":"2026-01-12T11:25:06","date_gmt":"2026-01-12T18:25:06","guid":{"rendered":"https:\/\/panorama-agro.com\/?page_id=4441"},"modified":"2026-01-12T11:27:44","modified_gmt":"2026-01-12T18:27:44","slug":"costos-de-produccion-2014-2015-2-2-2-2-2-2-2","status":"publish","type":"page","link":"https:\/\/panorama-agro.com\/?page_id=4441","title":{"rendered":"Costos de producci\u00f3n 2024 \/ Ajonjol\u00ed"},"content":{"rendered":"<div class=\"wp-block-image\">\n<figure class=\"aligncenter size-full is-resized\"><img decoding=\"async\" loading=\"lazy\" width=\"1096\" height=\"1369\" src=\"https:\/\/panorama-agro.com\/wp-content\/uploads\/2026\/01\/CULTIVOS_GRAFICAS_2026_AJONJOLI-1.jpg\" alt=\"\" class=\"wp-image-4472\" style=\"width:600px\" srcset=\"https:\/\/panorama-agro.com\/wp-content\/uploads\/2026\/01\/CULTIVOS_GRAFICAS_2026_AJONJOLI-1.jpg 1096w, https:\/\/panorama-agro.com\/wp-content\/uploads\/2026\/01\/CULTIVOS_GRAFICAS_2026_AJONJOLI-1-360x450.jpg 360w, https:\/\/panorama-agro.com\/wp-content\/uploads\/2026\/01\/CULTIVOS_GRAFICAS_2026_AJONJOLI-1-768x959.jpg 768w, https:\/\/panorama-agro.com\/wp-content\/uploads\/2026\/01\/CULTIVOS_GRAFICAS_2026_AJONJOLI-1-117x146.jpg 117w, https:\/\/panorama-agro.com\/wp-content\/uploads\/2026\/01\/CULTIVOS_GRAFICAS_2026_AJONJOLI-1-40x50.jpg 40w, https:\/\/panorama-agro.com\/wp-content\/uploads\/2026\/01\/CULTIVOS_GRAFICAS_2026_AJONJOLI-1-60x75.jpg 60w, https:\/\/panorama-agro.com\/wp-content\/uploads\/2026\/01\/CULTIVOS_GRAFICAS_2026_AJONJOLI-1-700x874.jpg 700w\" sizes=\"(max-width:767px) 700px, (max-width:1096px) 100vw, 1096px\" \/><\/figure><\/div>\n\n\n<figure class=\"wp-block-table\"><table><tbody><tr><td>Rendimiento probable (Ton\/Ha): 0.98<\/td><td>Utilidad probable ($\/Ha): $3,493<\/td><\/tr><tr><td>Precio probable ($\/Ton): $22,000<\/td><td>Costo Unitario ($\/Ton): $18,436<\/td><\/tr><tr><td>Ingreso Probable ($\/Ha): $21,560<\/td><td>Punto de equilibrio (Ton\/Ha): 0.82<\/td><\/tr><\/tbody><\/table><\/figure>\n\n\n\n<ul>\n<li>Los costos de producci\u00f3n aqu\u00ed presentados aplican para el estado de Sinaloa, M\u00e9xico, y est\u00e1n expresados en Pesos Mexicanos.&nbsp;<em>Fuente: Sistema de Costos Agr\u00edcolas FIRA.\ufeff<\/em><\/li>\n<\/ul>\n\n\n<a href=\"https:\/\/panorama-agro.com\/wp-content\/uploads\/2026\/01\/Ajonjoli_GMF_Sinaloa_PV_2024.pdf\" class=\"pdfemb-viewer\" style=\"\" data-width=\"max\" data-height=\"max\" data-mobile-width=\"500\"  data-scrollbar=\"none\" data-download=\"on\" data-tracking=\"on\" data-newwindow=\"on\" data-pagetextbox=\"off\" data-scrolltotop=\"off\" data-startzoom=\"100\" data-startfpzoom=\"100\" data-toolbar=\"bottom\" data-toolbar-fixed=\"off\">Ajonjoli_GMF_Sinaloa_PV_2024<br\/><\/a>\n<p class=\"wp-block-pdfemb-pdf-embedder-viewer\"><\/p>\n","protected":false},"excerpt":{"rendered":"<p>Rendimiento probable (Ton\/Ha): 0.98 Utilidad probable ($\/Ha): $3,493 Precio probable ($\/Ton): $22,000 Costo Unitario ($\/Ton): $18,436 Ingreso Probable ($\/Ha): $21,560 Punto de equilibrio (Ton\/Ha): 0.82<\/p>\n","protected":false},"author":4,"featured_media":0,"parent":3744,"menu_order":0,"comment_status":"open","ping_status":"closed","template":"","meta":{"ngg_post_thumbnail":0,"jetpack_post_was_ever_published":false,"footnotes":""},"categories":[123],"tags":[],"acf":[],"jetpack_sharing_enabled":true,"jetpack_shortlink":"https:\/\/wp.me\/P5Aau3-19D","_links":{"self":[{"href":"https:\/\/panorama-agro.com\/index.php?rest_route=\/wp\/v2\/pages\/4441"}],"collection":[{"href":"https:\/\/panorama-agro.com\/index.php?rest_route=\/wp\/v2\/pages"}],"about":[{"href":"https:\/\/panorama-agro.com\/index.php?rest_route=\/wp\/v2\/types\/page"}],"author":[{"embeddable":true,"href":"https:\/\/panorama-agro.com\/index.php?rest_route=\/wp\/v2\/users\/4"}],"replies":[{"embeddable":true,"href":"https:\/\/panorama-agro.com\/index.php?rest_route=%2Fwp%2Fv2%2Fcomments&post=4441"}],"version-history":[{"count":3,"href":"https:\/\/panorama-agro.com\/index.php?rest_route=\/wp\/v2\/pages\/4441\/revisions"}],"predecessor-version":[{"id":4475,"href":"https:\/\/panorama-agro.com\/index.php?rest_route=\/wp\/v2\/pages\/4441\/revisions\/4475"}],"up":[{"embeddable":true,"href":"https:\/\/panorama-agro.com\/index.php?rest_route=\/wp\/v2\/pages\/3744"}],"wp:attachment":[{"href":"https:\/\/panorama-agro.com\/index.php?rest_route=%2Fwp%2Fv2%2Fmedia&parent=4441"}],"wp:term":[{"taxonomy":"category","embeddable":true,"href":"https:\/\/panorama-agro.com\/index.php?rest_route=%2Fwp%2Fv2%2Fcategories&post=4441"},{"taxonomy":"post_tag","embeddable":true,"href":"https:\/\/panorama-agro.com\/index.php?rest_route=%2Fwp%2Fv2%2Ftags&post=4441"}],"curies":[{"name":"wp","href":"https:\/\/api.w.org\/{rel}","templated":true}]}}