{"id":74,"date":"2015-01-12T23:18:28","date_gmt":"2015-01-12T23:18:28","guid":{"rendered":"http:\/\/bancoinfo.panorama-agro.com\/?page_id=74"},"modified":"2018-01-23T11:53:08","modified_gmt":"2018-01-23T18:53:08","slug":"informacion-adicional","status":"publish","type":"page","link":"https:\/\/panorama-agro.com\/?page_id=74","title":{"rendered":"Informaci\u00f3n adicional"},"content":{"rendered":"<p>A continuaci\u00f3n se muestra la informaci\u00f3n adicional disponible:<\/p>\n<ul>\n<li><a href=\"https:\/\/panorama-agro.com\/?page_id=2698\">L\u00edmites m\u00e1ximos de residuos de plaguicidas<\/a><\/li>\n<\/ul>\n","protected":false},"excerpt":{"rendered":"<p>A continuaci\u00f3n se muestra la informaci\u00f3n adicional disponible: L\u00edmites m\u00e1ximos de residuos de plaguicidas<\/p>\n","protected":false},"author":4,"featured_media":2176,"parent":0,"menu_order":0,"comment_status":"open","ping_status":"open","template":"","meta":{"ngg_post_thumbnail":0,"jetpack_post_was_ever_published":false,"footnotes":""},"categories":[],"tags":[],"acf":[],"jetpack_sharing_enabled":true,"jetpack_shortlink":"https:\/\/wp.me\/P5Aau3-1c","_links":{"self":[{"href":"https:\/\/panorama-agro.com\/index.php?rest_route=\/wp\/v2\/pages\/74"}],"collection":[{"href":"https:\/\/panorama-agro.com\/index.php?rest_route=\/wp\/v2\/pages"}],"about":[{"href":"https:\/\/panorama-agro.com\/index.php?rest_route=\/wp\/v2\/types\/page"}],"author":[{"embeddable":true,"href":"https:\/\/panorama-agro.com\/index.php?rest_route=\/wp\/v2\/users\/4"}],"replies":[{"embeddable":true,"href":"https:\/\/panorama-agro.com\/index.php?rest_route=%2Fwp%2Fv2%2Fcomments&post=74"}],"version-history":[{"count":3,"href":"https:\/\/panorama-agro.com\/index.php?rest_route=\/wp\/v2\/pages\/74\/revisions"}],"predecessor-version":[{"id":2702,"href":"https:\/\/panorama-agro.com\/index.php?rest_route=\/wp\/v2\/pages\/74\/revisions\/2702"}],"wp:featuredmedia":[{"embeddable":true,"href":"https:\/\/panorama-agro.com\/index.php?rest_route=\/wp\/v2\/media\/2176"}],"wp:attachment":[{"href":"https:\/\/panorama-agro.com\/index.php?rest_route=%2Fwp%2Fv2%2Fmedia&parent=74"}],"wp:term":[{"taxonomy":"category","embeddable":true,"href":"https:\/\/panorama-agro.com\/index.php?rest_route=%2Fwp%2Fv2%2Fcategories&post=74"},{"taxonomy":"post_tag","embeddable":true,"href":"https:\/\/panorama-agro.com\/index.php?rest_route=%2Fwp%2Fv2%2Ftags&post=74"}],"curies":[{"name":"wp","href":"https:\/\/api.w.org\/{rel}","templated":true}]}}