{"id":868,"date":"2015-02-25T11:25:11","date_gmt":"2015-02-25T18:25:11","guid":{"rendered":"http:\/\/bancoinfo.panorama-agro.com\/?page_id=868"},"modified":"2018-11-27T16:55:04","modified_gmt":"2018-11-27T23:55:04","slug":"trigo","status":"publish","type":"page","link":"https:\/\/panorama-agro.com\/?page_id=868","title":{"rendered":"Trigo"},"content":{"rendered":"<p>Despu\u00e9s de ma\u00edz y frijol, el cultivo del trigo se ha mantenido como una opci\u00f3n de siembra relativamente segura en el norte de Sinaloa para el ciclo oto\u00f1o-invierno, donde las condiciones de clima son m\u00e1s favorables. Su manejo agron\u00f3mico, hasta cierto grado f\u00e1cil, as\u00ed como su tolerancia a la salinidad, le han permitido ocupar un lugar preferencial en zonas productivas donde sembrar otros granos resulta dif\u00edcil, como el Valle del Carrizo, donde durante los \u00faltimos a\u00f1os se han establecido las mayores superficies.<\/p>\n<p>Durante el ciclo reciente, en Sinaloa se sembraron 41 mil 676 hect\u00e1reas de trigo, de donde se obtuvo una cosecha de 241 mil 523 toneladas, para un rendimiento medio de 5.790 toneladas por hect\u00e1rea, posicionando a la entidad como la cuarta m\u00e1s productora, despu\u00e9s de Guanajuato, Sonora y Michoac\u00e1n.<\/p>\n<p>Del total de la superficie sembrada a nivel nacional, Sinaloa participa con el 8.9% y aporta el 8.6% de la cosecha total del pa\u00eds.<\/p>\n<p>Cada temporada es diferente en rendimiento, el cual es fuertemente influido por la cantidad de horas fr\u00edo que se presenten en las etapas de desarrollo inicial del trigo.<\/p>\n<p>Se puede mejorar su rentabilidad reduciendo labores de labranza y la dosis de fertilizaci\u00f3n nitrogenada, la cual es por lo general hasta 50% mayor de la que requiere el cultivo. Otro componente es la dosis de semilla, se puede reducir a 80 kg\/ha.<\/p>\n<p>Para obtener un mejor rendimiento, es necesario ajustarse a la fecha \u00f3ptima de siembra para reducir los riesgos de presencia de enfermedades y evitar la aplicaci\u00f3n de fungicidas para su control, ya que el problema fitosanitario principal sigue siendo roya de la hoja y el pulg\u00f3n.<\/p>\n<p>&nbsp;<\/p>\n<h3 class=\"ContentText\" style=\"text-align: center;\">Informaci\u00f3n disponible<\/h3>\n<p>A continuaci\u00f3n le presentamos la informaci\u00f3n t\u00e9cnica disponible para este cultivo:<\/p>\n<ul>\n<li><a title=\"Trigo \u2013 Gu\u00eda de manejo\" href=\"\/?page_id=872\">Gu\u00eda de manejo del cultivo<\/a><\/li>\n<li><a title=\"Costos de Producci\u00f3n 2014-2015\" href=\"\/?page_id=894\">Costos de Producci\u00f3n (2018-2019)<\/a><\/li>\n<li><a href=\"\/?cat=19\">Informaci\u00f3n publicada en la revista Panorama AGROPECUARIO<\/a><\/li>\n<\/ul>\n<p>Nuestro archivo fotogr\u00e1fico consta de:<\/p>\n<ul>\n<li><a href=\"\/?cat=75\">Fotograf\u00edas de plagas<\/a><\/li>\n<li><a href=\"\/?cat=74\">Fotograf\u00edas de enfermedades<\/a><\/li>\n<\/ul>\n","protected":false},"excerpt":{"rendered":"<p>Despu\u00e9s de ma\u00edz y frijol, el cultivo del trigo se ha mantenido como una opci\u00f3n de siembra relativamente segura en el norte de Sinaloa para el<span class=\"excerpt-hellip\"> [\u2026]<\/span><\/p>\n","protected":false},"author":4,"featured_media":2076,"parent":13,"menu_order":0,"comment_status":"open","ping_status":"open","template":"","meta":{"ngg_post_thumbnail":0,"jetpack_post_was_ever_published":false,"footnotes":""},"categories":[99,13],"tags":[],"acf":[],"jetpack_sharing_enabled":true,"jetpack_shortlink":"https:\/\/wp.me\/P5Aau3-e0","_links":{"self":[{"href":"https:\/\/panorama-agro.com\/index.php?rest_route=\/wp\/v2\/pages\/868"}],"collection":[{"href":"https:\/\/panorama-agro.com\/index.php?rest_route=\/wp\/v2\/pages"}],"about":[{"href":"https:\/\/panorama-agro.com\/index.php?rest_route=\/wp\/v2\/types\/page"}],"author":[{"embeddable":true,"href":"https:\/\/panorama-agro.com\/index.php?rest_route=\/wp\/v2\/users\/4"}],"replies":[{"embeddable":true,"href":"https:\/\/panorama-agro.com\/index.php?rest_route=%2Fwp%2Fv2%2Fcomments&post=868"}],"version-history":[{"count":10,"href":"https:\/\/panorama-agro.com\/index.php?rest_route=\/wp\/v2\/pages\/868\/revisions"}],"predecessor-version":[{"id":3339,"href":"https:\/\/panorama-agro.com\/index.php?rest_route=\/wp\/v2\/pages\/868\/revisions\/3339"}],"up":[{"embeddable":true,"href":"https:\/\/panorama-agro.com\/index.php?rest_route=\/wp\/v2\/pages\/13"}],"wp:featuredmedia":[{"embeddable":true,"href":"https:\/\/panorama-agro.com\/index.php?rest_route=\/wp\/v2\/media\/2076"}],"wp:attachment":[{"href":"https:\/\/panorama-agro.com\/index.php?rest_route=%2Fwp%2Fv2%2Fmedia&parent=868"}],"wp:term":[{"taxonomy":"category","embeddable":true,"href":"https:\/\/panorama-agro.com\/index.php?rest_route=%2Fwp%2Fv2%2Fcategories&post=868"},{"taxonomy":"post_tag","embeddable":true,"href":"https:\/\/panorama-agro.com\/index.php?rest_route=%2Fwp%2Fv2%2Ftags&post=868"}],"curies":[{"name":"wp","href":"https:\/\/api.w.org\/{rel}","templated":true}]}}